{"id":15294,"date":"2023-10-25T07:44:15","date_gmt":"2023-10-25T07:44:15","guid":{"rendered":"https:\/\/nabilamerniz.com\/pain\/migraine-and-headaches\/"},"modified":"2025-03-10T15:45:47","modified_gmt":"2025-03-10T15:45:47","slug":"migraine-and-headaches","status":"publish","type":"page","link":"https:\/\/nabilamerniz.com\/en\/pain\/migraine-and-headaches\/","title":{"rendered":"Migraine and headaches"},"content":{"rendered":"\t\t<div data-elementor-type=\"wp-page\" data-elementor-id=\"15294\" class=\"elementor elementor-15294 elementor-3816\" data-elementor-post-type=\"page\">\n\t\t\t\t<div class=\"elementor-element elementor-element-1532357 e-con-full e-flex e-con e-parent\" data-id=\"1532357\" data-element_type=\"container\">\n\t\t<div class=\"elementor-element elementor-element-b8d61b9 e-con-full e-flex e-con e-child\" data-id=\"b8d61b9\" data-element_type=\"container\" data-settings=\"{&quot;background_background&quot;:&quot;classic&quot;}\">\n\t\t\t\t<div class=\"elementor-element elementor-element-c3e649e elementor-widget elementor-widget-fidalgo_core_info_section\" data-id=\"c3e649e\" data-element_type=\"widget\" data-widget_type=\"fidalgo_core_info_section.default\">\n\t\t\t\t<div class=\"elementor-widget-container\">\n\t\t\t\t\t<div class=\"qodef-shortcode qodef-m  qodef-info-section qodef-layout--background-text  qodef-background-text-pos--top-left \">\n    <div class=\"qodef-m-info\">\n        <div class=\"qodef-m-title-holder\">\n                        \t<h1 class=\"qodef-m-title\" >\n\t\tmigraines &amp; headaches\t<\/h1>\n        <\/div>\n        <div class=\"qodef-m-text-holder\" style=\"margin-top: 10px\">\n            <div class=\"qodef-m-text-info\">\n        <div class=\"qodef-m-text\" ><h6 style=\"text-align: center\">\u00c0 LA CARTE MENU<\/h6><\/div>\n    <\/div>\n        <\/div>\n\t\t\t<\/div>\n<\/div>\t\t\t\t<\/div>\n\t\t\t\t<\/div>\n\t\t\t\t<\/div>\n\t\t\t\t<\/div>\n\t\t<div class=\"elementor-element elementor-element-a6e207a e-con-full qodef-elementor-content-grid e-flex e-con e-parent\" data-id=\"a6e207a\" data-element_type=\"container\">\n\t\t<div class=\"elementor-element elementor-element-ec09a62 e-con-full e-flex e-con e-child\" data-id=\"ec09a62\" data-element_type=\"container\">\n\t\t\t\t<div class=\"elementor-element elementor-element-01eba16 elementor-widget__width-initial elementor-widget elementor-widget-fidalgo_core_section_title\" data-id=\"01eba16\" data-element_type=\"widget\" data-widget_type=\"fidalgo_core_section_title.default\">\n\t\t\t\t<div class=\"elementor-widget-container\">\n\t\t\t\t\t<div class=\"qodef-shortcode qodef-m  qodef-section-title qodef-alignment--left  qodef-decoration--enabled\">\n\t\t<h3 class=\"qodef-m-title\" >\n\t\t\t\t\tHead and neck pain\t\t\t<\/h3>\n\t\t<\/div>\n\t\t\t\t<\/div>\n\t\t\t\t<\/div>\n\t\t\t\t<div class=\"elementor-element elementor-element-41cab5f elementor-widget__width-initial elementor-widget elementor-widget-fidalgo_core_restaurant_menu_list\" data-id=\"41cab5f\" data-element_type=\"widget\" data-widget_type=\"fidalgo_core_restaurant_menu_list.default\">\n\t\t\t\t<div class=\"elementor-widget-container\">\n\t\t\t\t\t<div class=\"qodef-shortcode qodef-m  qodef-restaurant-menu-list qodef-restaurant-menu-list--outline   qodef-skin--none qodef-grid qodef-layout--columns   qodef-vertical-gutter--custom qodef-col-num--1 qodef-item-layout--side-by-side   qodef-responsive--custom qodef-col-num--1512--1 qodef-col-num--1368--1 qodef-col-num--1200--1 qodef-col-num--1024--1 qodef-col-num--880--1 qodef-col-num--680--1 qodef-swiper--show-pagination\" style=\"--qode-vertical-gutter-custom: 15px;--qode-vertical-gutter-custom-1512: 15px;--qode-vertical-gutter-custom-1200: 15px;--qode-vertical-gutter-custom-880: 15px\">\n\t<div class=\"qodef-grid-inner\">\n\t\t<div class=\"qodef-e qodef-grid-item \">\n\t<div class=\"qodef-e-inner\">\n\t\t\t\t<div class=\"qodef-e-content\">\n\t\t\t<div class=\"qodef-e-heading\">\n\t\t\t\t<h5 class=\"qodef-e-title\" >\n\u25ba <a href=\"https:\/\/nabilamerniz.com\/douleurs\/migraine-trouble-neurologique-complexe\/\">Migraine chronique<\/a><\/h5>\n\t\t\t<\/div>\n\t\t\t\t<p class=\"qodef-e-description\">\n\t\tLa migraine chronique est une affection neurologique se manifestant par des maux de t\u00eate fr\u00e9quents, parfois quotidiens, accompagn\u00e9s de sympt\u00f4mes comme naus\u00e9es, fatigue et sensibilit\u00e9 \u00e0 la lumi\u00e8re. \t<\/p>\n\t\t<\/div>\n\t<\/div>\n<\/div>\n<div class=\"qodef-e qodef-grid-item \">\n\t<div class=\"qodef-e-inner\">\n\t\t\t\t<div class=\"qodef-e-content\">\n\t\t\t<div class=\"qodef-e-heading\">\n\t\t\t\t<h5 class=\"qodef-e-title\" >\n\u25ba <a href=\"https:\/\/nabilamerniz.com\/douleurs\/migraine-trouble-neurologique-complexe\/\">C\u00e9phal\u00e9e de tension<\/a><\/h5>\n\t\t\t<\/div>\n\t\t\t\t<p class=\"qodef-e-description\">\n\t\tLa c\u00e9phal\u00e9e de tension est le type de mal de t\u00eate le plus courant, souvent li\u00e9 au stress, \u00e0 la fatigue ou \u00e0 une mauvaise posture. Elle se manifeste par une sensation de pression autour du cr\u00e2ne.\t<\/p>\n\t\t<\/div>\n\t<\/div>\n<\/div>\n<div class=\"qodef-e qodef-grid-item \">\n\t<div class=\"qodef-e-inner\">\n\t\t\t\t<div class=\"qodef-e-content\">\n\t\t\t<div class=\"qodef-e-heading\">\n\t\t\t\t<h5 class=\"qodef-e-title\" >\n\u25ba <a href=\"https:\/\/nabilamerniz.com\/douleurs\/migraine-trouble-neurologique-complexe\/\">C\u00e9phal\u00e9e cervicog\u00e9nique<\/a><\/h5>\n\t\t\t<\/div>\n\t\t\t\t<p class=\"qodef-e-description\">\n\t\tLa c\u00e9phal\u00e9e cervicog\u00e9nique est un mal de t\u00eate caus\u00e9 par un dysfonctionnement des cervicales, souvent li\u00e9 \u00e0 une mauvaise posture ou une tension musculaire. Cette douleur part du cou et irradie vers la t\u00eate.\t<\/p>\n\t\t<\/div>\n\t<\/div>\n<\/div>\n\t<\/div>\n<\/div>\n\t\t\t\t<\/div>\n\t\t\t\t<\/div>\n\t\t\t\t<\/div>\n\t\t<div class=\"elementor-element elementor-element-487b2ac e-con-full e-flex e-con e-child\" data-id=\"487b2ac\" data-element_type=\"container\">\n\t\t\t\t<div class=\"elementor-element elementor-element-95b44ad elementor-widget__width-initial elementor-widget elementor-widget-fidalgo_core_single_image\" data-id=\"95b44ad\" data-element_type=\"widget\" data-widget_type=\"fidalgo_core_single_image.default\">\n\t\t\t\t<div class=\"elementor-widget-container\">\n\t\t\t\t\t<div class=\"qodef-shortcode qodef-m  qodef-single-image qodef-layout--default   qodef--border-radius   qodef--has-appear\" style=\"--qode-border-radius: 250px 250px 0px 0px\">\n\t\t\t<div class=\"qodef-m-image\">\n\t\t\t\t\t\t\t\t<img fetchpriority=\"high\" decoding=\"async\" width=\"900\" height=\"1352\" src=\"https:\/\/nabilamerniz.com\/wp-content\/uploads\/2025\/02\/migraine_2.webp\" class=\"attachment-full size-full\" alt=\"\" srcset=\"https:\/\/nabilamerniz.com\/wp-content\/uploads\/2025\/02\/migraine_2.webp 900w, https:\/\/nabilamerniz.com\/wp-content\/uploads\/2025\/02\/migraine_2-200x300.webp 200w, https:\/\/nabilamerniz.com\/wp-content\/uploads\/2025\/02\/migraine_2-682x1024.webp 682w, https:\/\/nabilamerniz.com\/wp-content\/uploads\/2025\/02\/migraine_2-768x1154.webp 768w\" sizes=\"(max-width: 900px) 100vw, 900px\" \/>\t\t\t\t\t\t\t<\/div>\n\t\t\t\t\t<\/div>\n\t\t\t\t<\/div>\n\t\t\t\t<\/div>\n\t\t\t\t<\/div>\n\t\t\t\t<\/div>\n\t\t<div class=\"elementor-element elementor-element-f395211 e-con-full e-flex e-con e-parent\" data-id=\"f395211\" data-element_type=\"container\" data-settings=\"{&quot;background_background&quot;:&quot;classic&quot;}\">\n\t\t\t\t<div class=\"elementor-element elementor-element-749895f elementor-widget__width-inherit elementor-widget elementor-widget-fidalgo_core_section_title\" data-id=\"749895f\" data-element_type=\"widget\" data-widget_type=\"fidalgo_core_section_title.default\">\n\t\t\t\t<div class=\"elementor-widget-container\">\n\t\t\t\t\t<div class=\"qodef-shortcode qodef-m  qodef-section-title qodef-alignment--center  \">\n\t\t<h2 class=\"qodef-m-title\" >\n\t\t\t\t\tmake an appointment\t\t\t<\/h2>\n\t\t<\/div>\n\t\t\t\t<\/div>\n\t\t\t\t<\/div>\n\t\t\t\t<div class=\"elementor-element elementor-element-139608c elementor-cta--skin-classic elementor-animated-content elementor-bg-transform elementor-bg-transform-zoom-in elementor-widget elementor-widget-call-to-action\" data-id=\"139608c\" data-element_type=\"widget\" data-widget_type=\"call-to-action.default\">\n\t\t\t\t<div class=\"elementor-widget-container\">\n\t\t\t\t\t\t\t<div class=\"elementor-cta\">\n\t\t\t\t\t<div class=\"elementor-cta__bg-wrapper\">\n\t\t\t\t<div class=\"elementor-cta__bg elementor-bg\" style=\"background-image: url(https:\/\/nabilamerniz.com\/wp-content\/uploads\/2024\/12\/dr_nabila_experte_debut-1024x703.webp);\" role=\"img\" aria-label=\"dr_nabila_experte_debut\"><\/div>\n\t\t\t\t<div class=\"elementor-cta__bg-overlay\"><\/div>\n\t\t\t<\/div>\n\t\t\t\t\t\t\t<div class=\"elementor-cta__content\">\n\t\t\t\t\n\t\t\t\t\t\t\t\t\t<h2 class=\"elementor-cta__title elementor-cta__content-item elementor-content-item\">\n\t\t\t\t\t\tBook on Doctolib\t\t\t\t\t<\/h2>\n\t\t\t\t\n\t\t\t\t\t\t\t\t\t<div class=\"elementor-cta__description elementor-cta__content-item elementor-content-item\">\n\t\t\t\t\t\tBook the exact day and time of your appointment\t\t\t\t\t<\/div>\n\t\t\t\t\n\t\t\t\t\t\t\t\t\t<div class=\"elementor-cta__button-wrapper elementor-cta__content-item elementor-content-item \">\n\t\t\t\t\t<a class=\"elementor-cta__button elementor-button elementor-size-\" href=\"https:\/\/www.doctolib.fr\/medecin-de-la-douleur\/paris\/nabila-merniz\/booking\/places?specialityId=15&#038;telehealth=false&#038;profile_skipped=true&#038;bookingFunnelSource=external_referral\" target=\"_blank\">\n\t\t\t\t\t\tMy Appointment\t\t\t\t\t<\/a>\n\t\t\t\t\t<\/div>\n\t\t\t\t\t\t\t<\/div>\n\t\t\t\t\t\t<\/div>\n\t\t\t\t\t\t<\/div>\n\t\t\t\t<\/div>\n\t\t\t\t<div class=\"elementor-element elementor-element-749465f elementor-widget elementor-widget-spacer\" data-id=\"749465f\" data-element_type=\"widget\" data-widget_type=\"spacer.default\">\n\t\t\t\t<div class=\"elementor-widget-container\">\n\t\t\t\t\t\t\t<div class=\"elementor-spacer\">\n\t\t\t<div class=\"elementor-spacer-inner\"><\/div>\n\t\t<\/div>\n\t\t\t\t\t\t<\/div>\n\t\t\t\t<\/div>\n\t\t\t\t<\/div>\n\t\t\t\t<\/div>\n\t\t","protected":false},"excerpt":{"rendered":"<p>migraines &amp; headaches \u00c0 LA CARTE MENU Head and neck pain \u25ba Migraine chronique La migraine chronique est une affection neurologique se manifestant par des maux de t\u00eate fr\u00e9quents, parfois quotidiens, accompagn\u00e9s de sympt\u00f4mes comme naus\u00e9es, fatigue et sensibilit\u00e9 \u00e0 la lumi\u00e8re. \u25ba C\u00e9phal\u00e9e de tension La c\u00e9phal\u00e9e de tension est le type de mal [&hellip;]<\/p>\n","protected":false},"author":2,"featured_media":15397,"parent":15282,"menu_order":0,"comment_status":"closed","ping_status":"closed","template":"page-full-width.php","meta":{"footnotes":""},"class_list":["post-15294","page","type-page","status-publish","has-post-thumbnail","hentry"],"_links":{"self":[{"href":"https:\/\/nabilamerniz.com\/en\/wp-json\/wp\/v2\/pages\/15294","targetHints":{"allow":["GET"]}}],"collection":[{"href":"https:\/\/nabilamerniz.com\/en\/wp-json\/wp\/v2\/pages"}],"about":[{"href":"https:\/\/nabilamerniz.com\/en\/wp-json\/wp\/v2\/types\/page"}],"author":[{"embeddable":true,"href":"https:\/\/nabilamerniz.com\/en\/wp-json\/wp\/v2\/users\/2"}],"replies":[{"embeddable":true,"href":"https:\/\/nabilamerniz.com\/en\/wp-json\/wp\/v2\/comments?post=15294"}],"version-history":[{"count":1,"href":"https:\/\/nabilamerniz.com\/en\/wp-json\/wp\/v2\/pages\/15294\/revisions"}],"predecessor-version":[{"id":15295,"href":"https:\/\/nabilamerniz.com\/en\/wp-json\/wp\/v2\/pages\/15294\/revisions\/15295"}],"up":[{"embeddable":true,"href":"https:\/\/nabilamerniz.com\/en\/wp-json\/wp\/v2\/pages\/15282"}],"wp:featuredmedia":[{"embeddable":true,"href":"https:\/\/nabilamerniz.com\/en\/wp-json\/wp\/v2\/media\/15397"}],"wp:attachment":[{"href":"https:\/\/nabilamerniz.com\/en\/wp-json\/wp\/v2\/media?parent=15294"}],"curies":[{"name":"wp","href":"https:\/\/api.w.org\/{rel}","templated":true}]}}