{"id":15314,"date":"2023-10-30T15:42:14","date_gmt":"2023-10-30T15:42:14","guid":{"rendered":"https:\/\/nabilamerniz.com\/latest-publications\/"},"modified":"2025-03-10T15:45:54","modified_gmt":"2025-03-10T15:45:54","slug":"latest-publications","status":"publish","type":"page","link":"https:\/\/nabilamerniz.com\/en\/latest-publications\/","title":{"rendered":"Latest publications"},"content":{"rendered":"\t\t<div data-elementor-type=\"wp-page\" data-elementor-id=\"15314\" class=\"elementor elementor-15314 elementor-4493\" data-elementor-post-type=\"page\">\n\t\t\t\t<div class=\"elementor-element elementor-element-4a2ef6c e-con-full e-flex e-con e-parent\" data-id=\"4a2ef6c\" data-element_type=\"container\">\n\t\t\t\t<div class=\"elementor-element elementor-element-935a6d2 elementor-widget elementor-widget-fidalgo_core_blog_list\" data-id=\"935a6d2\" data-element_type=\"widget\" data-widget_type=\"fidalgo_core_blog_list.default\">\n\t\t\t\t<div class=\"elementor-widget-container\">\n\t\t\t\t\t<div class=\"qodef-shortcode qodef-m  qodef-blog qodef--list qodef-item-layout--standard  qodef-grid qodef-layout--columns   qodef-vertical-gutter--custom qodef-col-num--1 qodef-item-layout--standard   qodef-pagination--on qodef-pagination-type--standard qodef-responsive--custom qodef-col-num--1512--1 qodef-col-num--1368--1 qodef-col-num--1200--1 qodef-col-num--1024--1 qodef-col-num--880--1 qodef-col-num--680--1 qodef-swiper--show-pagination\" style=\"--qode-vertical-gutter-custom: 100px;--qode-vertical-gutter-custom-1512: 100px;--qode-vertical-gutter-custom-1200: 80px;--qode-vertical-gutter-custom-880: 80px\" data-options=\"{&quot;plugin&quot;:&quot;fidalgo_core&quot;,&quot;module&quot;:&quot;blog\\\/shortcodes&quot;,&quot;shortcode&quot;:&quot;blog-list&quot;,&quot;post_type&quot;:&quot;post&quot;,&quot;next_page&quot;:&quot;2&quot;,&quot;max_pages_num&quot;:4,&quot;behavior&quot;:&quot;columns&quot;,&quot;images_proportion&quot;:&quot;full&quot;,&quot;columns&quot;:&quot;1&quot;,&quot;columns_responsive&quot;:&quot;custom&quot;,&quot;columns_1512&quot;:&quot;1&quot;,&quot;columns_1368&quot;:&quot;1&quot;,&quot;columns_1200&quot;:&quot;1&quot;,&quot;columns_1024&quot;:&quot;1&quot;,&quot;columns_880&quot;:&quot;1&quot;,&quot;columns_680&quot;:&quot;1&quot;,&quot;vertical_space&quot;:&quot;custom&quot;,&quot;vertical_space_custom&quot;:&quot;100px&quot;,&quot;vertical_space_custom_1512&quot;:&quot;100px&quot;,&quot;vertical_space_custom_1200&quot;:&quot;80px&quot;,&quot;vertical_space_custom_880&quot;:&quot;80px&quot;,&quot;slider_navigation_hide&quot;:&quot;none&quot;,&quot;slider_pagination_hide&quot;:&quot;none&quot;,&quot;posts_per_page&quot;:&quot;5&quot;,&quot;orderby&quot;:&quot;date&quot;,&quot;order&quot;:&quot;DESC&quot;,&quot;layout&quot;:&quot;standard&quot;,&quot;title_tag&quot;:&quot;h2&quot;,&quot;excerpt_length&quot;:&quot;500&quot;,&quot;pagination_type&quot;:&quot;standard&quot;,&quot;pagination_top_margin&quot;:&quot;margin-top: 100px&quot;,&quot;object_class_name&quot;:&quot;FidalgoCore_Blog_List_Shortcode&quot;,&quot;taxonomy_filter&quot;:&quot;category&quot;,&quot;additional_query_args&quot;:[],&quot;holder_styles&quot;:{&quot;vertical_custom&quot;:&quot;--qode-vertical-gutter-custom: 100px&quot;,&quot;vertical_custom_1512&quot;:&quot;--qode-vertical-gutter-custom-1512: 100px&quot;,&quot;vertical_custom_1200&quot;:&quot;--qode-vertical-gutter-custom-1200: 80px&quot;,&quot;vertical_custom_880&quot;:&quot;--qode-vertical-gutter-custom-880: 80px&quot;}}\">\n\t\t<div class=\"qodef-grid-inner\">\n\t\t<article class=\"qodef-e qodef-blog-item qodef-grid-item qodef-item--full post-15213 post type-post status-publish format-standard has-post-thumbnail hentry category-pain category-solutions-en\">\n\t<div class=\"qodef-e-inner\">\n\t\t<div class=\"qodef-e-media\">\n\t\t<div class=\"qodef-e-media-image\">\n\t\t<a itemprop=\"url\" href=\"https:\/\/nabilamerniz.com\/en\/solutions-en\/understanding-carpal-tunnel-syndrome-during-menopause-and-perimenopause-what-you-need-to-know\/\">\n\t\t\t<img fetchpriority=\"high\" decoding=\"async\" width=\"1300\" height=\"931\" src=\"https:\/\/nabilamerniz.com\/wp-content\/uploads\/2025\/01\/blog-main-dr-nabila-01.webp\" class=\"attachment-full size-full wp-post-image\" alt=\"\" srcset=\"https:\/\/nabilamerniz.com\/wp-content\/uploads\/2025\/01\/blog-main-dr-nabila-01.webp 1300w, https:\/\/nabilamerniz.com\/wp-content\/uploads\/2025\/01\/blog-main-dr-nabila-01-300x215.webp 300w, https:\/\/nabilamerniz.com\/wp-content\/uploads\/2025\/01\/blog-main-dr-nabila-01-1024x733.webp 1024w, https:\/\/nabilamerniz.com\/wp-content\/uploads\/2025\/01\/blog-main-dr-nabila-01-768x550.webp 768w\" sizes=\"(max-width: 1300px) 100vw, 1300px\" \/>\t\t<\/a>\n\t<\/div>\n<\/div>\n\t\t<div class=\"qodef-e-content\">\n\t\t\t<div class=\"qodef-e-top-holder\">\n\t\t\t\t<div class=\"qodef-e-info\">\n\t\t\t\t\t<a itemprop=\"dateCreated\" href=\"https:\/\/nabilamerniz.com\/en\/2025\/01\/\" class=\"entry-date \">\n\tJanuary 20, 2025<\/a>\n<svg class=\"qodef-svg--diamond-separator\" xmlns=\"http:\/\/www.w3.org\/2000\/svg\" width=\"7.997\" height=\"13.843\" viewBox=\"0 0 7.997 13.843\"><g fill=\"none\" stroke-linecap=\"square\"><path d=\"m7.995 6.922-2-3.455-2-3.463-2 3.463L.001 6.922l1.994 3.455 2 3.463 2-3.463 2-3.455Z\"\/><path fill=\"currentColor\" d=\"M3.998 2 1.197 6.854l.068.092-.054.068 2.787 4.83 2.843-4.922L3.998 2m0-2 3.995 6.918h.004l-.002.004.002.004h-.004l-3.995 6.918L.005 6.926H0l.003-.004L0 6.918h.005L3.998 0Z\"\/><\/g><\/svg><a href=\"https:\/\/nabilamerniz.com\/en\/category\/pain\/\" rel=\"tag\">Pain<\/a><svg class=\"qodef-svg--diamond-separator\" xmlns=\"http:\/\/www.w3.org\/2000\/svg\" width=\"7.997\" height=\"13.843\" viewBox=\"0 0 7.997 13.843\"><g fill=\"none\" stroke-linecap=\"square\"><path d=\"m7.995 6.922-2-3.455-2-3.463-2 3.463L.001 6.922l1.994 3.455 2 3.463 2-3.463 2-3.455Z\"\/><path fill=\"currentColor\" d=\"M3.998 2 1.197 6.854l.068.092-.054.068 2.787 4.83 2.843-4.922L3.998 2m0-2 3.995 6.918h.004l-.002.004.002.004h-.004l-3.995 6.918L.005 6.926H0l.003-.004L0 6.918h.005L3.998 0Z\"\/><\/g><\/svg><a href=\"https:\/\/nabilamerniz.com\/en\/category\/solutions-en\/\" rel=\"tag\">Solutions<\/a>\t\t\t\t<\/div>\n\t\t\t<\/div>\n\t\t\t<div class=\"qodef-e-text\">\n\t\t\t\t<h2 itemprop=\"name\" class=\"qodef-e-title entry-title\" >\n\t<a itemprop=\"url\" class=\"qodef-e-title-link\" href=\"https:\/\/nabilamerniz.com\/en\/solutions-en\/understanding-carpal-tunnel-syndrome-during-menopause-and-perimenopause-what-you-need-to-know\/\">\n\t\tUnderstanding carpal tunnel syndrome during menopause and perimenopause: what you need to know\t<\/a>\n<\/h2>\n\t\t<p itemprop=\"description\" class=\"qodef-e-excerpt\">Post-traumatic stress disorder (PTSD) is a psychological disorder affecting \nmillion people worldwide. Despite the existence of traditional treatments, some \npatients obtain insufficient results, justifying the exploration of new approaches \nsuch as stellar block (SGB). <\/p>\n\t\t\t\t\t<\/div>\n\t\t\t\t\t\t\t<div class=\"qodef-e-bottom-holder\">\n\t\t\t\t\t<div class=\"qodef-e-left\">\n\t\t\t\t\t\t\t<div class=\"qodef-e-read-more\">\n\t\t<a class=\"qodef-shortcode qodef-m  qodef-button qodef-layout--textual  qodef-html--link\" href=\"https:\/\/nabilamerniz.com\/en\/solutions-en\/understanding-carpal-tunnel-syndrome-during-menopause-and-perimenopause-what-you-need-to-know\/\" target=\"_self\"  >\t<span class=\"qodef-m-text\">Read More<\/span><\/a>\t<\/div>\n\t\t\t\t\t<\/div>\n\t\t\t\t<\/div>\n\t\t\t\t\t<\/div>\n\t<\/div>\n<\/article>\n<article class=\"qodef-e qodef-blog-item qodef-grid-item qodef-item--full post-15199 post type-post status-publish format-standard has-post-thumbnail hentry category-solutions-en\">\n\t<div class=\"qodef-e-inner\">\n\t\t<div class=\"qodef-e-media\">\n\t\t<div class=\"qodef-e-media-image\">\n\t\t<a itemprop=\"url\" href=\"https:\/\/nabilamerniz.com\/en\/solutions-en\/diagnostic-and-therapeutic-anesthetic-infiltration-what-you-need-to-know\/\">\n\t\t\t<img decoding=\"async\" width=\"1300\" height=\"931\" src=\"https:\/\/nabilamerniz.com\/wp-content\/uploads\/2025\/01\/blog-main-dr-nabila-02.webp\" class=\"attachment-full size-full wp-post-image\" alt=\"\" srcset=\"https:\/\/nabilamerniz.com\/wp-content\/uploads\/2025\/01\/blog-main-dr-nabila-02.webp 1300w, https:\/\/nabilamerniz.com\/wp-content\/uploads\/2025\/01\/blog-main-dr-nabila-02-300x215.webp 300w, https:\/\/nabilamerniz.com\/wp-content\/uploads\/2025\/01\/blog-main-dr-nabila-02-1024x733.webp 1024w, https:\/\/nabilamerniz.com\/wp-content\/uploads\/2025\/01\/blog-main-dr-nabila-02-768x550.webp 768w\" sizes=\"(max-width: 1300px) 100vw, 1300px\" \/>\t\t<\/a>\n\t<\/div>\n<\/div>\n\t\t<div class=\"qodef-e-content\">\n\t\t\t<div class=\"qodef-e-top-holder\">\n\t\t\t\t<div class=\"qodef-e-info\">\n\t\t\t\t\t<a itemprop=\"dateCreated\" href=\"https:\/\/nabilamerniz.com\/en\/2025\/01\/\" class=\"entry-date \">\n\tJanuary 18, 2025<\/a>\n<svg class=\"qodef-svg--diamond-separator\" xmlns=\"http:\/\/www.w3.org\/2000\/svg\" width=\"7.997\" height=\"13.843\" viewBox=\"0 0 7.997 13.843\"><g fill=\"none\" stroke-linecap=\"square\"><path d=\"m7.995 6.922-2-3.455-2-3.463-2 3.463L.001 6.922l1.994 3.455 2 3.463 2-3.463 2-3.455Z\"\/><path fill=\"currentColor\" d=\"M3.998 2 1.197 6.854l.068.092-.054.068 2.787 4.83 2.843-4.922L3.998 2m0-2 3.995 6.918h.004l-.002.004.002.004h-.004l-3.995 6.918L.005 6.926H0l.003-.004L0 6.918h.005L3.998 0Z\"\/><\/g><\/svg><a href=\"https:\/\/nabilamerniz.com\/en\/category\/solutions-en\/\" rel=\"tag\">Solutions<\/a>\t\t\t\t<\/div>\n\t\t\t<\/div>\n\t\t\t<div class=\"qodef-e-text\">\n\t\t\t\t<h2 itemprop=\"name\" class=\"qodef-e-title entry-title\" >\n\t<a itemprop=\"url\" class=\"qodef-e-title-link\" href=\"https:\/\/nabilamerniz.com\/en\/solutions-en\/diagnostic-and-therapeutic-anesthetic-infiltration-what-you-need-to-know\/\">\n\t\tDiagnostic and therapeutic anesthetic infiltration: what you need to know\t<\/a>\n<\/h2>\n\t\t<p itemprop=\"description\" class=\"qodef-e-excerpt\">Algoneurodystrophy, also known as complex regional pain syndrome \n(CRPS) type 1, is a chronic condition characterized by intense, persistent pain \noften disproportionate to the initial injury. Here&#039;s an overview of the mechanisms, \nsymptoms and treatments of this condition. <\/p>\n\t\t\t\t\t<\/div>\n\t\t\t\t\t\t\t<div class=\"qodef-e-bottom-holder\">\n\t\t\t\t\t<div class=\"qodef-e-left\">\n\t\t\t\t\t\t\t<div class=\"qodef-e-read-more\">\n\t\t<a class=\"qodef-shortcode qodef-m  qodef-button qodef-layout--textual  qodef-html--link\" href=\"https:\/\/nabilamerniz.com\/en\/solutions-en\/diagnostic-and-therapeutic-anesthetic-infiltration-what-you-need-to-know\/\" target=\"_self\"  >\t<span class=\"qodef-m-text\">Read More<\/span><\/a>\t<\/div>\n\t\t\t\t\t<\/div>\n\t\t\t\t<\/div>\n\t\t\t\t\t<\/div>\n\t<\/div>\n<\/article>\n<article class=\"qodef-e qodef-blog-item qodef-grid-item qodef-item--full post-15202 post type-post status-publish format-standard has-post-thumbnail hentry category-solutions-en\">\n\t<div class=\"qodef-e-inner\">\n\t\t<div class=\"qodef-e-media\">\n\t\t<div class=\"qodef-e-media-image\">\n\t\t<a itemprop=\"url\" href=\"https:\/\/nabilamerniz.com\/en\/solutions-en\/pain-treatment-with-ketamine-infusion\/\">\n\t\t\t<img decoding=\"async\" width=\"1300\" height=\"931\" src=\"https:\/\/nabilamerniz.com\/wp-content\/uploads\/2023\/10\/blog-single-img5.jpg\" class=\"attachment-full size-full wp-post-image\" alt=\"\" srcset=\"https:\/\/nabilamerniz.com\/wp-content\/uploads\/2023\/10\/blog-single-img5.jpg 1300w, https:\/\/nabilamerniz.com\/wp-content\/uploads\/2023\/10\/blog-single-img5-600x430.jpg 600w, https:\/\/nabilamerniz.com\/wp-content\/uploads\/2023\/10\/blog-single-img5-300x215.jpg 300w, https:\/\/nabilamerniz.com\/wp-content\/uploads\/2023\/10\/blog-single-img5-1024x733.jpg 1024w, https:\/\/nabilamerniz.com\/wp-content\/uploads\/2023\/10\/blog-single-img5-768x550.jpg 768w\" sizes=\"(max-width: 1300px) 100vw, 1300px\" \/>\t\t<\/a>\n\t<\/div>\n<\/div>\n\t\t<div class=\"qodef-e-content\">\n\t\t\t<div class=\"qodef-e-top-holder\">\n\t\t\t\t<div class=\"qodef-e-info\">\n\t\t\t\t\t<a itemprop=\"dateCreated\" href=\"https:\/\/nabilamerniz.com\/en\/2025\/01\/\" class=\"entry-date \">\n\tJanuary 18, 2025<\/a>\n<svg class=\"qodef-svg--diamond-separator\" xmlns=\"http:\/\/www.w3.org\/2000\/svg\" width=\"7.997\" height=\"13.843\" viewBox=\"0 0 7.997 13.843\"><g fill=\"none\" stroke-linecap=\"square\"><path d=\"m7.995 6.922-2-3.455-2-3.463-2 3.463L.001 6.922l1.994 3.455 2 3.463 2-3.463 2-3.455Z\"\/><path fill=\"currentColor\" d=\"M3.998 2 1.197 6.854l.068.092-.054.068 2.787 4.83 2.843-4.922L3.998 2m0-2 3.995 6.918h.004l-.002.004.002.004h-.004l-3.995 6.918L.005 6.926H0l.003-.004L0 6.918h.005L3.998 0Z\"\/><\/g><\/svg><a href=\"https:\/\/nabilamerniz.com\/en\/category\/solutions-en\/\" rel=\"tag\">Solutions<\/a>\t\t\t\t<\/div>\n\t\t\t<\/div>\n\t\t\t<div class=\"qodef-e-text\">\n\t\t\t\t<h2 itemprop=\"name\" class=\"qodef-e-title entry-title\" >\n\t<a itemprop=\"url\" class=\"qodef-e-title-link\" href=\"https:\/\/nabilamerniz.com\/en\/solutions-en\/pain-treatment-with-ketamine-infusion\/\">\n\t\tPain treatment with ketamine infusion\t<\/a>\n<\/h2>\n\t\t<p itemprop=\"description\" class=\"qodef-e-excerpt\">Lorem ipsum dolor sit amet, consectetur adipiscing elit, sed do eiusmod tempor incididunt ut labore et dolore magna aliqua. Ut enim ad minim veniam, quis nostrud exercitation ullamco <\/p>\n\t\t\t\t\t<\/div>\n\t\t\t\t\t\t\t<div class=\"qodef-e-bottom-holder\">\n\t\t\t\t\t<div class=\"qodef-e-left\">\n\t\t\t\t\t\t\t<div class=\"qodef-e-read-more\">\n\t\t<a class=\"qodef-shortcode qodef-m  qodef-button qodef-layout--textual  qodef-html--link\" href=\"https:\/\/nabilamerniz.com\/en\/solutions-en\/pain-treatment-with-ketamine-infusion\/\" target=\"_self\"  >\t<span class=\"qodef-m-text\">Read More<\/span><\/a>\t<\/div>\n\t\t\t\t\t<\/div>\n\t\t\t\t<\/div>\n\t\t\t\t\t<\/div>\n\t<\/div>\n<\/article>\n<article class=\"qodef-e qodef-blog-item qodef-grid-item qodef-item--full post-15209 post type-post status-publish format-standard has-post-thumbnail hentry category-solutions-en\">\n\t<div class=\"qodef-e-inner\">\n\t\t<div class=\"qodef-e-media\">\n\t\t<div class=\"qodef-e-media-image\">\n\t\t<a itemprop=\"url\" href=\"https:\/\/nabilamerniz.com\/en\/solutions-en\/high-concentration-capsaicin-patch-8-a-solution-for-neuropathic-pain\/\">\n\t\t\t<img loading=\"lazy\" decoding=\"async\" width=\"1300\" height=\"867\" src=\"https:\/\/nabilamerniz.com\/wp-content\/uploads\/2025\/01\/dr_nabila_merniz_blog_capsaine.webp\" class=\"attachment-full size-full wp-post-image\" alt=\"\" srcset=\"https:\/\/nabilamerniz.com\/wp-content\/uploads\/2025\/01\/dr_nabila_merniz_blog_capsaine.webp 1300w, https:\/\/nabilamerniz.com\/wp-content\/uploads\/2025\/01\/dr_nabila_merniz_blog_capsaine-300x200.webp 300w, https:\/\/nabilamerniz.com\/wp-content\/uploads\/2025\/01\/dr_nabila_merniz_blog_capsaine-1024x683.webp 1024w, https:\/\/nabilamerniz.com\/wp-content\/uploads\/2025\/01\/dr_nabila_merniz_blog_capsaine-768x512.webp 768w\" sizes=\"(max-width: 1300px) 100vw, 1300px\" \/>\t\t<\/a>\n\t<\/div>\n<\/div>\n\t\t<div class=\"qodef-e-content\">\n\t\t\t<div class=\"qodef-e-top-holder\">\n\t\t\t\t<div class=\"qodef-e-info\">\n\t\t\t\t\t<a itemprop=\"dateCreated\" href=\"https:\/\/nabilamerniz.com\/en\/2025\/01\/\" class=\"entry-date \">\n\tJanuary 18, 2025<\/a>\n<svg class=\"qodef-svg--diamond-separator\" xmlns=\"http:\/\/www.w3.org\/2000\/svg\" width=\"7.997\" height=\"13.843\" viewBox=\"0 0 7.997 13.843\"><g fill=\"none\" stroke-linecap=\"square\"><path d=\"m7.995 6.922-2-3.455-2-3.463-2 3.463L.001 6.922l1.994 3.455 2 3.463 2-3.463 2-3.455Z\"\/><path fill=\"currentColor\" d=\"M3.998 2 1.197 6.854l.068.092-.054.068 2.787 4.83 2.843-4.922L3.998 2m0-2 3.995 6.918h.004l-.002.004.002.004h-.004l-3.995 6.918L.005 6.926H0l.003-.004L0 6.918h.005L3.998 0Z\"\/><\/g><\/svg><a href=\"https:\/\/nabilamerniz.com\/en\/category\/solutions-en\/\" rel=\"tag\">Solutions<\/a>\t\t\t\t<\/div>\n\t\t\t<\/div>\n\t\t\t<div class=\"qodef-e-text\">\n\t\t\t\t<h2 itemprop=\"name\" class=\"qodef-e-title entry-title\" >\n\t<a itemprop=\"url\" class=\"qodef-e-title-link\" href=\"https:\/\/nabilamerniz.com\/en\/solutions-en\/high-concentration-capsaicin-patch-8-a-solution-for-neuropathic-pain\/\">\n\t\tHigh-Concentration Capsaicin Patch (8%): A Solution for Neuropathic Pain\t<\/a>\n<\/h2>\n\t\t<p itemprop=\"description\" class=\"qodef-e-excerpt\">Algoneurodystrophy, also known as complex regional pain syndrome \n(CRPS) type 1, is a chronic condition characterized by intense, persistent pain \noften disproportionate to the initial injury. Here&#039;s an overview of the mechanisms, \nsymptoms and treatments of this condition. <\/p>\n\t\t\t\t\t<\/div>\n\t\t\t\t\t\t\t<div class=\"qodef-e-bottom-holder\">\n\t\t\t\t\t<div class=\"qodef-e-left\">\n\t\t\t\t\t\t\t<div class=\"qodef-e-read-more\">\n\t\t<a class=\"qodef-shortcode qodef-m  qodef-button qodef-layout--textual  qodef-html--link\" href=\"https:\/\/nabilamerniz.com\/en\/solutions-en\/high-concentration-capsaicin-patch-8-a-solution-for-neuropathic-pain\/\" target=\"_self\"  >\t<span class=\"qodef-m-text\">Read More<\/span><\/a>\t<\/div>\n\t\t\t\t\t<\/div>\n\t\t\t\t<\/div>\n\t\t\t\t\t<\/div>\n\t<\/div>\n<\/article>\n<article class=\"qodef-e qodef-blog-item qodef-grid-item qodef-item--full post-15211 post type-post status-publish format-standard has-post-thumbnail hentry category-solutions-en\">\n\t<div class=\"qodef-e-inner\">\n\t\t<div class=\"qodef-e-media\">\n\t\t<div class=\"qodef-e-media-image\">\n\t\t<a itemprop=\"url\" href=\"https:\/\/nabilamerniz.com\/en\/solutions-en\/relieving-chronic-pain-with-radiofrequency\/\">\n\t\t\t<img decoding=\"async\" width=\"1300\" height=\"931\" src=\"https:\/\/nabilamerniz.com\/wp-content\/uploads\/2023\/10\/blog-single-img5.jpg\" class=\"attachment-full size-full wp-post-image\" alt=\"\" srcset=\"https:\/\/nabilamerniz.com\/wp-content\/uploads\/2023\/10\/blog-single-img5.jpg 1300w, https:\/\/nabilamerniz.com\/wp-content\/uploads\/2023\/10\/blog-single-img5-600x430.jpg 600w, https:\/\/nabilamerniz.com\/wp-content\/uploads\/2023\/10\/blog-single-img5-300x215.jpg 300w, https:\/\/nabilamerniz.com\/wp-content\/uploads\/2023\/10\/blog-single-img5-1024x733.jpg 1024w, https:\/\/nabilamerniz.com\/wp-content\/uploads\/2023\/10\/blog-single-img5-768x550.jpg 768w\" sizes=\"(max-width: 1300px) 100vw, 1300px\" \/>\t\t<\/a>\n\t<\/div>\n<\/div>\n\t\t<div class=\"qodef-e-content\">\n\t\t\t<div class=\"qodef-e-top-holder\">\n\t\t\t\t<div class=\"qodef-e-info\">\n\t\t\t\t\t<a itemprop=\"dateCreated\" href=\"https:\/\/nabilamerniz.com\/en\/2025\/01\/\" class=\"entry-date \">\n\tJanuary 18, 2025<\/a>\n<svg class=\"qodef-svg--diamond-separator\" xmlns=\"http:\/\/www.w3.org\/2000\/svg\" width=\"7.997\" height=\"13.843\" viewBox=\"0 0 7.997 13.843\"><g fill=\"none\" stroke-linecap=\"square\"><path d=\"m7.995 6.922-2-3.455-2-3.463-2 3.463L.001 6.922l1.994 3.455 2 3.463 2-3.463 2-3.455Z\"\/><path fill=\"currentColor\" d=\"M3.998 2 1.197 6.854l.068.092-.054.068 2.787 4.83 2.843-4.922L3.998 2m0-2 3.995 6.918h.004l-.002.004.002.004h-.004l-3.995 6.918L.005 6.926H0l.003-.004L0 6.918h.005L3.998 0Z\"\/><\/g><\/svg><a href=\"https:\/\/nabilamerniz.com\/en\/category\/solutions-en\/\" rel=\"tag\">Solutions<\/a>\t\t\t\t<\/div>\n\t\t\t<\/div>\n\t\t\t<div class=\"qodef-e-text\">\n\t\t\t\t<h2 itemprop=\"name\" class=\"qodef-e-title entry-title\" >\n\t<a itemprop=\"url\" class=\"qodef-e-title-link\" href=\"https:\/\/nabilamerniz.com\/en\/solutions-en\/relieving-chronic-pain-with-radiofrequency\/\">\n\t\tRelieving chronic pain with radiofrequency\t<\/a>\n<\/h2>\n\t\t<p itemprop=\"description\" class=\"qodef-e-excerpt\">Lorem ipsum dolor sit amet, consectetur adipiscing elit, sed do eiusmod tempor incididunt ut labore et dolore magna aliqua. Ut enim ad minim veniam, quis nostrud exercitation ullamco <\/p>\n\t\t\t\t\t<\/div>\n\t\t\t\t\t\t\t<div class=\"qodef-e-bottom-holder\">\n\t\t\t\t\t<div class=\"qodef-e-left\">\n\t\t\t\t\t\t\t<div class=\"qodef-e-read-more\">\n\t\t<a class=\"qodef-shortcode qodef-m  qodef-button qodef-layout--textual  qodef-html--link\" href=\"https:\/\/nabilamerniz.com\/en\/solutions-en\/relieving-chronic-pain-with-radiofrequency\/\" target=\"_self\"  >\t<span class=\"qodef-m-text\">Read More<\/span><\/a>\t<\/div>\n\t\t\t\t\t<\/div>\n\t\t\t\t<\/div>\n\t\t\t\t\t<\/div>\n\t<\/div>\n<\/article>\n\t<\/div>\n\t\t<div class=\"qodef-m-pagination qodef--standard\" style=\"margin-top: 100px\">\n\t\t<div class=\"qodef-m-pagination-inner\">\n\t\t\t<nav class=\"qodef-m-pagination-items\">\n\t\t\t\t<a class=\"qodef-m-pagination-item qodef--prev qodef--hide\" href=\"#\" data-paged=\"1\">\n\t\t\t\t\t<svg class=\"qodef-svg--pagination-arrow-left\" xmlns=\"http:\/\/www.w3.org\/2000\/svg\" width=\"13.124\" height=\"25.247\" viewBox=\"0 0 13.124 25.247\"><g fill=\"none\" stroke=\"currentColor\" stroke-linecap=\"round\" stroke-linejoin=\"round\"><path d=\"M12.417.707.5 12.623 12.417 24.54\"\/><path class=\"qodef-pagination-svg-inner\" d=\"M10.198 8.136 5.71 12.624l4.488 4.488\"\/><\/g><\/svg>\t\t\t\t<\/a>\n\t\t\t\t\t\t\t\t\t<a class=\"qodef-m-pagination-item qodef--number qodef--number-1 qodef--active qodef-prev--hidden\" href=\"#\" data-paged=\"1\"> 1<\/a>\n\t\t\t\t\t\t\t\t\t\t\t\t\t\t<a class=\"qodef-m-pagination-item qodef--number qodef--number-2 \" href=\"#\" data-paged=\"2\"> 2<\/a>\n\t\t\t\t\t\t\t\t\t\t\t\t\t\t<a class=\"qodef-m-pagination-item qodef--number qodef--number-3 qodef--hide\" href=\"#\" data-paged=\"3\"> 3<\/a>\n\t\t\t\t\t<span class=\"qodef-m-pagination-item qodef--dots\">&hellip;<\/span>\t\t\t\t\t\t\t\t\t<a class=\"qodef-m-pagination-item qodef--number qodef--number-4 \" href=\"#\" data-paged=\"4\"> 4<\/a>\n\t\t\t\t\t\t\t\t\t\t\t\t\t<a class=\"qodef-m-pagination-item qodef--next \" href=\"#\" data-paged=\"2\">\n\t\t\t\t\t<svg class=\"qodef-svg--pagination-arrow-right\" xmlns=\"http:\/\/www.w3.org\/2000\/svg\" width=\"13.124\" height=\"25.247\" viewBox=\"0 0 13.124 25.247\"><g fill=\"none\" stroke=\"currentColor\" stroke-linecap=\"round\" stroke-linejoin=\"round\"><path d=\"m.707 24.54 11.917-11.916L.707.707\"\/><path class=\"qodef-pagination-svg-inner\" d=\"m2.926 17.111 4.488-4.488-4.488-4.488\"\/><\/g><\/svg>\t\t\t\t<\/a>\n\t\t\t<\/nav>\n\t\t<\/div>\n\t<\/div>\n\t<svg class=\"qodef-svg--spinner qodef-m-pagination-spinner\" xmlns=\"http:\/\/www.w3.org\/2000\/svg\" width=\"512\" height=\"512\" viewBox=\"0 0 512 512\"><path d=\"M304 48c0 26.51-21.49 48-48 48s-48-21.49-48-48 21.49-48 48-48 48 21.49 48 48zm-48 368c-26.51 0-48 21.49-48 48s21.49 48 48 48 48-21.49 48-48-21.49-48-48-48zm208-208c-26.51 0-48 21.49-48 48s21.49 48 48 48 48-21.49 48-48-21.49-48-48-48zM96 256c0-26.51-21.49-48-48-48S0 229.49 0 256s21.49 48 48 48 48-21.49 48-48zm12.922 99.078c-26.51 0-48 21.49-48 48s21.49 48 48 48 48-21.49 48-48c0-26.509-21.491-48-48-48zm294.156 0c-26.51 0-48 21.49-48 48s21.49 48 48 48 48-21.49 48-48c0-26.509-21.49-48-48-48zM108.922 60.922c-26.51 0-48 21.49-48 48s21.49 48 48 48 48-21.49 48-48-21.491-48-48-48z\"><\/path><\/svg><\/div>\n\t\t\t\t<\/div>\n\t\t\t\t<\/div>\n\t\t\t\t<\/div>\n\t\t\t\t<\/div>\n\t\t","protected":false},"excerpt":{"rendered":"<p>janvier 2, 2025 Douleurs Comprendre le syndrome douloureux (algoneurodystrophie) Avez-vous d\u00e9j\u00e0 entendu parler du Syndrome douloureux r\u00e9gional complexe (SDRC) ? Cette condition m\u00e9dicale rare et souvent mal comprise peut transformer une blessure mineure en une douleur persistante et invalidante. D\u00e9couvrons ensemble ce qu\u2019est le SDRC, comment il est diagnostiqu\u00e9 et quelles sont les options pour [&hellip;]<\/p>\n","protected":false},"author":2,"featured_media":0,"parent":0,"menu_order":5,"comment_status":"closed","ping_status":"closed","template":"","meta":{"footnotes":""},"class_list":["post-15314","page","type-page","status-publish","hentry"],"_links":{"self":[{"href":"https:\/\/nabilamerniz.com\/en\/wp-json\/wp\/v2\/pages\/15314","targetHints":{"allow":["GET"]}}],"collection":[{"href":"https:\/\/nabilamerniz.com\/en\/wp-json\/wp\/v2\/pages"}],"about":[{"href":"https:\/\/nabilamerniz.com\/en\/wp-json\/wp\/v2\/types\/page"}],"author":[{"embeddable":true,"href":"https:\/\/nabilamerniz.com\/en\/wp-json\/wp\/v2\/users\/2"}],"replies":[{"embeddable":true,"href":"https:\/\/nabilamerniz.com\/en\/wp-json\/wp\/v2\/comments?post=15314"}],"version-history":[{"count":1,"href":"https:\/\/nabilamerniz.com\/en\/wp-json\/wp\/v2\/pages\/15314\/revisions"}],"predecessor-version":[{"id":15315,"href":"https:\/\/nabilamerniz.com\/en\/wp-json\/wp\/v2\/pages\/15314\/revisions\/15315"}],"wp:attachment":[{"href":"https:\/\/nabilamerniz.com\/en\/wp-json\/wp\/v2\/media?parent=15314"}],"curies":[{"name":"wp","href":"https:\/\/api.w.org\/{rel}","templated":true}]}}