{"id":15326,"date":"2023-11-02T09:05:14","date_gmt":"2023-11-02T09:05:14","guid":{"rendered":"https:\/\/nabilamerniz.com\/contact\/"},"modified":"2025-03-10T15:45:57","modified_gmt":"2025-03-10T15:45:57","slug":"contact","status":"publish","type":"page","link":"https:\/\/nabilamerniz.com\/en\/contact\/","title":{"rendered":"Contact"},"content":{"rendered":"\t\t<div data-elementor-type=\"wp-page\" data-elementor-id=\"15326\" class=\"elementor elementor-15326 elementor-4861\" data-elementor-post-type=\"page\">\n\t\t\t\t<div class=\"elementor-element elementor-element-b85d4f7 e-con-full e-flex e-con e-parent\" data-id=\"b85d4f7\" data-element_type=\"container\" data-settings=\"{&quot;background_background&quot;:&quot;classic&quot;}\">\n\t\t\t\t<\/div>\n\t\t<div class=\"elementor-element elementor-element-b112727 e-flex e-con-boxed e-con e-parent\" data-id=\"b112727\" data-element_type=\"container\">\n\t\t\t\t\t<div class=\"e-con-inner\">\n\t\t\t\t<div class=\"elementor-element elementor-element-5dc4c14 elementor-widget elementor-widget-spacer\" data-id=\"5dc4c14\" data-element_type=\"widget\" data-widget_type=\"spacer.default\">\n\t\t\t\t<div class=\"elementor-widget-container\">\n\t\t\t\t\t\t\t<div class=\"elementor-spacer\">\n\t\t\t<div class=\"elementor-spacer-inner\"><\/div>\n\t\t<\/div>\n\t\t\t\t\t\t<\/div>\n\t\t\t\t<\/div>\n\t\t\t\t\t<\/div>\n\t\t\t\t<\/div>\n\t\t<div class=\"elementor-element elementor-element-9956e7b e-flex e-con-boxed e-con e-parent\" data-id=\"9956e7b\" data-element_type=\"container\">\n\t\t\t\t\t<div class=\"e-con-inner\">\n\t\t<div class=\"elementor-element elementor-element-457e63a e-con-full e-flex e-con e-child\" data-id=\"457e63a\" data-element_type=\"container\">\n\t\t\t\t<div class=\"elementor-element elementor-element-5ffa502 elementor-widget elementor-widget-image\" data-id=\"5ffa502\" data-element_type=\"widget\" data-widget_type=\"image.default\">\n\t\t\t\t<div class=\"elementor-widget-container\">\n\t\t\t\t\t\t\t\t\t\t\t\t\t\t\t<img fetchpriority=\"high\" decoding=\"async\" width=\"350\" height=\"800\" src=\"https:\/\/nabilamerniz.com\/wp-content\/uploads\/2024\/12\/contact.png\" class=\"attachment-large size-large wp-image-12065\" alt=\"\" srcset=\"https:\/\/nabilamerniz.com\/wp-content\/uploads\/2024\/12\/contact.png 350w, https:\/\/nabilamerniz.com\/wp-content\/uploads\/2024\/12\/contact-131x300.png 131w\" sizes=\"(max-width: 350px) 100vw, 350px\" \/>\t\t\t\t\t\t\t\t\t\t\t\t\t\t\t<\/div>\n\t\t\t\t<\/div>\n\t\t\t\t<\/div>\n\t\t<div class=\"elementor-element elementor-element-c3480ef e-con-full e-flex e-con e-child\" data-id=\"c3480ef\" data-element_type=\"container\">\n\t\t\t\t<div class=\"elementor-element elementor-element-74e3ba1 elementor-widget elementor-widget-spacer\" data-id=\"74e3ba1\" data-element_type=\"widget\" data-widget_type=\"spacer.default\">\n\t\t\t\t<div class=\"elementor-widget-container\">\n\t\t\t\t\t\t\t<div class=\"elementor-spacer\">\n\t\t\t<div class=\"elementor-spacer-inner\"><\/div>\n\t\t<\/div>\n\t\t\t\t\t\t<\/div>\n\t\t\t\t<\/div>\n\t\t\t\t<div class=\"elementor-element elementor-element-4a11d274 elementor-widget__width-initial elementor-widget elementor-widget-wp-widget-fidalgo_core_contact_form_7\" data-id=\"4a11d274\" data-element_type=\"widget\" data-widget_type=\"wp-widget-fidalgo_core_contact_form_7.default\">\n\t\t\t\t<div class=\"elementor-widget-container\">\n\t\t\t\t\t\t\t\t<div class=\"qodef-contact-form-7\">\n\t\t\t\t\n<div class=\"wpcf7 no-js\" id=\"wpcf7-f15537-o1\" lang=\"en-US\" dir=\"ltr\" data-wpcf7-id=\"15537\">\n<div class=\"screen-reader-response\"><p role=\"status\" aria-live=\"polite\" aria-atomic=\"true\"><\/p> <ul><\/ul><\/div>\n<form action=\"\/en\/wp-json\/wp\/v2\/pages\/15326#wpcf7-f15537-o1\" method=\"post\" class=\"wpcf7-form init\" aria-label=\"Contact form\" enctype=\"multipart\/form-data\" novalidate=\"novalidate\" data-status=\"init\">\n<fieldset class=\"hidden-fields-container\"><input type=\"hidden\" name=\"_wpcf7\" value=\"15537\" \/><input type=\"hidden\" name=\"_wpcf7_version\" value=\"6.1.5\" \/><input type=\"hidden\" name=\"_wpcf7_locale\" value=\"en_US\" \/><input type=\"hidden\" name=\"_wpcf7_unit_tag\" value=\"wpcf7-f15537-o1\" \/><input type=\"hidden\" name=\"_wpcf7_container_post\" value=\"0\" \/><input type=\"hidden\" name=\"_wpcf7_posted_data_hash\" value=\"\" \/><input type=\"hidden\" name=\"_wpcf7_recaptcha_response\" value=\"\" \/>\n<\/fieldset>\n<label>  Your first & last name\n    <span class=\"wpcf7-form-control-wrap\" data-name=\"your-name\"><input size=\"40\" maxlength=\"400\" class=\"wpcf7-form-control wpcf7-text wpcf7-validates-as-required\" autocomplete=\"name\" aria-required=\"true\" aria-invalid=\"false\" value=\"\" type=\"text\" name=\"your-name\" \/><\/span> <\/label>\n\n<label>  Your e-mail\n    <span class=\"wpcf7-form-control-wrap\" data-name=\"your-email\"><input size=\"40\" maxlength=\"400\" class=\"wpcf7-form-control wpcf7-email wpcf7-validates-as-required wpcf7-text wpcf7-validates-as-email\" autocomplete=\"email\" aria-required=\"true\" aria-invalid=\"false\" value=\"\" type=\"email\" name=\"your-email\" \/><\/span> <\/label>\n\n<label>  Tel\n    <span class=\"wpcf7-form-control-wrap\" data-name=\"tel-438\"><input size=\"40\" maxlength=\"400\" class=\"wpcf7-form-control wpcf7-tel wpcf7-validates-as-required wpcf7-text wpcf7-validates-as-tel\" aria-required=\"true\" aria-invalid=\"false\" value=\"\" type=\"tel\" name=\"tel-438\" \/><\/span> <\/label>\n\n<label>  Your message\n    <span class=\"wpcf7-form-control-wrap\" data-name=\"your-message\"><textarea cols=\"40\" rows=\"10\" maxlength=\"2000\" class=\"wpcf7-form-control wpcf7-textarea\" aria-invalid=\"false\" name=\"your-message\"><\/textarea><\/span> <\/label>\n\n<span class=\"wpcf7-form-control-wrap\" data-name=\"file-593\"><input size=\"40\" class=\"wpcf7-form-control wpcf7-file\" accept=\"image\/*,.txt,application\/pdf\" aria-invalid=\"false\" type=\"file\" name=\"file-593\" \/><\/span>\n\n<button class=\"wpcf7-form-control wpcf7-submit qodef-button qodef-size--normal qodef-layout--outlined qodef-m\" type=\"submit\"><span class=\"qodef-m-text\">Send<\/span><\/button><div class=\"wpcf7-response-output\" aria-hidden=\"true\"><\/div>\n<\/form>\n<\/div>\n\t\t\t<\/div>\n\t\t\t\t\t\t\t<\/div>\n\t\t\t\t<\/div>\n\t\t\t\t<div class=\"elementor-element elementor-element-bdb0fff elementor-widget elementor-widget-spacer\" data-id=\"bdb0fff\" data-element_type=\"widget\" data-widget_type=\"spacer.default\">\n\t\t\t\t<div class=\"elementor-widget-container\">\n\t\t\t\t\t\t\t<div class=\"elementor-spacer\">\n\t\t\t<div class=\"elementor-spacer-inner\"><\/div>\n\t\t<\/div>\n\t\t\t\t\t\t<\/div>\n\t\t\t\t<\/div>\n\t\t\t\t<\/div>\n\t\t\t\t\t<\/div>\n\t\t\t\t<\/div>\n\t\t<div class=\"elementor-element elementor-element-bf639ef e-con-full qodef-elementor-content-grid qodef-extended-grid qodef-extended-grid--right e-flex e-con e-parent\" data-id=\"bf639ef\" data-element_type=\"container\" data-settings=\"{&quot;background_background&quot;:&quot;classic&quot;}\">\n\t\t<div class=\"elementor-element elementor-element-1d61f5c e-con-full e-flex e-con e-child\" data-id=\"1d61f5c\" data-element_type=\"container\">\n\t\t\t\t<div class=\"elementor-element elementor-element-e9eaa68 elementor-widget__width-initial elementor-widget elementor-widget-html\" data-id=\"e9eaa68\" data-element_type=\"widget\" data-widget_type=\"html.default\">\n\t\t\t\t<div class=\"elementor-widget-container\">\n\t\t\t\t\t<iframe src=\"https:\/\/www.google.com\/maps\/embed?pb=!1m18!1m12!1m3!1d2624.986438142864!2d2.2979846000000004!3d48.85846900000001!2m3!1f0!2f0!3f0!3m2!1i1024!2i768!4f13.1!3m3!1m2!1s0x47e66fe040ba31d3%3A0x9fb12c5d2baca71!2s4%20Rue%20du%20Mar%C3%A9chal%20Harispe%2C%2075007%20Paris!5e0!3m2!1sfr!2sfr!4v1734483782118!5m2!1sfr!2sfr\" width=\"600\" height=\"450\" style=\"border:0;\" allowfullscreen=\"\" loading=\"lazy\" referrerpolicy=\"no-referrer-when-downgrade\"><\/iframe>\t\t\t\t<\/div>\n\t\t\t\t<\/div>\n\t\t\t\t<\/div>\n\t\t<div class=\"elementor-element elementor-element-8f2d666 e-con-full e-flex e-con e-child\" data-id=\"8f2d666\" data-element_type=\"container\" data-settings=\"{&quot;background_background&quot;:&quot;classic&quot;}\">\n\t\t<div class=\"elementor-element elementor-element-d5a361a e-con-full e-flex e-con e-child\" data-id=\"d5a361a\" data-element_type=\"container\">\n\t\t\t\t<div class=\"elementor-element elementor-element-01f2afe elementor-widget__width-initial elementor-widget-mobile__width-inherit elementor-widget elementor-widget-fidalgo_core_video_holder\" data-id=\"01f2afe\" data-element_type=\"widget\" data-widget_type=\"fidalgo_core_video_holder.default\">\n\t\t\t\t<div class=\"elementor-widget-container\">\n\t\t\t\t\t<div class=\"qodef-shortcode qodef-m  qodef-video-holder \">\n\t\n    <div class=\"qodef-m-video\">\n\t\t<div class=\"qodef-m-position-holder\">\n\t\t\t<img decoding=\"async\" src=\"https:\/\/nabilamerniz.com\/wp-content\/uploads\/2023\/09\/h3-img11.jpg\" alt=\"a\">\n\t\t<\/div>\n        <video autoplay=\"autoplay\" loop=\"loop\" muted=\"muted\" playsinline=\"\"  poster=\"https:\/\/nabilamerniz.com\/wp-content\/uploads\/2023\/09\/h3-img11.jpg\">\n            <source src=\"https:\/\/nabilamerniz.com\/wp-content\/uploads\/2023\/12\/pexels-pinaak-kumar-16730060-1080x1920-25fps-online-video-cutter.com-1.mp4\">\n        <\/video>\n    <\/div>\n\t\t<\/div>\t\t\t\t<\/div>\n\t\t\t\t<\/div>\n\t\t\t\t<div class=\"elementor-element elementor-element-a3b668f elementor-widget elementor-widget-fidalgo_core_info_section\" data-id=\"a3b668f\" data-element_type=\"widget\" data-widget_type=\"fidalgo_core_info_section.default\">\n\t\t\t\t<div class=\"elementor-widget-container\">\n\t\t\t\t\t<div class=\"qodef-shortcode qodef-m  qodef-info-section qodef-layout--background-text  qodef-background-text-pos--top-left \">\n    <div class=\"qodef-m-info\">\n        <div class=\"qodef-m-title-holder\">\n                                <\/div>\n        <div class=\"qodef-m-text-holder\" >\n            <div class=\"qodef-m-text-info\">\n        <div class=\"qodef-m-text\" ><p>At Dr Nabila Merniz's practice<\/p><p><a style=\"font-family: jost;font-weight: 300\" href=\"https:\/\/www.google.com\/maps\/embed?pb=!1m18!1m12!1m3!1d2624.9862545607302!2d2.2954096767994403!3d48.85847250070025!2m3!1f0!2f0!3f0!3m2!1i1024!2i768!4f13.1!3m3!1m2!1s0x47e66fe040ba31d3%3A0x9fb12c5d2baca71!2s4%20Rue%20du%20Mar%C3%A9chal%20Harispe%2C%2075007%20Paris!5e0!3m2!1sfr!2sfr!4v1734406493971!5m2!1sfr!2sfr\" target=\"_blank\" rel=\"noopener\">4 Rue du Mar\u00e9chal Harispe, 75007 Paris<\/a><\/p><p>Tel: <a style=\"font-family: jost;font-weight: 300\" href=\"tel:0625946981\">06 25 94 69 81<\/a><\/p><\/div>\n    <\/div>\n        <\/div>\n\t\t\t<\/div>\n<\/div>\t\t\t\t<\/div>\n\t\t\t\t<\/div>\n\t\t\t\t<div class=\"elementor-element elementor-element-3a01f35 elementor-widget__width-initial elementor-widget elementor-widget-text-editor\" data-id=\"3a01f35\" data-element_type=\"widget\" data-widget_type=\"text-editor.default\">\n\t\t\t\t<div class=\"elementor-widget-container\">\n\t\t\t\t\t\t\t\t\t<h6 style=\"color: #ced8d8; margin-bottom: 5px;\">Opening hours:<\/h6><p><span style=\"color: #ced8d8;\">Tuesday, Saturday: 9am &#8211; 7pm.<\/span><\/p>\t\t\t\t\t\t\t\t<\/div>\n\t\t\t\t<\/div>\n\t\t\t\t<div class=\"elementor-element elementor-element-58bec69 elementor-widget__width-initial elementor-widget elementor-widget-text-editor\" data-id=\"58bec69\" data-element_type=\"widget\" data-widget_type=\"text-editor.default\">\n\t\t\t\t<div class=\"elementor-widget-container\">\n\t\t\t\t\t\t\t\t\t<h6 style=\"color: #ced8d8; margin-bottom: 5px;\">metro:<\/h6><h6 style=\"color: #ced8d8; margin-bottom: 5px;\"><span style=\"color: #ced8d8;\">Line.8: \u00e9cole militaire<\/span><br>Line.9: alma-marceau<\/h6>\t\t\t\t\t\t\t\t<\/div>\n\t\t\t\t<\/div>\n\t\t\t\t<div class=\"elementor-element elementor-element-5d63768 elementor-widget elementor-widget-fidalgo_core_button\" data-id=\"5d63768\" data-element_type=\"widget\" data-widget_type=\"fidalgo_core_button.default\">\n\t\t\t\t<div class=\"elementor-widget-container\">\n\t\t\t\t\t<a class=\"qodef-shortcode qodef-m  qodef-button qodef-layout--outlined  qodef-html--link\" href=\"https:\/\/maps.app.goo.gl\/13EWohnJDTDkRfPL9\" target=\"_blank\"  >\n\t<span class=\"qodef-m-text\">See map<\/span>\n<\/a>\n\t\t\t\t<\/div>\n\t\t\t\t<\/div>\n\t\t\t\t<\/div>\n\t\t\t\t<\/div>\n\t\t\t\t<\/div>\n\t\t<div class=\"elementor-element elementor-element-5d8319f7 e-con-full qodef-elementor-content-grid e-flex e-con e-parent\" data-id=\"5d8319f7\" data-element_type=\"container\">\n\t\t<div class=\"elementor-element elementor-element-39f086f2 e-con-full e-flex e-con e-child\" data-id=\"39f086f2\" data-element_type=\"container\">\n\t\t\t\t<div class=\"elementor-element elementor-element-5a83df19 elementor-widget elementor-widget-fidalgo_core_stacked_images\" data-id=\"5a83df19\" data-element_type=\"widget\" data-widget_type=\"fidalgo_core_stacked_images.default\">\n\t\t\t\t<div class=\"elementor-widget-container\">\n\t\t\t\t\t<div class=\"qodef-shortcode qodef-m  qodef-stacked-images qodef-layout--default qodef--has-scroll\">\n\t<div class=\"qodef-m-images\">\n\t\t\t\t\t<div class=\"qodef-m-main-image\">\n\t\t\t\t<img decoding=\"async\" width=\"900\" height=\"1150\" src=\"https:\/\/nabilamerniz.com\/wp-content\/uploads\/2025\/02\/contact_hopital_clinique_privee_geoffroy_saint_hilaire.webp\" class=\"attachment-full size-full\" alt=\"\" srcset=\"https:\/\/nabilamerniz.com\/wp-content\/uploads\/2025\/02\/contact_hopital_clinique_privee_geoffroy_saint_hilaire.webp 900w, https:\/\/nabilamerniz.com\/wp-content\/uploads\/2025\/02\/contact_hopital_clinique_privee_geoffroy_saint_hilaire-235x300.webp 235w, https:\/\/nabilamerniz.com\/wp-content\/uploads\/2025\/02\/contact_hopital_clinique_privee_geoffroy_saint_hilaire-801x1024.webp 801w, https:\/\/nabilamerniz.com\/wp-content\/uploads\/2025\/02\/contact_hopital_clinique_privee_geoffroy_saint_hilaire-768x981.webp 768w\" sizes=\"(max-width: 900px) 100vw, 900px\" \/>\t\t\t<\/div>\n\t\t\t\t\t\t\t\t<div class=\"qodef-m-image \" style=\"top: var(--qode-item-vertical);--qode-item-vertical-position:51%;right: var(--qode-item-horizontal);--qode-item-horizontal-position:-12%;text-align:right\" >\n\t\t\t\t\t<img decoding=\"async\" src=\"https:\/\/nabilamerniz.com\/wp-content\/uploads\/2025\/02\/contact_hopital_clinique_privee_geoffroy_saint_hilaire_2-202x281.webp\" alt=\"\" width=\"202\" height=\"281\" data-ratio=\"0.71886120996441\" \/>\t\t\t\t<\/div>\n\t\t\t\t<\/div>\n<\/div>\n\t\t\t\t<\/div>\n\t\t\t\t<\/div>\n\t\t\t\t<\/div>\n\t\t<div class=\"elementor-element elementor-element-5dffd7ee e-con-full e-flex e-con e-child\" data-id=\"5dffd7ee\" data-element_type=\"container\">\n\t\t<div class=\"elementor-element elementor-element-3e48cc17 e-con-full e-flex e-con e-child\" data-id=\"3e48cc17\" data-element_type=\"container\">\n\t\t\t\t<div class=\"elementor-element elementor-element-722c093 elementor-widget__width-initial elementor-widget elementor-widget-text-editor\" data-id=\"722c093\" data-element_type=\"widget\" data-widget_type=\"text-editor.default\">\n\t\t\t\t<div class=\"elementor-widget-container\">\n\t\t\t\t\t\t\t\t\t<p>H\u00f4pital priv\u00e9 Geoffroy Saint-Hilaire<br><a href=\"https:\/\/maps.app.goo.gl\/13EWohnJDTDkRfPL9\" target=\"_blank\" rel=\"noopener\">59 Rue Geoffroy-Saint-Hilaire, 75005 Paris<\/a><\/p><p>Tel: <a href=\"tel:0625946981\">06 25 94 69 81<\/a><\/p>\t\t\t\t\t\t\t\t<\/div>\n\t\t\t\t<\/div>\n\t\t\t\t<div class=\"elementor-element elementor-element-aef150d elementor-widget__width-initial elementor-widget elementor-widget-text-editor\" data-id=\"aef150d\" data-element_type=\"widget\" data-widget_type=\"text-editor.default\">\n\t\t\t\t<div class=\"elementor-widget-container\">\n\t\t\t\t\t\t\t\t\t<h6 style=\"color: #ced8d8; margin-bottom: 5px;\">Opening hours:<\/h6><p><span style=\"color: #ced8d8;\">Wednesday, Friday: 9am &#8211; 7pm.<\/span><\/p>\t\t\t\t\t\t\t\t<\/div>\n\t\t\t\t<\/div>\n\t\t\t\t<div class=\"elementor-element elementor-element-4cd1812 elementor-widget__width-initial elementor-widget elementor-widget-text-editor\" data-id=\"4cd1812\" data-element_type=\"widget\" data-widget_type=\"text-editor.default\">\n\t\t\t\t<div class=\"elementor-widget-container\">\n\t\t\t\t\t\t\t\t\t<h6 style=\"color: #ced8d8;\">metro:<\/h6><h6>Line.7: Jussieu \/ Place Monge<br><br>Line.10: Jussieu<\/h6><h6 style=\"color: #ced8d8;\">Buses: 47,63,67,75,89.<\/h6>\t\t\t\t\t\t\t\t<\/div>\n\t\t\t\t<\/div>\n\t\t\t\t<\/div>\n\t\t\t\t<\/div>\n\t\t\t\t<\/div>\n\t\t<div class=\"elementor-element elementor-element-279ccdf e-con-full e-flex e-con e-parent\" data-id=\"279ccdf\" data-element_type=\"container\">\n\t\t\t\t<div class=\"elementor-element elementor-element-1219499 elementor-widget elementor-widget-html\" data-id=\"1219499\" data-element_type=\"widget\" data-widget_type=\"html.default\">\n\t\t\t\t<div class=\"elementor-widget-container\">\n\t\t\t\t\t<iframe src=\"https:\/\/www.google.com\/maps\/embed?pb=!1m18!1m12!1m3!1d2625.76867724874!2d2.352292676798771!3d48.84355090175027!2m3!1f0!2f0!3f0!3m2!1i1024!2i768!4f13.1!3m3!1m2!1s0x47e671f02ad8a2b7%3A0xb41576424b802d73!2s59%20Rue%20Geoffroy-Saint-Hilaire%2C%2075005%20Paris!5e0!3m2!1sfr!2sfr!4v1734489924735!5m2!1sfr!2sfr\" width=\"600\" height=\"450\" style=\"border:0;\" allowfullscreen=\"\" loading=\"lazy\" referrerpolicy=\"no-referrer-when-downgrade\"><\/iframe>\t\t\t\t<\/div>\n\t\t\t\t<\/div>\n\t\t\t\t<\/div>\n\t\t<div class=\"elementor-element elementor-element-29513f9 e-flex e-con-boxed e-con e-parent\" data-id=\"29513f9\" data-element_type=\"container\">\n\t\t\t\t\t<div class=\"e-con-inner\">\n\t\t\t\t<div class=\"elementor-element elementor-element-2ab2326 elementor-widget elementor-widget-spacer\" data-id=\"2ab2326\" data-element_type=\"widget\" data-widget_type=\"spacer.default\">\n\t\t\t\t<div class=\"elementor-widget-container\">\n\t\t\t\t\t\t\t<div class=\"elementor-spacer\">\n\t\t\t<div class=\"elementor-spacer-inner\"><\/div>\n\t\t<\/div>\n\t\t\t\t\t\t<\/div>\n\t\t\t\t<\/div>\n\t\t\t\t\t<\/div>\n\t\t\t\t<\/div>\n\t\t<div class=\"elementor-element elementor-element-1a0758bf e-con-full e-flex e-con e-parent\" data-id=\"1a0758bf\" data-element_type=\"container\" data-settings=\"{&quot;background_background&quot;:&quot;classic&quot;}\">\n\t\t\t\t<\/div>\n\t\t\t\t<\/div>\n\t\t","protected":false},"excerpt":{"rendered":"<p>At Dr Nabila Merniz&#8217;s practice 4 Rue du Mar\u00e9chal Harispe, 75007 Paris Tel: 06 25 94 69 81 Opening hours: Tuesday, Saturday: 9am &#8211; 7pm. metro: Line.8: \u00e9cole militaireLine.9: alma-marceau See map H\u00f4pital priv\u00e9 Geoffroy Saint-Hilaire59 Rue Geoffroy-Saint-Hilaire, 75005 Paris Tel: 06 25 94 69 81 Opening hours: Wednesday, Friday: 9am &#8211; 7pm. metro: Line.7: [&hellip;]<\/p>\n","protected":false},"author":2,"featured_media":15401,"parent":0,"menu_order":6,"comment_status":"closed","ping_status":"closed","template":"page-full-width.php","meta":{"footnotes":""},"class_list":["post-15326","page","type-page","status-publish","has-post-thumbnail","hentry"],"_links":{"self":[{"href":"https:\/\/nabilamerniz.com\/en\/wp-json\/wp\/v2\/pages\/15326","targetHints":{"allow":["GET"]}}],"collection":[{"href":"https:\/\/nabilamerniz.com\/en\/wp-json\/wp\/v2\/pages"}],"about":[{"href":"https:\/\/nabilamerniz.com\/en\/wp-json\/wp\/v2\/types\/page"}],"author":[{"embeddable":true,"href":"https:\/\/nabilamerniz.com\/en\/wp-json\/wp\/v2\/users\/2"}],"replies":[{"embeddable":true,"href":"https:\/\/nabilamerniz.com\/en\/wp-json\/wp\/v2\/comments?post=15326"}],"version-history":[{"count":1,"href":"https:\/\/nabilamerniz.com\/en\/wp-json\/wp\/v2\/pages\/15326\/revisions"}],"predecessor-version":[{"id":15327,"href":"https:\/\/nabilamerniz.com\/en\/wp-json\/wp\/v2\/pages\/15326\/revisions\/15327"}],"wp:featuredmedia":[{"embeddable":true,"href":"https:\/\/nabilamerniz.com\/en\/wp-json\/wp\/v2\/media\/15401"}],"wp:attachment":[{"href":"https:\/\/nabilamerniz.com\/en\/wp-json\/wp\/v2\/media?parent=15326"}],"curies":[{"name":"wp","href":"https:\/\/api.w.org\/{rel}","templated":true}]}}