{"id":15337,"date":"2025-01-11T18:16:26","date_gmt":"2025-01-11T18:16:26","guid":{"rendered":"https:\/\/nabilamerniz.com\/pain\/neuralgia-and-neuropathy\/"},"modified":"2025-03-10T15:46:04","modified_gmt":"2025-03-10T15:46:04","slug":"neuralgia-and-neuropathy","status":"publish","type":"page","link":"https:\/\/nabilamerniz.com\/en\/pain\/neuralgia-and-neuropathy\/","title":{"rendered":"Neuralgia and Neuropathy"},"content":{"rendered":"\t\t<div data-elementor-type=\"wp-page\" data-elementor-id=\"15337\" class=\"elementor elementor-15337 elementor-12427\" data-elementor-post-type=\"page\">\n\t\t\t\t<div class=\"elementor-element elementor-element-1e21be67 e-con-full e-flex e-con e-parent\" data-id=\"1e21be67\" data-element_type=\"container\">\n\t\t<div class=\"elementor-element elementor-element-2968431e e-con-full e-flex e-con e-child\" data-id=\"2968431e\" data-element_type=\"container\" data-settings=\"{&quot;background_background&quot;:&quot;classic&quot;}\">\n\t\t\t\t<div class=\"elementor-element elementor-element-5dc7b9fc elementor-widget elementor-widget-fidalgo_core_info_section\" data-id=\"5dc7b9fc\" data-element_type=\"widget\" data-widget_type=\"fidalgo_core_info_section.default\">\n\t\t\t\t<div class=\"elementor-widget-container\">\n\t\t\t\t\t<div class=\"qodef-shortcode qodef-m  qodef-info-section qodef-layout--background-text  qodef-background-text-pos--top-left \">\n    <div class=\"qodef-m-info\">\n        <div class=\"qodef-m-title-holder\">\n                        \t<h1 class=\"qodef-m-title\" >\n\t\tNeuralgia and Neuropathy\t<\/h1>\n        <\/div>\n        <div class=\"qodef-m-text-holder\" style=\"margin-top: 10px\">\n            <div class=\"qodef-m-text-info\">\n        <div class=\"qodef-m-text\" ><h6 style=\"text-align: center\">Let's take care of your pain!<\/h6><\/div>\n    <\/div>\n        <\/div>\n\t\t\t<\/div>\n<\/div>\t\t\t\t<\/div>\n\t\t\t\t<\/div>\n\t\t\t\t<\/div>\n\t\t\t\t<\/div>\n\t\t<div class=\"elementor-element elementor-element-4527f51c e-con-full qodef-elementor-content-grid e-flex e-con e-parent\" data-id=\"4527f51c\" data-element_type=\"container\">\n\t\t<div class=\"elementor-element elementor-element-55dc29ac e-con-full e-flex e-con e-child\" data-id=\"55dc29ac\" data-element_type=\"container\">\n\t\t\t\t<div class=\"elementor-element elementor-element-4f6fcb63 elementor-widget__width-initial elementor-widget elementor-widget-fidalgo_core_section_title\" data-id=\"4f6fcb63\" data-element_type=\"widget\" data-widget_type=\"fidalgo_core_section_title.default\">\n\t\t\t\t<div class=\"elementor-widget-container\">\n\t\t\t\t\t<div class=\"qodef-shortcode qodef-m  qodef-section-title qodef-alignment--left  qodef-decoration--enabled\">\n\t\t<h3 class=\"qodef-m-title\" >\n\t\t\t\t\tTreated types\t\t\t<\/h3>\n\t\t<\/div>\n\t\t\t\t<\/div>\n\t\t\t\t<\/div>\n\t\t\t\t<div class=\"elementor-element elementor-element-2e2d87ae elementor-widget__width-initial elementor-widget elementor-widget-fidalgo_core_restaurant_menu_list\" data-id=\"2e2d87ae\" data-element_type=\"widget\" data-widget_type=\"fidalgo_core_restaurant_menu_list.default\">\n\t\t\t\t<div class=\"elementor-widget-container\">\n\t\t\t\t\t<div class=\"qodef-shortcode qodef-m  qodef-restaurant-menu-list qodef-restaurant-menu-list--outline   qodef-skin--default qodef-grid qodef-layout--columns   qodef-vertical-gutter--custom qodef-col-num--1 qodef-item-layout--side-by-side   qodef-responsive--custom qodef-col-num--1512--1 qodef-col-num--1368--1 qodef-col-num--1200--1 qodef-col-num--1024--1 qodef-col-num--880--1 qodef-col-num--680--1 qodef-swiper--show-pagination\" style=\"--qode-vertical-gutter-custom: 15px;--qode-vertical-gutter-custom-1512: 15px;--qode-vertical-gutter-custom-1200: 15px;--qode-vertical-gutter-custom-880: 15px\">\n\t<div class=\"qodef-grid-inner\">\n\t\t<div class=\"qodef-e qodef-grid-item \">\n\t<div class=\"qodef-e-inner\">\n\t\t\t\t<div class=\"qodef-e-content\">\n\t\t\t<div class=\"qodef-e-heading\">\n\t\t\t\t<h5 class=\"qodef-e-title\" >\n\u25ba N\u00e9vralgie du trijumeau<\/h5>\n\t\t\t<\/div>\n\t\t\t\t<p class=\"qodef-e-description\">\n\t\tune douleur faciale intense caus\u00e9e par l&#039;irritation du nerf trijumeau. Elle se manifeste par des d\u00e9charges \u00e9lectriques fulgurantes au niveau du visage, souvent d\u00e9clench\u00e9es par des gestes simples comme parler ou m\u00e2cher.\t<\/p>\n\t\t<\/div>\n\t<\/div>\n<\/div>\n<div class=\"qodef-e qodef-grid-item \">\n\t<div class=\"qodef-e-inner\">\n\t\t\t\t<div class=\"qodef-e-content\">\n\t\t\t<div class=\"qodef-e-heading\">\n\t\t\t\t<h5 class=\"qodef-e-title\" >\n\u25ba Autres Algie de la face<\/h5>\n\t\t\t<\/div>\n\t\t\t\t<p class=\"qodef-e-description\">\n\t\tCela regroupent plusieurs types de douleurs faciales chroniques, souvent intenses et localis\u00e9es. Elles incluent des pathologies comme les c\u00e9phal\u00e9es en grappe, la n\u00e9vralgie glossopharyng\u00e9e ou les douleurs atypiques.\t<\/p>\n\t\t<\/div>\n\t<\/div>\n<\/div>\n<div class=\"qodef-e qodef-grid-item \">\n\t<div class=\"qodef-e-inner\">\n\t\t\t\t<div class=\"qodef-e-content\">\n\t\t\t<div class=\"qodef-e-heading\">\n\t\t\t\t<h5 class=\"qodef-e-title\" >\n\u25ba N\u00e9vralgie post soins dentaire<\/h5>\n\t\t\t<\/div>\n\t\t\t\t<p class=\"qodef-e-description\">\n\t\tElle se manifeste par une douleur persistante ou aigu\u00eb apr\u00e8s un traitement dentaire, souvent li\u00e9e \u00e0 l&#039;irritation ou l&#039;inflammation des nerfs. Elle peut survenir apr\u00e8s une extraction, un plombage ou un d\u00e9tartrage.\t<\/p>\n\t\t<\/div>\n\t<\/div>\n<\/div>\n<div class=\"qodef-e qodef-grid-item \">\n\t<div class=\"qodef-e-inner\">\n\t\t\t\t<div class=\"qodef-e-content\">\n\t\t\t<div class=\"qodef-e-heading\">\n\t\t\t\t<h5 class=\"qodef-e-title\" >\n\u25ba N\u00e9vralgie d\u2019Arnold<\/h5>\n\t\t\t<\/div>\n\t\t\t\t<p class=\"qodef-e-description\">\n\t\tC&#039;est une douleur intense au niveau de la nuque et de l&#039;arri\u00e8re de la t\u00eate, caus\u00e9e par l&#039;irritation du nerf d&#039;Arnold. Cette douleur peut irradier vers le cuir chevelu, les oreilles et les yeux. \t<\/p>\n\t\t<\/div>\n\t<\/div>\n<\/div>\n\t<\/div>\n<\/div>\n\t\t\t\t<\/div>\n\t\t\t\t<\/div>\n\t\t\t\t<\/div>\n\t\t<div class=\"elementor-element elementor-element-4ec2108a e-con-full e-flex e-con e-child\" data-id=\"4ec2108a\" data-element_type=\"container\">\n\t\t\t\t<div class=\"elementor-element elementor-element-395f3ca1 elementor-widget__width-initial elementor-widget elementor-widget-fidalgo_core_single_image\" data-id=\"395f3ca1\" data-element_type=\"widget\" data-widget_type=\"fidalgo_core_single_image.default\">\n\t\t\t\t<div class=\"elementor-widget-container\">\n\t\t\t\t\t<div class=\"qodef-shortcode qodef-m  qodef-single-image qodef-layout--default   qodef--border-radius   qodef--has-appear\" style=\"--qode-border-radius: 250px 250px 0px 0px\">\n\t\t\t<div class=\"qodef-m-image\">\n\t\t\t\t\t\t\t\t<img fetchpriority=\"high\" decoding=\"async\" width=\"900\" height=\"1352\" src=\"https:\/\/nabilamerniz.com\/wp-content\/uploads\/2023\/10\/menu-img2.jpg\" class=\"attachment-full size-full\" alt=\"a\" srcset=\"https:\/\/nabilamerniz.com\/wp-content\/uploads\/2023\/10\/menu-img2.jpg 900w, https:\/\/nabilamerniz.com\/wp-content\/uploads\/2023\/10\/menu-img2-600x901.jpg 600w, https:\/\/nabilamerniz.com\/wp-content\/uploads\/2023\/10\/menu-img2-200x300.jpg 200w, https:\/\/nabilamerniz.com\/wp-content\/uploads\/2023\/10\/menu-img2-682x1024.jpg 682w, https:\/\/nabilamerniz.com\/wp-content\/uploads\/2023\/10\/menu-img2-768x1154.jpg 768w\" sizes=\"(max-width: 900px) 100vw, 900px\" \/>\t\t\t\t\t\t\t<\/div>\n\t\t\t\t\t<\/div>\n\t\t\t\t<\/div>\n\t\t\t\t<\/div>\n\t\t\t\t<\/div>\n\t\t\t\t<\/div>\n\t\t<div class=\"elementor-element elementor-element-312de4a3 e-con-full qodef-elementor-content-grid e-flex e-con e-parent\" data-id=\"312de4a3\" data-element_type=\"container\">\n\t\t<div class=\"elementor-element elementor-element-6f2bd2aa e-con-full e-flex e-con e-child\" data-id=\"6f2bd2aa\" data-element_type=\"container\">\n\t\t\t\t<div class=\"elementor-element elementor-element-24d2baee elementor-widget__width-initial elementor-widget elementor-widget-fidalgo_core_single_image\" data-id=\"24d2baee\" data-element_type=\"widget\" data-widget_type=\"fidalgo_core_single_image.default\">\n\t\t\t\t<div class=\"elementor-widget-container\">\n\t\t\t\t\t<div class=\"qodef-shortcode qodef-m  qodef-single-image qodef-layout--default   qodef--border-radius   qodef--has-appear\" style=\"--qode-border-radius: 0px 200px 0px 0px\">\n\t\t\t<div class=\"qodef-m-image\">\n\t\t\t\t\t\t\t\t<img decoding=\"async\" width=\"900\" height=\"1404\" src=\"https:\/\/nabilamerniz.com\/wp-content\/uploads\/2023\/10\/menu-img3.jpg\" class=\"attachment-full size-full\" alt=\"a\" srcset=\"https:\/\/nabilamerniz.com\/wp-content\/uploads\/2023\/10\/menu-img3.jpg 900w, https:\/\/nabilamerniz.com\/wp-content\/uploads\/2023\/10\/menu-img3-600x936.jpg 600w, https:\/\/nabilamerniz.com\/wp-content\/uploads\/2023\/10\/menu-img3-192x300.jpg 192w, https:\/\/nabilamerniz.com\/wp-content\/uploads\/2023\/10\/menu-img3-656x1024.jpg 656w, https:\/\/nabilamerniz.com\/wp-content\/uploads\/2023\/10\/menu-img3-768x1198.jpg 768w\" sizes=\"(max-width: 900px) 100vw, 900px\" \/>\t\t\t\t\t\t\t<\/div>\n\t\t\t\t\t<\/div>\n\t\t\t\t<\/div>\n\t\t\t\t<\/div>\n\t\t\t\t<\/div>\n\t\t<div class=\"elementor-element elementor-element-7de2d69f e-con-full e-flex e-con e-child\" data-id=\"7de2d69f\" data-element_type=\"container\">\n\t\t\t\t<div class=\"elementor-element elementor-element-64db0f1 elementor-widget__width-initial elementor-widget elementor-widget-fidalgo_core_restaurant_menu_list\" data-id=\"64db0f1\" data-element_type=\"widget\" data-widget_type=\"fidalgo_core_restaurant_menu_list.default\">\n\t\t\t\t<div class=\"elementor-widget-container\">\n\t\t\t\t\t<div class=\"qodef-shortcode qodef-m  qodef-restaurant-menu-list qodef-restaurant-menu-list--outline   qodef-skin--default qodef-grid qodef-layout--columns   qodef-vertical-gutter--custom qodef-col-num--1 qodef-item-layout--side-by-side   qodef-responsive--custom qodef-col-num--1512--1 qodef-col-num--1368--1 qodef-col-num--1200--1 qodef-col-num--1024--1 qodef-col-num--880--1 qodef-col-num--680--1 qodef-swiper--show-pagination\" style=\"--qode-vertical-gutter-custom: 15px;--qode-vertical-gutter-custom-1512: 15px;--qode-vertical-gutter-custom-1200: 15px;--qode-vertical-gutter-custom-880: 15px\">\n\t<div class=\"qodef-grid-inner\">\n\t\t<div class=\"qodef-e qodef-grid-item \">\n\t<div class=\"qodef-e-inner\">\n\t\t\t\t<div class=\"qodef-e-content\">\n\t\t\t<div class=\"qodef-e-heading\">\n\t\t\t\t<h5 class=\"qodef-e-title\" >\n\u25ba N\u00e9vralgie cervico brachiale<\/h5>\n\t\t\t<\/div>\n\t\t\t\t<p class=\"qodef-e-description\">\n\t\tune douleur qui irradie du cou vers le bras, caus\u00e9e par la compression ou l&#039;irritation des racines nerveuses cervicales. Elle se manifeste souvent par des douleurs, des engourdissements ou des picotements dans le bras.\t<\/p>\n\t\t<\/div>\n\t<\/div>\n<\/div>\n<div class=\"qodef-e qodef-grid-item \">\n\t<div class=\"qodef-e-inner\">\n\t\t\t\t<div class=\"qodef-e-content\">\n\t\t\t<div class=\"qodef-e-heading\">\n\t\t\t\t<h5 class=\"qodef-e-title\" >\n\u25ba Syndrome du d\u00e9fil\u00e9 thoracobrachiale<\/h5>\n\t\t\t<\/div>\n\t\t\t\t<p class=\"qodef-e-description\">\n\t\tUne compression des nerfs ou des vaisseaux sanguins entre le cou et l&#039;aisselle, entra\u00eenant douleur, engourdissement ou faiblesse dans le bras et l&#039;\u00e9paule. Il peut \u00eatre caus\u00e9 par une mauvaise posture, des anomalies anatomiques ou des efforts r\u00e9p\u00e9titifs. \t<\/p>\n\t\t<\/div>\n\t<\/div>\n<\/div>\n<div class=\"qodef-e qodef-grid-item \">\n\t<div class=\"qodef-e-inner\">\n\t\t\t\t<div class=\"qodef-e-content\">\n\t\t\t<div class=\"qodef-e-heading\">\n\t\t\t\t<h5 class=\"qodef-e-title\" >\n\u25ba Sciatique et Cruralgie neuropathique<\/h5>\n\t\t\t<\/div>\n\t\t\t\t<p class=\"qodef-e-description\">\n\t\tDes douleurs nerveuses qui affectent respectivement le nerf sciatique et le nerf crural, souvent \u00e0 cause d&#039;une hernie discale ou de la compression des nerfs. Ces douleurs irradient le long des jambes et peuvent entra\u00eener des engourdissements et des difficult\u00e9s de mouvement. \t<\/p>\n\t\t<\/div>\n\t<\/div>\n<\/div>\n\t<\/div>\n<\/div>\n\t\t\t\t<\/div>\n\t\t\t\t<\/div>\n\t\t\t\t<\/div>\n\t\t\t\t<\/div>\n\t\t<div class=\"elementor-element elementor-element-537035ff e-con-full qodef-elementor-content-grid e-flex e-con e-parent\" data-id=\"537035ff\" data-element_type=\"container\">\n\t\t<div class=\"elementor-element elementor-element-71117330 e-con-full e-flex e-con e-child\" data-id=\"71117330\" data-element_type=\"container\">\n\t\t<div class=\"elementor-element elementor-element-6f98cf87 e-con-full e-flex e-con e-child\" data-id=\"6f98cf87\" data-element_type=\"container\">\n\t\t\t\t<div class=\"elementor-element elementor-element-1f78424f elementor-widget__width-initial elementor-widget-mobile__width-inherit elementor-widget elementor-widget-fidalgo_core_single_image\" data-id=\"1f78424f\" data-element_type=\"widget\" data-widget_type=\"fidalgo_core_single_image.default\">\n\t\t\t\t<div class=\"elementor-widget-container\">\n\t\t\t\t\t<div class=\"qodef-shortcode qodef-m  qodef-single-image qodef-layout--default   qodef--border-radius   qodef--has-appear\" style=\"--qode-border-radius: 193px\">\n\t\t\t<div class=\"qodef-m-image\">\n\t\t\t\t\t\t\t\t<img decoding=\"async\" width=\"600\" height=\"740\" src=\"https:\/\/nabilamerniz.com\/wp-content\/uploads\/2023\/10\/menu-img4.jpg\" class=\"attachment-full size-full\" alt=\"a\" srcset=\"https:\/\/nabilamerniz.com\/wp-content\/uploads\/2023\/10\/menu-img4.jpg 600w, https:\/\/nabilamerniz.com\/wp-content\/uploads\/2023\/10\/menu-img4-243x300.jpg 243w\" sizes=\"(max-width: 600px) 100vw, 600px\" \/>\t\t\t\t\t\t\t<\/div>\n\t\t\t\t\t<\/div>\n\t\t\t\t<\/div>\n\t\t\t\t<\/div>\n\t\t\t\t<\/div>\n\t\t<div class=\"elementor-element elementor-element-3e0596eb e-con-full e-flex e-con e-child\" data-id=\"3e0596eb\" data-element_type=\"container\">\n\t\t\t\t<div class=\"elementor-element elementor-element-28bb8059 elementor-widget__width-initial elementor-widget elementor-widget-fidalgo_core_single_image\" data-id=\"28bb8059\" data-element_type=\"widget\" data-widget_type=\"fidalgo_core_single_image.default\">\n\t\t\t\t<div class=\"elementor-widget-container\">\n\t\t\t\t\t<div class=\"qodef-shortcode qodef-m  qodef-single-image qodef-layout--default      qodef--has-appear\" >\n\t\t\t<div class=\"qodef-m-image\">\n\t\t\t\t\t\t\t\t<img loading=\"lazy\" decoding=\"async\" width=\"600\" height=\"402\" src=\"https:\/\/nabilamerniz.com\/wp-content\/uploads\/2023\/10\/menu-img5.jpg\" class=\"attachment-full size-full\" alt=\"a\" srcset=\"https:\/\/nabilamerniz.com\/wp-content\/uploads\/2023\/10\/menu-img5.jpg 600w, https:\/\/nabilamerniz.com\/wp-content\/uploads\/2023\/10\/menu-img5-300x201.jpg 300w\" sizes=\"(max-width: 600px) 100vw, 600px\" \/>\t\t\t\t\t\t\t<\/div>\n\t\t\t\t\t<\/div>\n\t\t\t\t<\/div>\n\t\t\t\t<\/div>\n\t\t\t\t<\/div>\n\t\t\t\t<\/div>\n\t\t<div class=\"elementor-element elementor-element-4c4e612e e-con-full e-flex e-con e-child\" data-id=\"4c4e612e\" data-element_type=\"container\">\n\t\t\t\t<div class=\"elementor-element elementor-element-24a4949a elementor-widget__width-initial elementor-widget elementor-widget-fidalgo_core_restaurant_menu_list\" data-id=\"24a4949a\" data-element_type=\"widget\" data-widget_type=\"fidalgo_core_restaurant_menu_list.default\">\n\t\t\t\t<div class=\"elementor-widget-container\">\n\t\t\t\t\t<div class=\"qodef-shortcode qodef-m  qodef-restaurant-menu-list qodef-restaurant-menu-list--outline   qodef-skin--default qodef-grid qodef-layout--columns   qodef-vertical-gutter--custom qodef-col-num--1 qodef-item-layout--side-by-side   qodef-responsive--custom qodef-col-num--1512--1 qodef-col-num--1368--1 qodef-col-num--1200--1 qodef-col-num--1024--1 qodef-col-num--880--1 qodef-col-num--680--1 qodef-swiper--show-pagination\" style=\"--qode-vertical-gutter-custom: 15px;--qode-vertical-gutter-custom-1512: 15px;--qode-vertical-gutter-custom-1200: 15px;--qode-vertical-gutter-custom-880: 15px\">\n\t<div class=\"qodef-grid-inner\">\n\t\t<div class=\"qodef-e qodef-grid-item \">\n\t<div class=\"qodef-e-inner\">\n\t\t\t\t<div class=\"qodef-e-content\">\n\t\t\t<div class=\"qodef-e-heading\">\n\t\t\t\t<h5 class=\"qodef-e-title\" >\n\u25ba Pudendalgie<\/h5>\n\t\t\t<\/div>\n\t\t\t\t<p class=\"qodef-e-description\">\n\t\tUne douleur chronique du nerf pudendal, affectant la r\u00e9gion g\u00e9nitale, pelvienne et anale. Elle se manifeste souvent par des sensations de br\u00fblure, de piq\u00fbres ou de douleurs profondes, pouvant \u00eatre d\u00e9clench\u00e9es par des mouvements ou des pressions..\t<\/p>\n\t\t<\/div>\n\t<\/div>\n<\/div>\n<div class=\"qodef-e qodef-grid-item \">\n\t<div class=\"qodef-e-inner\">\n\t\t\t\t<div class=\"qodef-e-content\">\n\t\t\t<div class=\"qodef-e-heading\">\n\t\t\t\t<h5 class=\"qodef-e-title\" >\n\u25ba N\u00e9vralgie clun\u00e9ale<\/h5>\n\t\t\t<\/div>\n\t\t\t\t<p class=\"qodef-e-description\">\n\t\tC&#039;est une douleur aigu\u00eb ou chronique affectant les fesses, due \u00e0 l&#039;irritation du nerf clun\u00e9ale. Elle peut \u00eatre caus\u00e9e par des blessures, une compression nerveuse ou des troubles musculaires. \t<\/p>\n\t\t<\/div>\n\t<\/div>\n<\/div>\n<div class=\"qodef-e qodef-grid-item \">\n\t<div class=\"qodef-e-inner\">\n\t\t\t\t<div class=\"qodef-e-content\">\n\t\t\t<div class=\"qodef-e-heading\">\n\t\t\t\t<h5 class=\"qodef-e-title\" >\n\u25ba Neuropathie post Zona<\/h5>\n\t\t\t<\/div>\n\t\t\t\t<p class=\"qodef-e-description\">\n\t\tUne douleur persistante qui survient apr\u00e8s une infection par le virus du zona, souvent dans la zone affect\u00e9e par l&#039;\u00e9ruption cutan\u00e9e. Elle peut entra\u00eener des douleurs br\u00fblantes, des d\u00e9mangeaisons ou des sensibilit\u00e9s au toucher.\t<\/p>\n\t\t<\/div>\n\t<\/div>\n<\/div>\n\t<\/div>\n<\/div>\n\t\t\t\t<\/div>\n\t\t\t\t<\/div>\n\t\t\t\t<\/div>\n\t\t\t\t<\/div>\n\t\t<div class=\"elementor-element elementor-element-2909265e e-con-full e-flex e-con e-parent\" data-id=\"2909265e\" data-element_type=\"container\" data-settings=\"{&quot;background_background&quot;:&quot;classic&quot;}\">\n\t\t\t\t<div class=\"elementor-element elementor-element-670ec96 elementor-widget elementor-widget-spacer\" data-id=\"670ec96\" data-element_type=\"widget\" data-widget_type=\"spacer.default\">\n\t\t\t\t<div class=\"elementor-widget-container\">\n\t\t\t\t\t\t\t<div class=\"elementor-spacer\">\n\t\t\t<div class=\"elementor-spacer-inner\"><\/div>\n\t\t<\/div>\n\t\t\t\t\t\t<\/div>\n\t\t\t\t<\/div>\n\t\t\t\t<div class=\"elementor-element elementor-element-3553ef0 elementor-cta--skin-classic elementor-animated-content elementor-bg-transform elementor-bg-transform-zoom-in elementor-widget elementor-widget-call-to-action\" data-id=\"3553ef0\" data-element_type=\"widget\" data-widget_type=\"call-to-action.default\">\n\t\t\t\t<div class=\"elementor-widget-container\">\n\t\t\t\t\t\t\t<div class=\"elementor-cta\">\n\t\t\t\t\t<div class=\"elementor-cta__bg-wrapper\">\n\t\t\t\t<div class=\"elementor-cta__bg elementor-bg\" style=\"background-image: url(https:\/\/nabilamerniz.com\/wp-content\/uploads\/2024\/12\/dr_nabila_experte_debut-1024x703.webp);\" role=\"img\" aria-label=\"dr_nabila_experte_debut\"><\/div>\n\t\t\t\t<div class=\"elementor-cta__bg-overlay\"><\/div>\n\t\t\t<\/div>\n\t\t\t\t\t\t\t<div class=\"elementor-cta__content\">\n\t\t\t\t\n\t\t\t\t\t\t\t\t\t<h2 class=\"elementor-cta__title elementor-cta__content-item elementor-content-item\">\n\t\t\t\t\t\tBook on Doctolib\t\t\t\t\t<\/h2>\n\t\t\t\t\n\t\t\t\t\t\t\t\t\t<div class=\"elementor-cta__description elementor-cta__content-item elementor-content-item\">\n\t\t\t\t\t\tBook the exact day and time of your appointment\t\t\t\t\t<\/div>\n\t\t\t\t\n\t\t\t\t\t\t\t\t\t<div class=\"elementor-cta__button-wrapper elementor-cta__content-item elementor-content-item \">\n\t\t\t\t\t<a class=\"elementor-cta__button elementor-button elementor-size-\" href=\"https:\/\/www.doctolib.fr\/medecin-de-la-douleur\/paris\/nabila-merniz\/booking\/places?specialityId=15&#038;telehealth=false&#038;profile_skipped=true&#038;bookingFunnelSource=external_referral\" target=\"_blank\">\n\t\t\t\t\t\tClick here to book your appointment!\t\t\t\t\t<\/a>\n\t\t\t\t\t<\/div>\n\t\t\t\t\t\t\t<\/div>\n\t\t\t\t\t\t<\/div>\n\t\t\t\t\t\t<\/div>\n\t\t\t\t<\/div>\n\t\t\t\t<div class=\"elementor-element elementor-element-7dad373 elementor-widget elementor-widget-spacer\" data-id=\"7dad373\" data-element_type=\"widget\" data-widget_type=\"spacer.default\">\n\t\t\t\t<div class=\"elementor-widget-container\">\n\t\t\t\t\t\t\t<div class=\"elementor-spacer\">\n\t\t\t<div class=\"elementor-spacer-inner\"><\/div>\n\t\t<\/div>\n\t\t\t\t\t\t<\/div>\n\t\t\t\t<\/div>\n\t\t\t\t<\/div>\n\t\t\t\t<\/div>\n\t\t","protected":false},"excerpt":{"rendered":"<p>Neuralgia and Neuropathy Let&#8217;s take care of your pain! Treated types \u25ba N\u00e9vralgie du trijumeau une douleur faciale intense caus\u00e9e par l&#039;irritation du nerf trijumeau. Elle se manifeste par des d\u00e9charges \u00e9lectriques fulgurantes au niveau du visage, souvent d\u00e9clench\u00e9es par des gestes simples comme parler ou m\u00e2cher. \u25ba Autres Algie de la face Cela regroupent [&hellip;]<\/p>\n","protected":false},"author":2,"featured_media":15397,"parent":15282,"menu_order":1,"comment_status":"closed","ping_status":"closed","template":"page-full-width.php","meta":{"footnotes":""},"class_list":["post-15337","page","type-page","status-publish","has-post-thumbnail","hentry"],"_links":{"self":[{"href":"https:\/\/nabilamerniz.com\/en\/wp-json\/wp\/v2\/pages\/15337","targetHints":{"allow":["GET"]}}],"collection":[{"href":"https:\/\/nabilamerniz.com\/en\/wp-json\/wp\/v2\/pages"}],"about":[{"href":"https:\/\/nabilamerniz.com\/en\/wp-json\/wp\/v2\/types\/page"}],"author":[{"embeddable":true,"href":"https:\/\/nabilamerniz.com\/en\/wp-json\/wp\/v2\/users\/2"}],"replies":[{"embeddable":true,"href":"https:\/\/nabilamerniz.com\/en\/wp-json\/wp\/v2\/comments?post=15337"}],"version-history":[{"count":1,"href":"https:\/\/nabilamerniz.com\/en\/wp-json\/wp\/v2\/pages\/15337\/revisions"}],"predecessor-version":[{"id":15338,"href":"https:\/\/nabilamerniz.com\/en\/wp-json\/wp\/v2\/pages\/15337\/revisions\/15338"}],"up":[{"embeddable":true,"href":"https:\/\/nabilamerniz.com\/en\/wp-json\/wp\/v2\/pages\/15282"}],"wp:featuredmedia":[{"embeddable":true,"href":"https:\/\/nabilamerniz.com\/en\/wp-json\/wp\/v2\/media\/15397"}],"wp:attachment":[{"href":"https:\/\/nabilamerniz.com\/en\/wp-json\/wp\/v2\/media?parent=15337"}],"curies":[{"name":"wp","href":"https:\/\/api.w.org\/{rel}","templated":true}]}}