{"id":15339,"date":"2025-01-12T18:17:47","date_gmt":"2025-01-12T18:17:47","guid":{"rendered":"https:\/\/nabilamerniz.com\/pain\/chronic-nerve-pain\/"},"modified":"2025-03-10T15:46:04","modified_gmt":"2025-03-10T15:46:04","slug":"chronic-nerve-pain","status":"publish","type":"page","link":"https:\/\/nabilamerniz.com\/en\/pain\/chronic-nerve-pain\/","title":{"rendered":"Chronic &amp; nerve pain"},"content":{"rendered":"\t\t<div data-elementor-type=\"wp-page\" data-elementor-id=\"15339\" class=\"elementor elementor-15339 elementor-12487\" data-elementor-post-type=\"page\">\n\t\t\t\t<div class=\"elementor-element elementor-element-36f09c80 e-con-full e-flex e-con e-parent\" data-id=\"36f09c80\" data-element_type=\"container\">\n\t\t<div class=\"elementor-element elementor-element-2829679f e-con-full e-flex e-con e-child\" data-id=\"2829679f\" data-element_type=\"container\" data-settings=\"{&quot;background_background&quot;:&quot;classic&quot;}\">\n\t\t\t\t<div class=\"elementor-element elementor-element-421c91d7 elementor-widget elementor-widget-fidalgo_core_info_section\" data-id=\"421c91d7\" data-element_type=\"widget\" data-widget_type=\"fidalgo_core_info_section.default\">\n\t\t\t\t<div class=\"elementor-widget-container\">\n\t\t\t\t\t<div class=\"qodef-shortcode qodef-m  qodef-info-section qodef-layout--background-text  qodef-background-text-pos--top-left \">\n    <div class=\"qodef-m-info\">\n        <div class=\"qodef-m-title-holder\">\n                        \t<h1 class=\"qodef-m-title\" >\n\t\tChronic &amp; Nervous Pain\t<\/h1>\n        <\/div>\n        <div class=\"qodef-m-text-holder\" style=\"margin-top: 10px\">\n            <div class=\"qodef-m-text-info\">\n        <div class=\"qodef-m-text\" ><h6 style=\"text-align: center\">Let's take care of your pain!<\/h6><\/div>\n    <\/div>\n        <\/div>\n\t\t\t<\/div>\n<\/div>\t\t\t\t<\/div>\n\t\t\t\t<\/div>\n\t\t\t\t<\/div>\n\t\t\t\t<\/div>\n\t\t<div class=\"elementor-element elementor-element-1cb7260d e-con-full qodef-elementor-content-grid e-flex e-con e-parent\" data-id=\"1cb7260d\" data-element_type=\"container\">\n\t\t<div class=\"elementor-element elementor-element-7abab6c4 e-con-full e-flex e-con e-child\" data-id=\"7abab6c4\" data-element_type=\"container\">\n\t\t\t\t<div class=\"elementor-element elementor-element-750789fc elementor-widget__width-initial elementor-widget elementor-widget-fidalgo_core_section_title\" data-id=\"750789fc\" data-element_type=\"widget\" data-widget_type=\"fidalgo_core_section_title.default\">\n\t\t\t\t<div class=\"elementor-widget-container\">\n\t\t\t\t\t<div class=\"qodef-shortcode qodef-m  qodef-section-title qodef-alignment--left  qodef-decoration--enabled\">\n\t\t<h3 class=\"qodef-m-title\" >\n\t\t\t\t\tTypes Processed\t\t\t<\/h3>\n\t\t<\/div>\n\t\t\t\t<\/div>\n\t\t\t\t<\/div>\n\t\t\t\t<div class=\"elementor-element elementor-element-40a4a85f elementor-widget__width-initial elementor-widget elementor-widget-fidalgo_core_restaurant_menu_list\" data-id=\"40a4a85f\" data-element_type=\"widget\" data-widget_type=\"fidalgo_core_restaurant_menu_list.default\">\n\t\t\t\t<div class=\"elementor-widget-container\">\n\t\t\t\t\t<div class=\"qodef-shortcode qodef-m  qodef-restaurant-menu-list qodef-restaurant-menu-list--outline   qodef-skin--default qodef-grid qodef-layout--columns   qodef-vertical-gutter--custom qodef-col-num--1 qodef-item-layout--side-by-side   qodef-responsive--custom qodef-col-num--1512--1 qodef-col-num--1368--1 qodef-col-num--1200--1 qodef-col-num--1024--1 qodef-col-num--880--1 qodef-col-num--680--1 qodef-swiper--show-pagination\" style=\"--qode-vertical-gutter-custom: 15px;--qode-vertical-gutter-custom-1512: 15px;--qode-vertical-gutter-custom-1200: 15px;--qode-vertical-gutter-custom-880: 15px\">\n\t<div class=\"qodef-grid-inner\">\n\t\t<div class=\"qodef-e qodef-grid-item \">\n\t<div class=\"qodef-e-inner\">\n\t\t\t\t<div class=\"qodef-e-content\">\n\t\t\t<div class=\"qodef-e-heading\">\n\t\t\t\t<h5 class=\"qodef-e-title\" >\n\u25ba <a href=\"https:\/\/nabilamerniz.com\/douleurs\/comprendre-la-fibromyalgie\">Fibromyalgie<\/a><\/h5>\n\t\t\t<\/div>\n\t\t\t\t<p class=\"qodef-e-description\">\n\t\tune maladie caract\u00e9ris\u00e9e par des douleurs musculaires chroniques diffuses, accompagn\u00e9es de fatigue, de troubles du sommeil et de probl\u00e8mes cognitifs. Elle touche souvent les femmes et reste difficile \u00e0 diagnostiquer.\t<\/p>\n\t\t<\/div>\n\t<\/div>\n<\/div>\n<div class=\"qodef-e qodef-grid-item \">\n\t<div class=\"qodef-e-inner\">\n\t\t\t\t<div class=\"qodef-e-content\">\n\t\t\t<div class=\"qodef-e-heading\">\n\t\t\t\t<h5 class=\"qodef-e-title\" >\n\u25ba <a href=\"https:\/\/nabilamerniz.com\/douleurs\/syndrome-de-stress-post-traumatique\/\">Syndrome du Stress postraumatique (SSPT)<\/a><\/h5>\n\t\t\t<\/div>\n\t\t\t\t<p class=\"qodef-e-description\">\n\t\tLe syndrome du stress post-traumatique survient apr\u00e8s un \u00e9v\u00e9nement traumatique et se manifeste par des flashbacks, de l&#039;anxi\u00e9t\u00e9, des cauchemars et des troubles du sommeil. Les victimes peuvent \u00e9galement \u00e9prouver des sympt\u00f4mes physiques tels que des douleurs et de l&#039;hypervigilance. \t<\/p>\n\t\t<\/div>\n\t<\/div>\n<\/div>\n<div class=\"qodef-e qodef-grid-item \">\n\t<div class=\"qodef-e-inner\">\n\t\t\t\t<div class=\"qodef-e-content\">\n\t\t\t<div class=\"qodef-e-heading\">\n\t\t\t\t<h5 class=\"qodef-e-title\" >\n\u25ba <a href=\"https:\/\/nabilamerniz.com\/uncategorized\/douleur-chronique-et-syndrome-ehlers-danlos\/\">Maladie d\u2019Ehler Danlos (EDS)<\/a><\/h5>\n\t\t\t<\/div>\n\t\t\t\t<p class=\"qodef-e-description\">\n\t\tC&#039;est un trouble g\u00e9n\u00e9tique qui affecte le collag\u00e8ne, entra\u00eenant une hyperlaxit\u00e9 des articulations, une peau fragile et des ecchymoses fr\u00e9quentes. Elle peut aussi \u00eatre associ\u00e9e \u00e0 des douleurs chroniques et \u00e0 des probl\u00e8mes cardiaques. D\u00e9couvrez les types d&#039;EDS, les sympt\u00f4mes courants et les approches de gestion de cette maladie rare.\t<\/p>\n\t\t<\/div>\n\t<\/div>\n<\/div>\n\t<\/div>\n<\/div>\n\t\t\t\t<\/div>\n\t\t\t\t<\/div>\n\t\t\t\t<\/div>\n\t\t<div class=\"elementor-element elementor-element-43561fd6 e-con-full e-flex e-con e-child\" data-id=\"43561fd6\" data-element_type=\"container\">\n\t\t\t\t<div class=\"elementor-element elementor-element-5696ad3a elementor-widget__width-initial elementor-widget elementor-widget-fidalgo_core_single_image\" data-id=\"5696ad3a\" data-element_type=\"widget\" data-widget_type=\"fidalgo_core_single_image.default\">\n\t\t\t\t<div class=\"elementor-widget-container\">\n\t\t\t\t\t<div class=\"qodef-shortcode qodef-m  qodef-single-image qodef-layout--default   qodef--border-radius   qodef--has-appear\" style=\"--qode-border-radius: 150px 150px 0px 0px\">\n\t\t\t<div class=\"qodef-m-image\">\n\t\t\t\t\t\t\t\t<img fetchpriority=\"high\" decoding=\"async\" width=\"1350\" height=\"759\" src=\"https:\/\/nabilamerniz.com\/wp-content\/uploads\/2025\/03\/maladies_chroniques_2.webp\" class=\"attachment-full size-full\" alt=\"\" srcset=\"https:\/\/nabilamerniz.com\/wp-content\/uploads\/2025\/03\/maladies_chroniques_2.webp 1350w, https:\/\/nabilamerniz.com\/wp-content\/uploads\/2025\/03\/maladies_chroniques_2-300x169.webp 300w, https:\/\/nabilamerniz.com\/wp-content\/uploads\/2025\/03\/maladies_chroniques_2-1024x576.webp 1024w, https:\/\/nabilamerniz.com\/wp-content\/uploads\/2025\/03\/maladies_chroniques_2-768x432.webp 768w\" sizes=\"(max-width: 1350px) 100vw, 1350px\" \/>\t\t\t\t\t\t\t<\/div>\n\t\t\t\t\t<\/div>\n\t\t\t\t<\/div>\n\t\t\t\t<\/div>\n\t\t\t\t<\/div>\n\t\t\t\t<\/div>\n\t\t<div class=\"elementor-element elementor-element-3797b830 e-con-full e-flex e-con e-parent\" data-id=\"3797b830\" data-element_type=\"container\" data-settings=\"{&quot;background_background&quot;:&quot;classic&quot;}\">\n\t\t\t\t<div class=\"elementor-element elementor-element-5b2de2d0 elementor-widget elementor-widget-spacer\" data-id=\"5b2de2d0\" data-element_type=\"widget\" data-widget_type=\"spacer.default\">\n\t\t\t\t<div class=\"elementor-widget-container\">\n\t\t\t\t\t\t\t<div class=\"elementor-spacer\">\n\t\t\t<div class=\"elementor-spacer-inner\"><\/div>\n\t\t<\/div>\n\t\t\t\t\t\t<\/div>\n\t\t\t\t<\/div>\n\t\t\t\t<div class=\"elementor-element elementor-element-5bb69574 elementor-cta--skin-classic elementor-animated-content elementor-bg-transform elementor-bg-transform-zoom-in elementor-widget elementor-widget-call-to-action\" data-id=\"5bb69574\" data-element_type=\"widget\" data-widget_type=\"call-to-action.default\">\n\t\t\t\t<div class=\"elementor-widget-container\">\n\t\t\t\t\t\t\t<div class=\"elementor-cta\">\n\t\t\t\t\t<div class=\"elementor-cta__bg-wrapper\">\n\t\t\t\t<div class=\"elementor-cta__bg elementor-bg\" style=\"background-image: url(https:\/\/nabilamerniz.com\/wp-content\/uploads\/2024\/12\/dr_nabila_experte_debut-1024x703.webp);\" role=\"img\" aria-label=\"dr_nabila_experte_debut\"><\/div>\n\t\t\t\t<div class=\"elementor-cta__bg-overlay\"><\/div>\n\t\t\t<\/div>\n\t\t\t\t\t\t\t<div class=\"elementor-cta__content\">\n\t\t\t\t\n\t\t\t\t\t\t\t\t\t<h2 class=\"elementor-cta__title elementor-cta__content-item elementor-content-item\">\n\t\t\t\t\t\tBook on Doctolib\t\t\t\t\t<\/h2>\n\t\t\t\t\n\t\t\t\t\t\t\t\t\t<div class=\"elementor-cta__description elementor-cta__content-item elementor-content-item\">\n\t\t\t\t\t\tBook the exact day and time of your appointment\t\t\t\t\t<\/div>\n\t\t\t\t\n\t\t\t\t\t\t\t\t\t<div class=\"elementor-cta__button-wrapper elementor-cta__content-item elementor-content-item \">\n\t\t\t\t\t<a class=\"elementor-cta__button elementor-button elementor-size-\" href=\"https:\/\/www.doctolib.fr\/medecin-de-la-douleur\/paris\/nabila-merniz\/booking\/places?specialityId=15&#038;telehealth=false&#038;profile_skipped=true&#038;bookingFunnelSource=external_referral\" target=\"_blank\">\n\t\t\t\t\t\tMy Appointment\t\t\t\t\t<\/a>\n\t\t\t\t\t<\/div>\n\t\t\t\t\t\t\t<\/div>\n\t\t\t\t\t\t<\/div>\n\t\t\t\t\t\t<\/div>\n\t\t\t\t<\/div>\n\t\t\t\t<div class=\"elementor-element elementor-element-7bef0d9e elementor-widget elementor-widget-spacer\" data-id=\"7bef0d9e\" data-element_type=\"widget\" data-widget_type=\"spacer.default\">\n\t\t\t\t<div class=\"elementor-widget-container\">\n\t\t\t\t\t\t\t<div class=\"elementor-spacer\">\n\t\t\t<div class=\"elementor-spacer-inner\"><\/div>\n\t\t<\/div>\n\t\t\t\t\t\t<\/div>\n\t\t\t\t<\/div>\n\t\t\t\t<\/div>\n\t\t\t\t<\/div>\n\t\t","protected":false},"excerpt":{"rendered":"<p>Chronic &amp; Nervous Pain Let&#8217;s take care of your pain! Types Processed \u25ba Fibromyalgie une maladie caract\u00e9ris\u00e9e par des douleurs musculaires chroniques diffuses, accompagn\u00e9es de fatigue, de troubles du sommeil et de probl\u00e8mes cognitifs. Elle touche souvent les femmes et reste difficile \u00e0 diagnostiquer. \u25ba Syndrome du Stress postraumatique (SSPT) Le syndrome du stress post-traumatique [&hellip;]<\/p>\n","protected":false},"author":2,"featured_media":15397,"parent":15282,"menu_order":4,"comment_status":"closed","ping_status":"closed","template":"page-full-width.php","meta":{"footnotes":""},"class_list":["post-15339","page","type-page","status-publish","has-post-thumbnail","hentry"],"_links":{"self":[{"href":"https:\/\/nabilamerniz.com\/en\/wp-json\/wp\/v2\/pages\/15339","targetHints":{"allow":["GET"]}}],"collection":[{"href":"https:\/\/nabilamerniz.com\/en\/wp-json\/wp\/v2\/pages"}],"about":[{"href":"https:\/\/nabilamerniz.com\/en\/wp-json\/wp\/v2\/types\/page"}],"author":[{"embeddable":true,"href":"https:\/\/nabilamerniz.com\/en\/wp-json\/wp\/v2\/users\/2"}],"replies":[{"embeddable":true,"href":"https:\/\/nabilamerniz.com\/en\/wp-json\/wp\/v2\/comments?post=15339"}],"version-history":[{"count":1,"href":"https:\/\/nabilamerniz.com\/en\/wp-json\/wp\/v2\/pages\/15339\/revisions"}],"predecessor-version":[{"id":15340,"href":"https:\/\/nabilamerniz.com\/en\/wp-json\/wp\/v2\/pages\/15339\/revisions\/15340"}],"up":[{"embeddable":true,"href":"https:\/\/nabilamerniz.com\/en\/wp-json\/wp\/v2\/pages\/15282"}],"wp:featuredmedia":[{"embeddable":true,"href":"https:\/\/nabilamerniz.com\/en\/wp-json\/wp\/v2\/media\/15397"}],"wp:attachment":[{"href":"https:\/\/nabilamerniz.com\/en\/wp-json\/wp\/v2\/media?parent=15339"}],"curies":[{"name":"wp","href":"https:\/\/api.w.org\/{rel}","templated":true}]}}