{"id":15342,"date":"2025-01-12T20:37:33","date_gmt":"2025-01-12T20:37:33","guid":{"rendered":"https:\/\/nabilamerniz.com\/pain\/algoneurodystrophy\/"},"modified":"2025-03-10T15:46:04","modified_gmt":"2025-03-10T15:46:04","slug":"algoneurodystrophy","status":"publish","type":"page","link":"https:\/\/nabilamerniz.com\/en\/pain\/algoneurodystrophy\/","title":{"rendered":"Algoneurodystrophy"},"content":{"rendered":"\t\t<div data-elementor-type=\"wp-page\" data-elementor-id=\"15342\" class=\"elementor elementor-15342 elementor-12506\" data-elementor-post-type=\"page\">\n\t\t\t\t<div class=\"elementor-element elementor-element-24cc2b1c e-con-full e-flex e-con e-parent\" data-id=\"24cc2b1c\" data-element_type=\"container\">\n\t\t<div class=\"elementor-element elementor-element-77ab3c86 e-con-full e-flex e-con e-child\" data-id=\"77ab3c86\" data-element_type=\"container\" data-settings=\"{&quot;background_background&quot;:&quot;classic&quot;}\">\n\t\t\t\t<div class=\"elementor-element elementor-element-1affd64e elementor-widget elementor-widget-fidalgo_core_info_section\" data-id=\"1affd64e\" data-element_type=\"widget\" data-widget_type=\"fidalgo_core_info_section.default\">\n\t\t\t\t<div class=\"elementor-widget-container\">\n\t\t\t\t\t<div class=\"qodef-shortcode qodef-m  qodef-info-section qodef-layout--background-text  qodef-background-text-pos--top-left \">\n    <div class=\"qodef-m-info\">\n        <div class=\"qodef-m-title-holder\">\n                        \t<h1 class=\"qodef-m-title\" >\n\t\tAlgoneurodystrophy\t<\/h1>\n        <\/div>\n        <div class=\"qodef-m-text-holder\" style=\"margin-top: 10px\">\n            <div class=\"qodef-m-text-info\">\n        <div class=\"qodef-m-text\" ><h6 style=\"text-align: center\">Let's take care of your pain!<\/h6><\/div>\n    <\/div>\n        <\/div>\n\t\t\t<\/div>\n<\/div>\t\t\t\t<\/div>\n\t\t\t\t<\/div>\n\t\t\t\t<\/div>\n\t\t\t\t<\/div>\n\t\t<div class=\"elementor-element elementor-element-6ba385ed e-con-full qodef-elementor-content-grid e-flex e-con e-parent\" data-id=\"6ba385ed\" data-element_type=\"container\">\n\t\t<div class=\"elementor-element elementor-element-c40dde0 e-con-full e-flex e-con e-child\" data-id=\"c40dde0\" data-element_type=\"container\">\n\t\t\t\t<div class=\"elementor-element elementor-element-22f9c423 elementor-widget__width-initial elementor-widget elementor-widget-fidalgo_core_section_title\" data-id=\"22f9c423\" data-element_type=\"widget\" data-widget_type=\"fidalgo_core_section_title.default\">\n\t\t\t\t<div class=\"elementor-widget-container\">\n\t\t\t\t\t<div class=\"qodef-shortcode qodef-m  qodef-section-title qodef-alignment--left  qodef-decoration--enabled\">\n\t\t<h3 class=\"qodef-m-title\" >\n\t\t\t\t\tTreated types\t\t\t<\/h3>\n\t\t<\/div>\n\t\t\t\t<\/div>\n\t\t\t\t<\/div>\n\t\t\t\t<div class=\"elementor-element elementor-element-42f698b2 elementor-widget__width-initial elementor-widget elementor-widget-fidalgo_core_restaurant_menu_list\" data-id=\"42f698b2\" data-element_type=\"widget\" data-widget_type=\"fidalgo_core_restaurant_menu_list.default\">\n\t\t\t\t<div class=\"elementor-widget-container\">\n\t\t\t\t\t<div class=\"qodef-shortcode qodef-m  qodef-restaurant-menu-list qodef-restaurant-menu-list--outline   qodef-skin--default qodef-grid qodef-layout--columns   qodef-vertical-gutter--custom qodef-col-num--1 qodef-item-layout--side-by-side   qodef-responsive--custom qodef-col-num--1512--1 qodef-col-num--1368--1 qodef-col-num--1200--1 qodef-col-num--1024--1 qodef-col-num--880--1 qodef-col-num--680--1 qodef-swiper--show-pagination\" style=\"--qode-vertical-gutter-custom: 15px;--qode-vertical-gutter-custom-1512: 15px;--qode-vertical-gutter-custom-1200: 15px;--qode-vertical-gutter-custom-880: 15px\">\n\t<div class=\"qodef-grid-inner\">\n\t\t<div class=\"qodef-e qodef-grid-item \">\n\t<div class=\"qodef-e-inner\">\n\t\t\t\t<div class=\"qodef-e-content\">\n\t\t\t<div class=\"qodef-e-heading\">\n\t\t\t\t<h5 class=\"qodef-e-title\" >\n\u25ba <a href=\"https:\/\/nabilamerniz.com\/douleurs\/comprendre-le-syndrome-douloureux-algoneurodystrophie\/\">Algoneurodystrophie de la main, pied, genou<\/a><\/h5>\n\t\t\t<\/div>\n\t\t\t\t<p class=\"qodef-e-description\">\n\t\tL&#039;algoneurodystrophie de la main, ou syndrome douloureux r\u00e9gional complexe (SDRC), est une affection chronique caract\u00e9ris\u00e9e par des douleurs intenses, des gonflements et des troubles moteurs apr\u00e8s un traumatisme. Elle peut entra\u00eener une raideur et une perte de mobilit\u00e9. \t<\/p>\n\t\t<\/div>\n\t<\/div>\n<\/div>\n<div class=\"qodef-e qodef-grid-item \">\n\t<div class=\"qodef-e-inner\">\n\t\t\t\t<div class=\"qodef-e-content\">\n\t\t\t<div class=\"qodef-e-heading\">\n\t\t\t\t<h5 class=\"qodef-e-title\" >\n\u25ba Capsulite r\u00e9tractile de l\u2019\u00e9paule<\/h5>\n\t\t\t<\/div>\n\t\t\t\t<p class=\"qodef-e-description\">\n\t\tAussi appel\u00e9e &quot;\u00e9paule gel\u00e9e&quot;, est une affection entra\u00eenant une raideur progressive et des douleurs intenses de l&#039;articulation. Cette pathologie limite consid\u00e9rablement les mouvements et peut durer plusieurs mois.\t<\/p>\n\t\t<\/div>\n\t<\/div>\n<\/div>\n<div class=\"qodef-e qodef-grid-item \">\n\t<div class=\"qodef-e-inner\">\n\t\t\t\t<div class=\"qodef-e-content\">\n\t\t\t<div class=\"qodef-e-heading\">\n\t\t\t\t<h5 class=\"qodef-e-title\" >\n\u25ba <a href=\"https:\/\/nabilamerniz.com\/douleurs\/algoneurodystrophie-comprendre-le-syndrome-douloureux-regionalcomplexe\">Douleur du membre fant\u00f4me<\/a><\/h5>\n\t\t\t<\/div>\n\t\t\t\t<p class=\"qodef-e-description\">\n\t\tLa douleur du membre fant\u00f4me est une sensation douloureuse per\u00e7ue dans un membre amput\u00e9, comme s&#039;il \u00e9tait encore pr\u00e9sent. Ces douleurs peuvent \u00eatre intenses, persistantes et difficiles \u00e0 traiter. \t<\/p>\n\t\t<\/div>\n\t<\/div>\n<\/div>\n\t<\/div>\n<\/div>\n\t\t\t\t<\/div>\n\t\t\t\t<\/div>\n\t\t\t\t<\/div>\n\t\t<div class=\"elementor-element elementor-element-add4b e-con-full e-flex e-con e-child\" data-id=\"add4b\" data-element_type=\"container\">\n\t\t\t\t<div class=\"elementor-element elementor-element-17acf836 elementor-widget__width-initial elementor-widget elementor-widget-fidalgo_core_single_image\" data-id=\"17acf836\" data-element_type=\"widget\" data-widget_type=\"fidalgo_core_single_image.default\">\n\t\t\t\t<div class=\"elementor-widget-container\">\n\t\t\t\t\t<div class=\"qodef-shortcode qodef-m  qodef-single-image qodef-layout--default   qodef--border-radius   qodef--has-appear\" style=\"--qode-border-radius: 250px 250px 0px 0px\">\n\t\t\t<div class=\"qodef-m-image\">\n\t\t\t\t\t\t\t\t<img fetchpriority=\"high\" decoding=\"async\" width=\"900\" height=\"1352\" src=\"https:\/\/nabilamerniz.com\/wp-content\/uploads\/2023\/10\/menu-img2.jpg\" class=\"attachment-full size-full\" alt=\"a\" srcset=\"https:\/\/nabilamerniz.com\/wp-content\/uploads\/2023\/10\/menu-img2.jpg 900w, https:\/\/nabilamerniz.com\/wp-content\/uploads\/2023\/10\/menu-img2-600x901.jpg 600w, https:\/\/nabilamerniz.com\/wp-content\/uploads\/2023\/10\/menu-img2-200x300.jpg 200w, https:\/\/nabilamerniz.com\/wp-content\/uploads\/2023\/10\/menu-img2-682x1024.jpg 682w, https:\/\/nabilamerniz.com\/wp-content\/uploads\/2023\/10\/menu-img2-768x1154.jpg 768w\" sizes=\"(max-width: 900px) 100vw, 900px\" \/>\t\t\t\t\t\t\t<\/div>\n\t\t\t\t\t<\/div>\n\t\t\t\t<\/div>\n\t\t\t\t<\/div>\n\t\t\t\t<\/div>\n\t\t\t\t<\/div>\n\t\t<div class=\"elementor-element elementor-element-55fd272f e-con-full e-flex e-con e-parent\" data-id=\"55fd272f\" data-element_type=\"container\" data-settings=\"{&quot;background_background&quot;:&quot;classic&quot;}\">\n\t\t\t\t<div class=\"elementor-element elementor-element-2a464336 elementor-widget elementor-widget-spacer\" data-id=\"2a464336\" data-element_type=\"widget\" data-widget_type=\"spacer.default\">\n\t\t\t\t<div class=\"elementor-widget-container\">\n\t\t\t\t\t\t\t<div class=\"elementor-spacer\">\n\t\t\t<div class=\"elementor-spacer-inner\"><\/div>\n\t\t<\/div>\n\t\t\t\t\t\t<\/div>\n\t\t\t\t<\/div>\n\t\t\t\t<div class=\"elementor-element elementor-element-2820126e elementor-cta--skin-classic elementor-animated-content elementor-bg-transform elementor-bg-transform-zoom-in elementor-widget elementor-widget-call-to-action\" data-id=\"2820126e\" data-element_type=\"widget\" data-widget_type=\"call-to-action.default\">\n\t\t\t\t<div class=\"elementor-widget-container\">\n\t\t\t\t\t\t\t<div class=\"elementor-cta\">\n\t\t\t\t\t<div class=\"elementor-cta__bg-wrapper\">\n\t\t\t\t<div class=\"elementor-cta__bg elementor-bg\" style=\"background-image: url(https:\/\/nabilamerniz.com\/wp-content\/uploads\/2024\/12\/dr_nabila_experte_debut-1024x703.webp);\" role=\"img\" aria-label=\"dr_nabila_experte_debut\"><\/div>\n\t\t\t\t<div class=\"elementor-cta__bg-overlay\"><\/div>\n\t\t\t<\/div>\n\t\t\t\t\t\t\t<div class=\"elementor-cta__content\">\n\t\t\t\t\n\t\t\t\t\t\t\t\t\t<h2 class=\"elementor-cta__title elementor-cta__content-item elementor-content-item\">\n\t\t\t\t\t\tBook on Doctolib\t\t\t\t\t<\/h2>\n\t\t\t\t\n\t\t\t\t\t\t\t\t\t<div class=\"elementor-cta__description elementor-cta__content-item elementor-content-item\">\n\t\t\t\t\t\tBook the exact day and time of your appointment\t\t\t\t\t<\/div>\n\t\t\t\t\n\t\t\t\t\t\t\t\t\t<div class=\"elementor-cta__button-wrapper elementor-cta__content-item elementor-content-item \">\n\t\t\t\t\t<a class=\"elementor-cta__button elementor-button elementor-size-\" href=\"https:\/\/www.doctolib.fr\/medecin-de-la-douleur\/paris\/nabila-merniz\/booking\/places?specialityId=15&#038;telehealth=false&#038;profile_skipped=true&#038;bookingFunnelSource=external_referral\" target=\"_blank\">\n\t\t\t\t\t\tI'm not waiting, I'm making an appointment now!\t\t\t\t\t<\/a>\n\t\t\t\t\t<\/div>\n\t\t\t\t\t\t\t<\/div>\n\t\t\t\t\t\t<\/div>\n\t\t\t\t\t\t<\/div>\n\t\t\t\t<\/div>\n\t\t\t\t<div class=\"elementor-element elementor-element-75e23ab7 elementor-widget elementor-widget-spacer\" data-id=\"75e23ab7\" data-element_type=\"widget\" data-widget_type=\"spacer.default\">\n\t\t\t\t<div class=\"elementor-widget-container\">\n\t\t\t\t\t\t\t<div class=\"elementor-spacer\">\n\t\t\t<div class=\"elementor-spacer-inner\"><\/div>\n\t\t<\/div>\n\t\t\t\t\t\t<\/div>\n\t\t\t\t<\/div>\n\t\t\t\t<\/div>\n\t\t\t\t<\/div>\n\t\t","protected":false},"excerpt":{"rendered":"<p>Algoneurodystrophy Let&#8217;s take care of your pain! Treated types \u25ba Algoneurodystrophie de la main, pied, genou L&#039;algoneurodystrophie de la main, ou syndrome douloureux r\u00e9gional complexe (SDRC), est une affection chronique caract\u00e9ris\u00e9e par des douleurs intenses, des gonflements et des troubles moteurs apr\u00e8s un traumatisme. Elle peut entra\u00eener une raideur et une perte de mobilit\u00e9. \u25ba [&hellip;]<\/p>\n","protected":false},"author":2,"featured_media":15397,"parent":15282,"menu_order":3,"comment_status":"closed","ping_status":"closed","template":"page-full-width.php","meta":{"footnotes":""},"class_list":["post-15342","page","type-page","status-publish","has-post-thumbnail","hentry"],"_links":{"self":[{"href":"https:\/\/nabilamerniz.com\/en\/wp-json\/wp\/v2\/pages\/15342","targetHints":{"allow":["GET"]}}],"collection":[{"href":"https:\/\/nabilamerniz.com\/en\/wp-json\/wp\/v2\/pages"}],"about":[{"href":"https:\/\/nabilamerniz.com\/en\/wp-json\/wp\/v2\/types\/page"}],"author":[{"embeddable":true,"href":"https:\/\/nabilamerniz.com\/en\/wp-json\/wp\/v2\/users\/2"}],"replies":[{"embeddable":true,"href":"https:\/\/nabilamerniz.com\/en\/wp-json\/wp\/v2\/comments?post=15342"}],"version-history":[{"count":1,"href":"https:\/\/nabilamerniz.com\/en\/wp-json\/wp\/v2\/pages\/15342\/revisions"}],"predecessor-version":[{"id":15344,"href":"https:\/\/nabilamerniz.com\/en\/wp-json\/wp\/v2\/pages\/15342\/revisions\/15344"}],"up":[{"embeddable":true,"href":"https:\/\/nabilamerniz.com\/en\/wp-json\/wp\/v2\/pages\/15282"}],"wp:featuredmedia":[{"embeddable":true,"href":"https:\/\/nabilamerniz.com\/en\/wp-json\/wp\/v2\/media\/15397"}],"wp:attachment":[{"href":"https:\/\/nabilamerniz.com\/en\/wp-json\/wp\/v2\/media?parent=15342"}],"curies":[{"name":"wp","href":"https:\/\/api.w.org\/{rel}","templated":true}]}}