{"id":15350,"date":"2025-01-12T21:46:31","date_gmt":"2025-01-12T21:46:31","guid":{"rendered":"https:\/\/nabilamerniz.com\/pain\/articular-and-musculotendinous\/"},"modified":"2025-03-10T15:46:11","modified_gmt":"2025-03-10T15:46:11","slug":"articular-and-musculotendinous","status":"publish","type":"page","link":"https:\/\/nabilamerniz.com\/en\/pain\/articular-and-musculotendinous\/","title":{"rendered":"articular and musculotendinous"},"content":{"rendered":"\t\t<div data-elementor-type=\"wp-page\" data-elementor-id=\"15350\" class=\"elementor elementor-15350 elementor-12548\" data-elementor-post-type=\"page\">\n\t\t\t\t<div class=\"elementor-element elementor-element-633b2918 e-con-full e-flex e-con e-parent\" data-id=\"633b2918\" data-element_type=\"container\">\n\t\t<div class=\"elementor-element elementor-element-42a0fc92 e-con-full e-flex e-con e-child\" data-id=\"42a0fc92\" data-element_type=\"container\" data-settings=\"{&quot;background_background&quot;:&quot;classic&quot;}\">\n\t\t\t\t<div class=\"elementor-element elementor-element-74774aab elementor-widget elementor-widget-fidalgo_core_info_section\" data-id=\"74774aab\" data-element_type=\"widget\" data-widget_type=\"fidalgo_core_info_section.default\">\n\t\t\t\t<div class=\"elementor-widget-container\">\n\t\t\t\t\t<div class=\"qodef-shortcode qodef-m  qodef-info-section qodef-layout--background-text  qodef-background-text-pos--top-left \">\n    <div class=\"qodef-m-info\">\n        <div class=\"qodef-m-title-holder\">\n                        \t<h1 class=\"qodef-m-title\" >\n\t\tJoint and musculotendinous pain  \t<\/h1>\n        <\/div>\n        <div class=\"qodef-m-text-holder\" style=\"margin-top: 10px\">\n            <div class=\"qodef-m-text-info\">\n        <div class=\"qodef-m-text\" ><h6 style=\"text-align: center\">Let's take care of your pain!<\/h6><\/div>\n    <\/div>\n        <\/div>\n\t\t\t<\/div>\n<\/div>\t\t\t\t<\/div>\n\t\t\t\t<\/div>\n\t\t\t\t<\/div>\n\t\t\t\t<\/div>\n\t\t<div class=\"elementor-element elementor-element-49bf823a e-con-full qodef-elementor-content-grid e-flex e-con e-parent\" data-id=\"49bf823a\" data-element_type=\"container\">\n\t\t<div class=\"elementor-element elementor-element-22d16a8b e-con-full e-flex e-con e-child\" data-id=\"22d16a8b\" data-element_type=\"container\">\n\t\t\t\t<div class=\"elementor-element elementor-element-2ebc17b9 elementor-widget__width-initial elementor-widget elementor-widget-fidalgo_core_section_title\" data-id=\"2ebc17b9\" data-element_type=\"widget\" data-widget_type=\"fidalgo_core_section_title.default\">\n\t\t\t\t<div class=\"elementor-widget-container\">\n\t\t\t\t\t<div class=\"qodef-shortcode qodef-m  qodef-section-title qodef-alignment--left  qodef-decoration--enabled\">\n\t\t<h3 class=\"qodef-m-title\" >\n\t\t\t\t\tTreated types\t\t\t<\/h3>\n\t\t<\/div>\n\t\t\t\t<\/div>\n\t\t\t\t<\/div>\n\t\t\t\t<div class=\"elementor-element elementor-element-e1c12e1 elementor-widget__width-initial elementor-widget elementor-widget-fidalgo_core_restaurant_menu_list\" data-id=\"e1c12e1\" data-element_type=\"widget\" data-widget_type=\"fidalgo_core_restaurant_menu_list.default\">\n\t\t\t\t<div class=\"elementor-widget-container\">\n\t\t\t\t\t<div class=\"qodef-shortcode qodef-m  qodef-restaurant-menu-list qodef-restaurant-menu-list--outline   qodef-skin--default qodef-grid qodef-layout--columns   qodef-vertical-gutter--custom qodef-col-num--1 qodef-item-layout--side-by-side   qodef-responsive--custom qodef-col-num--1512--1 qodef-col-num--1368--1 qodef-col-num--1200--1 qodef-col-num--1024--1 qodef-col-num--880--1 qodef-col-num--680--1 qodef-swiper--show-pagination\" style=\"--qode-vertical-gutter-custom: 15px;--qode-vertical-gutter-custom-1512: 15px;--qode-vertical-gutter-custom-1200: 15px;--qode-vertical-gutter-custom-880: 15px\">\n\t<div class=\"qodef-grid-inner\">\n\t\t<div class=\"qodef-e qodef-grid-item \">\n\t<div class=\"qodef-e-inner\">\n\t\t\t\t<div class=\"qodef-e-content\">\n\t\t\t<div class=\"qodef-e-heading\">\n\t\t\t\t<h5 class=\"qodef-e-title\" >\n\u25ba Arthrose<\/h5>\n\t\t\t<\/div>\n\t\t\t\t<p class=\"qodef-e-description\">\n\t\tC&#039;est une maladie articulaire d\u00e9g\u00e9n\u00e9rative qui provoque l&#039;usure progressive du cartilage, entra\u00eenant douleurs, raideurs et perte de mobilit\u00e9. Elle peut toucher diff\u00e9rentes articulations comme les genoux, les hanches, les mains ou la colonne vert\u00e9brale. \t<\/p>\n\t\t<\/div>\n\t<\/div>\n<\/div>\n<div class=\"qodef-e qodef-grid-item \">\n\t<div class=\"qodef-e-inner\">\n\t\t\t\t<div class=\"qodef-e-content\">\n\t\t\t<div class=\"qodef-e-heading\">\n\t\t\t\t<h5 class=\"qodef-e-title\" >\n\u25ba Tendinopathies de l&#8217;\u00c9paule Post-Chirurgicales ou Non Chirurgicales<\/h5>\n\t\t\t<\/div>\n\t\t\t\t<p class=\"qodef-e-description\">\n\t\tLes tendinopathies de l&#039;\u00e9paule, qu&#039;elles soient post-chirurgicales ou non, sont des douleurs et inflammations des tendons, souvent li\u00e9es \u00e0 des gestes r\u00e9p\u00e9titifs ou des traumatismes. Elles peuvent affecter la coiffe des rotateurs, limitant la mobilit\u00e9 et la fonction de l&#039;\u00e9paule.\t<\/p>\n\t\t<\/div>\n\t<\/div>\n<\/div>\n\t<\/div>\n<\/div>\n\t\t\t\t<\/div>\n\t\t\t\t<\/div>\n\t\t\t\t<\/div>\n\t\t<div class=\"elementor-element elementor-element-55829383 e-con-full e-flex e-con e-child\" data-id=\"55829383\" data-element_type=\"container\">\n\t\t\t\t<div class=\"elementor-element elementor-element-166a482b elementor-widget__width-initial elementor-widget elementor-widget-fidalgo_core_single_image\" data-id=\"166a482b\" data-element_type=\"widget\" data-widget_type=\"fidalgo_core_single_image.default\">\n\t\t\t\t<div class=\"elementor-widget-container\">\n\t\t\t\t\t<div class=\"qodef-shortcode qodef-m  qodef-single-image qodef-layout--default   qodef--border-radius   qodef--has-appear\" style=\"--qode-border-radius: 250px 250px 0px 0px\">\n\t\t\t<div class=\"qodef-m-image\">\n\t\t\t\t\t\t\t\t<img fetchpriority=\"high\" decoding=\"async\" width=\"900\" height=\"1352\" src=\"https:\/\/nabilamerniz.com\/wp-content\/uploads\/2025\/02\/menu-img2_no_headbone.webp\" class=\"attachment-full size-full\" alt=\"\" srcset=\"https:\/\/nabilamerniz.com\/wp-content\/uploads\/2025\/02\/menu-img2_no_headbone.webp 900w, https:\/\/nabilamerniz.com\/wp-content\/uploads\/2025\/02\/menu-img2_no_headbone-200x300.webp 200w, https:\/\/nabilamerniz.com\/wp-content\/uploads\/2025\/02\/menu-img2_no_headbone-682x1024.webp 682w, https:\/\/nabilamerniz.com\/wp-content\/uploads\/2025\/02\/menu-img2_no_headbone-768x1154.webp 768w\" sizes=\"(max-width: 900px) 100vw, 900px\" \/>\t\t\t\t\t\t\t<\/div>\n\t\t\t\t\t<\/div>\n\t\t\t\t<\/div>\n\t\t\t\t<\/div>\n\t\t\t\t<\/div>\n\t\t\t\t<\/div>\n\t\t<div class=\"elementor-element elementor-element-1b7c017c e-con-full qodef-elementor-content-grid e-flex e-con e-parent\" data-id=\"1b7c017c\" data-element_type=\"container\">\n\t\t<div class=\"elementor-element elementor-element-3df5630f e-con-full e-flex e-con e-child\" data-id=\"3df5630f\" data-element_type=\"container\">\n\t\t\t\t<div class=\"elementor-element elementor-element-702c0ae6 elementor-widget__width-initial elementor-widget elementor-widget-fidalgo_core_single_image\" data-id=\"702c0ae6\" data-element_type=\"widget\" data-widget_type=\"fidalgo_core_single_image.default\">\n\t\t\t\t<div class=\"elementor-widget-container\">\n\t\t\t\t\t<div class=\"qodef-shortcode qodef-m  qodef-single-image qodef-layout--default   qodef--border-radius   qodef--has-appear\" style=\"--qode-border-radius: 0px 200px 0px 0px\">\n\t\t\t<div class=\"qodef-m-image\">\n\t\t\t\t\t\t\t\t<img decoding=\"async\" width=\"900\" height=\"1404\" src=\"https:\/\/nabilamerniz.com\/wp-content\/uploads\/2025\/02\/douleurs_articulaires_illus_02.webp\" class=\"attachment-full size-full\" alt=\"\" srcset=\"https:\/\/nabilamerniz.com\/wp-content\/uploads\/2025\/02\/douleurs_articulaires_illus_02.webp 900w, https:\/\/nabilamerniz.com\/wp-content\/uploads\/2025\/02\/douleurs_articulaires_illus_02-192x300.webp 192w, https:\/\/nabilamerniz.com\/wp-content\/uploads\/2025\/02\/douleurs_articulaires_illus_02-656x1024.webp 656w, https:\/\/nabilamerniz.com\/wp-content\/uploads\/2025\/02\/douleurs_articulaires_illus_02-768x1198.webp 768w\" sizes=\"(max-width: 900px) 100vw, 900px\" \/>\t\t\t\t\t\t\t<\/div>\n\t\t\t\t\t<\/div>\n\t\t\t\t<\/div>\n\t\t\t\t<\/div>\n\t\t\t\t<\/div>\n\t\t<div class=\"elementor-element elementor-element-63f3f56e e-con-full e-flex e-con e-child\" data-id=\"63f3f56e\" data-element_type=\"container\">\n\t\t\t\t<div class=\"elementor-element elementor-element-30a410da elementor-widget__width-initial elementor-widget elementor-widget-fidalgo_core_restaurant_menu_list\" data-id=\"30a410da\" data-element_type=\"widget\" data-widget_type=\"fidalgo_core_restaurant_menu_list.default\">\n\t\t\t\t<div class=\"elementor-widget-container\">\n\t\t\t\t\t<div class=\"qodef-shortcode qodef-m  qodef-restaurant-menu-list qodef-restaurant-menu-list--outline   qodef-skin--default qodef-grid qodef-layout--columns   qodef-vertical-gutter--custom qodef-col-num--1 qodef-item-layout--side-by-side   qodef-responsive--custom qodef-col-num--1512--1 qodef-col-num--1368--1 qodef-col-num--1200--1 qodef-col-num--1024--1 qodef-col-num--880--1 qodef-col-num--680--1 qodef-swiper--show-pagination\" style=\"--qode-vertical-gutter-custom: 15px;--qode-vertical-gutter-custom-1512: 15px;--qode-vertical-gutter-custom-1200: 15px;--qode-vertical-gutter-custom-880: 15px\">\n\t<div class=\"qodef-grid-inner\">\n\t\t<div class=\"qodef-e qodef-grid-item \">\n\t<div class=\"qodef-e-inner\">\n\t\t\t\t<div class=\"qodef-e-content\">\n\t\t\t<div class=\"qodef-e-heading\">\n\t\t\t\t<h5 class=\"qodef-e-title\" >\n\u25ba Tendinopathie du coude ou tennis elbow<\/h5>\n\t\t\t<\/div>\n\t\t\t\t<p class=\"qodef-e-description\">\n\t\tLa tendinopathie du coude, ou &quot;tennis elbow&quot;, est une inflammation des tendons du coude, souvent caus\u00e9e par des mouvements r\u00e9p\u00e9titifs ou une surcharge. Elle provoque des douleurs \u00e0 l&#039;ext\u00e9rieur du coude, pouvant irradier vers l&#039;avant-bras.\t<\/p>\n\t\t<\/div>\n\t<\/div>\n<\/div>\n<div class=\"qodef-e qodef-grid-item \">\n\t<div class=\"qodef-e-inner\">\n\t\t\t\t<div class=\"qodef-e-content\">\n\t\t\t<div class=\"qodef-e-heading\">\n\t\t\t\t<h5 class=\"qodef-e-title\" >\n\u25ba Tendinopathie chronique de la hanche ( psoas, fessiers , syndrome du  piriforme )<\/h5>\n\t\t\t<\/div>\n\t\t\t\t<p class=\"qodef-e-description\">\n\t\tLes tendinopathies chroniques de la hanche, impliquant le psoas, les fessiers et le syndrome du piriforme, entra\u00eenent des douleurs persistantes et des limitations de mouvement dans la r\u00e9gion pelvienne et les hanches. Ces affections peuvent r\u00e9sulter de mouvements r\u00e9p\u00e9titifs, de mauvaises postures ou d&#039;activit\u00e9s sportives intenses. \t<\/p>\n\t\t<\/div>\n\t<\/div>\n<\/div>\n<div class=\"qodef-e qodef-grid-item \">\n\t<div class=\"qodef-e-inner\">\n\t\t\t\t<div class=\"qodef-e-content\">\n\t\t\t<div class=\"qodef-e-heading\">\n\t\t\t\t<h5 class=\"qodef-e-title\" >\n\u25ba Tendinopathie du genou<\/h5>\n\t\t\t<\/div>\n\t\t\t\t<p class=\"qodef-e-description\">\n\t\tUne inflammation ou d\u00e9g\u00e9n\u00e9rescence des tendons autour du genou, souvent caus\u00e9e par des mouvements r\u00e9p\u00e9titifs, des blessures ou un exc\u00e8s d&#039;effort physique. Elle se manifeste par des douleurs, des gonflements et une perte de mobilit\u00e9 dans la r\u00e9gion du genou. \t<\/p>\n\t\t<\/div>\n\t<\/div>\n<\/div>\n\t<\/div>\n<\/div>\n\t\t\t\t<\/div>\n\t\t\t\t<\/div>\n\t\t\t\t<\/div>\n\t\t\t\t<\/div>\n\t\t<div class=\"elementor-element elementor-element-37685b6a e-con-full qodef-elementor-content-grid e-flex e-con e-parent\" data-id=\"37685b6a\" data-element_type=\"container\">\n\t\t<div class=\"elementor-element elementor-element-67b43eed e-con-full e-flex e-con e-child\" data-id=\"67b43eed\" data-element_type=\"container\">\n\t\t<div class=\"elementor-element elementor-element-89d10be e-con-full e-flex e-con e-child\" data-id=\"89d10be\" data-element_type=\"container\">\n\t\t\t\t<div class=\"elementor-element elementor-element-3422f13c elementor-widget__width-initial elementor-widget-mobile__width-inherit elementor-widget elementor-widget-fidalgo_core_single_image\" data-id=\"3422f13c\" data-element_type=\"widget\" data-widget_type=\"fidalgo_core_single_image.default\">\n\t\t\t\t<div class=\"elementor-widget-container\">\n\t\t\t\t\t<div class=\"qodef-shortcode qodef-m  qodef-single-image qodef-layout--default   qodef--border-radius   qodef--has-appear\" style=\"--qode-border-radius: 193px\">\n\t\t\t<div class=\"qodef-m-image\">\n\t\t\t\t\t\t\t\t<img decoding=\"async\" width=\"600\" height=\"740\" src=\"https:\/\/nabilamerniz.com\/wp-content\/uploads\/2025\/02\/douleurs_articulaires_illus_03.webp\" class=\"attachment-full size-full\" alt=\"\" srcset=\"https:\/\/nabilamerniz.com\/wp-content\/uploads\/2025\/02\/douleurs_articulaires_illus_03.webp 600w, https:\/\/nabilamerniz.com\/wp-content\/uploads\/2025\/02\/douleurs_articulaires_illus_03-243x300.webp 243w\" sizes=\"(max-width: 600px) 100vw, 600px\" \/>\t\t\t\t\t\t\t<\/div>\n\t\t\t\t\t<\/div>\n\t\t\t\t<\/div>\n\t\t\t\t<\/div>\n\t\t\t\t<\/div>\n\t\t<div class=\"elementor-element elementor-element-5348ec38 e-con-full e-flex e-con e-child\" data-id=\"5348ec38\" data-element_type=\"container\">\n\t\t\t\t<div class=\"elementor-element elementor-element-7df91b06 elementor-widget__width-initial elementor-widget elementor-widget-fidalgo_core_single_image\" data-id=\"7df91b06\" data-element_type=\"widget\" data-widget_type=\"fidalgo_core_single_image.default\">\n\t\t\t\t<div class=\"elementor-widget-container\">\n\t\t\t\t\t<div class=\"qodef-shortcode qodef-m  qodef-single-image qodef-layout--default      qodef--has-appear\" >\n\t\t\t<div class=\"qodef-m-image\">\n\t\t\t\t\t\t\t\t<img loading=\"lazy\" decoding=\"async\" width=\"600\" height=\"402\" src=\"https:\/\/nabilamerniz.com\/wp-content\/uploads\/2025\/02\/douleurs_articulaires_illus_04.webp\" class=\"attachment-full size-full\" alt=\"\" srcset=\"https:\/\/nabilamerniz.com\/wp-content\/uploads\/2025\/02\/douleurs_articulaires_illus_04.webp 600w, https:\/\/nabilamerniz.com\/wp-content\/uploads\/2025\/02\/douleurs_articulaires_illus_04-300x201.webp 300w\" sizes=\"(max-width: 600px) 100vw, 600px\" \/>\t\t\t\t\t\t\t<\/div>\n\t\t\t\t\t<\/div>\n\t\t\t\t<\/div>\n\t\t\t\t<\/div>\n\t\t\t\t<\/div>\n\t\t\t\t<\/div>\n\t\t<div class=\"elementor-element elementor-element-4d575e08 e-con-full e-flex e-con e-child\" data-id=\"4d575e08\" data-element_type=\"container\">\n\t\t\t\t<div class=\"elementor-element elementor-element-5c38ab0 elementor-widget__width-initial elementor-widget elementor-widget-fidalgo_core_restaurant_menu_list\" data-id=\"5c38ab0\" data-element_type=\"widget\" data-widget_type=\"fidalgo_core_restaurant_menu_list.default\">\n\t\t\t\t<div class=\"elementor-widget-container\">\n\t\t\t\t\t<div class=\"qodef-shortcode qodef-m  qodef-restaurant-menu-list qodef-restaurant-menu-list--outline   qodef-skin--default qodef-grid qodef-layout--columns   qodef-vertical-gutter--custom qodef-col-num--1 qodef-item-layout--side-by-side   qodef-responsive--custom qodef-col-num--1512--1 qodef-col-num--1368--1 qodef-col-num--1200--1 qodef-col-num--1024--1 qodef-col-num--880--1 qodef-col-num--680--1 qodef-swiper--show-pagination\" style=\"--qode-vertical-gutter-custom: 15px;--qode-vertical-gutter-custom-1512: 15px;--qode-vertical-gutter-custom-1200: 15px;--qode-vertical-gutter-custom-880: 15px\">\n\t<div class=\"qodef-grid-inner\">\n\t\t<div class=\"qodef-e qodef-grid-item \">\n\t<div class=\"qodef-e-inner\">\n\t\t\t\t<div class=\"qodef-e-content\">\n\t\t\t<div class=\"qodef-e-heading\">\n\t\t\t\t<h5 class=\"qodef-e-title\" >\n\u25ba Tendinopathie du pied et fasciite  plantaire<\/h5>\n\t\t\t<\/div>\n\t\t\t\t<p class=\"qodef-e-description\">\n\t\tLa tendinopathie du pied, ainsi que la fasciite plantaire, sont des affections courantes qui provoquent des douleurs au niveau du pied, en particulier sous le talon. La fasciite plantaire r\u00e9sulte de l&#039;inflammation du fascia plantaire, tandis que la tendinopathie touche les tendons du pied.\t<\/p>\n\t\t<\/div>\n\t<\/div>\n<\/div>\n<div class=\"qodef-e qodef-grid-item \">\n\t<div class=\"qodef-e-inner\">\n\t\t\t\t<div class=\"qodef-e-content\">\n\t\t\t<div class=\"qodef-e-heading\">\n\t\t\t\t<h5 class=\"qodef-e-title\" >\n\u25ba Cervicalgie<\/h5>\n\t\t\t<\/div>\n\t\t\t\t<p class=\"qodef-e-description\">\n\t\tLa cervicalgie d\u00e9signe la douleur au niveau des cervicales, souvent caus\u00e9e par une mauvaise posture, un traumatisme ou un stress prolong\u00e9. Elle peut s&#039;accompagner de raideur, de douleurs irradiantes vers les bras et de maux de t\u00eate. \t<\/p>\n\t\t<\/div>\n\t<\/div>\n<\/div>\n<div class=\"qodef-e qodef-grid-item \">\n\t<div class=\"qodef-e-inner\">\n\t\t\t\t<div class=\"qodef-e-content\">\n\t\t\t<div class=\"qodef-e-heading\">\n\t\t\t\t<h5 class=\"qodef-e-title\" >\n\u25ba Dorsalgie et Lombalgie chronique  post chirurgicale ou non chirurgicale<\/h5>\n\t\t\t<\/div>\n\t\t\t\t<p class=\"qodef-e-description\">\n\t\tLa dorsalgie et la lombalgie chronique, qu&#039;elles soient post-chirurgicales ou non, sont des douleurs persistantes affectant le dos, souvent caus\u00e9es par des blessures, des troubles musculosquelettiques ou des chirurgies de la colonne vert\u00e9brale. Ces douleurs peuvent limiter les mouvements et affecter la qualit\u00e9 de vie. \t<\/p>\n\t\t<\/div>\n\t<\/div>\n<\/div>\n\t<\/div>\n<\/div>\n\t\t\t\t<\/div>\n\t\t\t\t<\/div>\n\t\t\t\t<\/div>\n\t\t\t\t<\/div>\n\t\t<div class=\"elementor-element elementor-element-1d8c4509 e-con-full e-flex e-con e-parent\" data-id=\"1d8c4509\" data-element_type=\"container\" data-settings=\"{&quot;background_background&quot;:&quot;classic&quot;}\">\n\t\t\t\t<div class=\"elementor-element elementor-element-fd945f2 elementor-widget elementor-widget-spacer\" data-id=\"fd945f2\" data-element_type=\"widget\" data-widget_type=\"spacer.default\">\n\t\t\t\t<div class=\"elementor-widget-container\">\n\t\t\t\t\t\t\t<div class=\"elementor-spacer\">\n\t\t\t<div class=\"elementor-spacer-inner\"><\/div>\n\t\t<\/div>\n\t\t\t\t\t\t<\/div>\n\t\t\t\t<\/div>\n\t\t\t\t<div class=\"elementor-element elementor-element-241c2e06 elementor-cta--skin-classic elementor-animated-content elementor-bg-transform elementor-bg-transform-zoom-in elementor-widget elementor-widget-call-to-action\" data-id=\"241c2e06\" data-element_type=\"widget\" data-widget_type=\"call-to-action.default\">\n\t\t\t\t<div class=\"elementor-widget-container\">\n\t\t\t\t\t\t\t<div class=\"elementor-cta\">\n\t\t\t\t\t<div class=\"elementor-cta__bg-wrapper\">\n\t\t\t\t<div class=\"elementor-cta__bg elementor-bg\" style=\"background-image: url(https:\/\/nabilamerniz.com\/wp-content\/uploads\/2024\/12\/dr_nabila_experte_debut-1024x703.webp);\" role=\"img\" aria-label=\"dr_nabila_experte_debut\"><\/div>\n\t\t\t\t<div class=\"elementor-cta__bg-overlay\"><\/div>\n\t\t\t<\/div>\n\t\t\t\t\t\t\t<div class=\"elementor-cta__content\">\n\t\t\t\t\n\t\t\t\t\t\t\t\t\t<h2 class=\"elementor-cta__title elementor-cta__content-item elementor-content-item\">\n\t\t\t\t\t\tBook on Doctolib\t\t\t\t\t<\/h2>\n\t\t\t\t\n\t\t\t\t\t\t\t\t\t<div class=\"elementor-cta__description elementor-cta__content-item elementor-content-item\">\n\t\t\t\t\t\tBook the exact day and time of your appointment\t\t\t\t\t<\/div>\n\t\t\t\t\n\t\t\t\t\t\t\t\t\t<div class=\"elementor-cta__button-wrapper elementor-cta__content-item elementor-content-item \">\n\t\t\t\t\t<a class=\"elementor-cta__button elementor-button elementor-size-\" href=\"https:\/\/www.doctolib.fr\/medecin-de-la-douleur\/paris\/nabila-merniz\/booking\/places?specialityId=15&#038;telehealth=false&#038;profile_skipped=true&#038;bookingFunnelSource=external_referral\" target=\"_blank\">\n\t\t\t\t\t\tI click and book my appointment!\t\t\t\t\t<\/a>\n\t\t\t\t\t<\/div>\n\t\t\t\t\t\t\t<\/div>\n\t\t\t\t\t\t<\/div>\n\t\t\t\t\t\t<\/div>\n\t\t\t\t<\/div>\n\t\t\t\t<div class=\"elementor-element elementor-element-386bd2d6 elementor-widget elementor-widget-spacer\" data-id=\"386bd2d6\" data-element_type=\"widget\" data-widget_type=\"spacer.default\">\n\t\t\t\t<div class=\"elementor-widget-container\">\n\t\t\t\t\t\t\t<div class=\"elementor-spacer\">\n\t\t\t<div class=\"elementor-spacer-inner\"><\/div>\n\t\t<\/div>\n\t\t\t\t\t\t<\/div>\n\t\t\t\t<\/div>\n\t\t\t\t<\/div>\n\t\t\t\t<\/div>\n\t\t","protected":false},"excerpt":{"rendered":"<p>Joint and musculotendinous pain Let&#8217;s take care of your pain! Treated types \u25ba Arthrose C&#039;est une maladie articulaire d\u00e9g\u00e9n\u00e9rative qui provoque l&#039;usure progressive du cartilage, entra\u00eenant douleurs, raideurs et perte de mobilit\u00e9. Elle peut toucher diff\u00e9rentes articulations comme les genoux, les hanches, les mains ou la colonne vert\u00e9brale. \u25ba Tendinopathies de l&rsquo;\u00c9paule Post-Chirurgicales ou Non [&hellip;]<\/p>\n","protected":false},"author":2,"featured_media":15397,"parent":15282,"menu_order":5,"comment_status":"closed","ping_status":"closed","template":"page-full-width.php","meta":{"footnotes":""},"class_list":["post-15350","page","type-page","status-publish","has-post-thumbnail","hentry"],"_links":{"self":[{"href":"https:\/\/nabilamerniz.com\/en\/wp-json\/wp\/v2\/pages\/15350","targetHints":{"allow":["GET"]}}],"collection":[{"href":"https:\/\/nabilamerniz.com\/en\/wp-json\/wp\/v2\/pages"}],"about":[{"href":"https:\/\/nabilamerniz.com\/en\/wp-json\/wp\/v2\/types\/page"}],"author":[{"embeddable":true,"href":"https:\/\/nabilamerniz.com\/en\/wp-json\/wp\/v2\/users\/2"}],"replies":[{"embeddable":true,"href":"https:\/\/nabilamerniz.com\/en\/wp-json\/wp\/v2\/comments?post=15350"}],"version-history":[{"count":1,"href":"https:\/\/nabilamerniz.com\/en\/wp-json\/wp\/v2\/pages\/15350\/revisions"}],"predecessor-version":[{"id":15352,"href":"https:\/\/nabilamerniz.com\/en\/wp-json\/wp\/v2\/pages\/15350\/revisions\/15352"}],"up":[{"embeddable":true,"href":"https:\/\/nabilamerniz.com\/en\/wp-json\/wp\/v2\/pages\/15282"}],"wp:featuredmedia":[{"embeddable":true,"href":"https:\/\/nabilamerniz.com\/en\/wp-json\/wp\/v2\/media\/15397"}],"wp:attachment":[{"href":"https:\/\/nabilamerniz.com\/en\/wp-json\/wp\/v2\/media?parent=15350"}],"curies":[{"name":"wp","href":"https:\/\/api.w.org\/{rel}","templated":true}]}}