{"id":15354,"date":"2025-01-12T22:21:42","date_gmt":"2025-01-12T22:21:42","guid":{"rendered":"https:\/\/nabilamerniz.com\/pain\/morphine-withdrawal-tramadol\/"},"modified":"2025-03-10T15:46:11","modified_gmt":"2025-03-10T15:46:11","slug":"morphine-withdrawal-tramadol","status":"publish","type":"page","link":"https:\/\/nabilamerniz.com\/en\/pain\/morphine-withdrawal-tramadol\/","title":{"rendered":"Morphine withdrawal &amp; tramadol"},"content":{"rendered":"\t\t<div data-elementor-type=\"wp-page\" data-elementor-id=\"15354\" class=\"elementor elementor-15354 elementor-12593\" data-elementor-post-type=\"page\">\n\t\t\t\t<div class=\"elementor-element elementor-element-37edf677 e-con-full e-flex e-con e-parent\" data-id=\"37edf677\" data-element_type=\"container\">\n\t\t<div class=\"elementor-element elementor-element-2bfe0a5c e-con-full e-flex e-con e-child\" data-id=\"2bfe0a5c\" data-element_type=\"container\" data-settings=\"{&quot;background_background&quot;:&quot;classic&quot;}\">\n\t\t\t\t<div class=\"elementor-element elementor-element-4ab59e57 elementor-widget elementor-widget-fidalgo_core_info_section\" data-id=\"4ab59e57\" data-element_type=\"widget\" data-widget_type=\"fidalgo_core_info_section.default\">\n\t\t\t\t<div class=\"elementor-widget-container\">\n\t\t\t\t\t<div class=\"qodef-shortcode qodef-m  qodef-info-section qodef-layout--background-text  qodef-background-text-pos--top-left \">\n    <div class=\"qodef-m-info\">\n        <div class=\"qodef-m-title-holder\">\n                        \t<h1 class=\"qodef-m-title\" >\n\t\tMorphine withdrawal &amp; tramadol\t<\/h1>\n        <\/div>\n        <div class=\"qodef-m-text-holder\" style=\"margin-top: 10px\">\n            <div class=\"qodef-m-text-info\">\n        <div class=\"qodef-m-text\" ><h6 style=\"text-align: center\">Let's take care of your pain!<\/h6><\/div>\n    <\/div>\n        <\/div>\n\t\t\t<\/div>\n<\/div>\t\t\t\t<\/div>\n\t\t\t\t<\/div>\n\t\t\t\t<\/div>\n\t\t\t\t<\/div>\n\t\t<div class=\"elementor-element elementor-element-4299afcb e-con-full qodef-elementor-content-grid e-flex e-con e-parent\" data-id=\"4299afcb\" data-element_type=\"container\">\n\t\t<div class=\"elementor-element elementor-element-350aefe e-con-full e-flex e-con e-child\" data-id=\"350aefe\" data-element_type=\"container\">\n\t\t\t\t<div class=\"elementor-element elementor-element-66bb8296 elementor-widget__width-initial elementor-widget elementor-widget-fidalgo_core_section_title\" data-id=\"66bb8296\" data-element_type=\"widget\" data-widget_type=\"fidalgo_core_section_title.default\">\n\t\t\t\t<div class=\"elementor-widget-container\">\n\t\t\t\t\t<div class=\"qodef-shortcode qodef-m  qodef-section-title qodef-alignment--left  qodef-decoration--enabled\">\n\t\t<h3 class=\"qodef-m-title\" >\n\t\t\t\t\tTreated types\t\t\t<\/h3>\n\t\t<\/div>\n\t\t\t\t<\/div>\n\t\t\t\t<\/div>\n\t\t\t\t<div class=\"elementor-element elementor-element-4e267220 elementor-widget__width-initial elementor-widget elementor-widget-fidalgo_core_restaurant_menu_list\" data-id=\"4e267220\" data-element_type=\"widget\" data-widget_type=\"fidalgo_core_restaurant_menu_list.default\">\n\t\t\t\t<div class=\"elementor-widget-container\">\n\t\t\t\t\t<div class=\"qodef-shortcode qodef-m  qodef-restaurant-menu-list qodef-restaurant-menu-list--outline   qodef-skin--default qodef-grid qodef-layout--columns   qodef-vertical-gutter--custom qodef-col-num--1 qodef-item-layout--side-by-side   qodef-responsive--custom qodef-col-num--1512--1 qodef-col-num--1368--1 qodef-col-num--1200--1 qodef-col-num--1024--1 qodef-col-num--880--1 qodef-col-num--680--1 qodef-swiper--show-pagination\" style=\"--qode-vertical-gutter-custom: 15px;--qode-vertical-gutter-custom-1512: 15px;--qode-vertical-gutter-custom-1200: 15px;--qode-vertical-gutter-custom-880: 15px\">\n\t<div class=\"qodef-grid-inner\">\n\t\t<div class=\"qodef-e qodef-grid-item \">\n\t<div class=\"qodef-e-inner\">\n\t\t\t\t<div class=\"qodef-e-content\">\n\t\t\t<div class=\"qodef-e-heading\">\n\t\t\t\t<h5 class=\"qodef-e-title\" >\n\u25ba Sevrage Morphinique<\/h5>\n\t\t\t<\/div>\n\t\t\t\t<p class=\"qodef-e-description\">\n\t\tD\u00e9signe le processus de r\u00e9duction progressive ou d&#039;arr\u00eat de l&#039;utilisation de morphine, souvent utilis\u00e9 pour traiter des douleurs chroniques. Il peut entra\u00eener des sympt\u00f4mes de sevrage tels que des naus\u00e9es, de l&#039;anxi\u00e9t\u00e9, des douleurs musculaires et des troubles du sommeil. D\u00e9couvrez les m\u00e9thodes de gestion du sevrage, incluant les traitements m\u00e9dicaux, le soutien psychologique et les approches de r\u00e9duction progressive.\t<\/p>\n\t\t<\/div>\n\t<\/div>\n<\/div>\n<div class=\"qodef-e qodef-grid-item \">\n\t<div class=\"qodef-e-inner\">\n\t\t\t\t<div class=\"qodef-e-content\">\n\t\t\t<div class=\"qodef-e-heading\">\n\t\t\t\t<h5 class=\"qodef-e-title\" >\n\u25ba Tramadol<\/h5>\n\t\t\t<\/div>\n\t\t\t\t<p class=\"qodef-e-description\">\n\t\tC&#039;est le processus de r\u00e9duction ou d&#039;arr\u00eat de ce m\u00e9dicament analg\u00e9sique, souvent utilis\u00e9 pour traiter les douleurs mod\u00e9r\u00e9es \u00e0 s\u00e9v\u00e8res. Un sevrage abrupt peut entra\u00eener des sympt\u00f4mes tels que des naus\u00e9es, de l&#039;anxi\u00e9t\u00e9, des tremblements, des douleurs corporelles et des troubles de l&#039;humeur. D\u00e9couvrez les strat\u00e9gies de sevrage en toute s\u00e9curit\u00e9, incluant la r\u00e9duction progressive de la dose, le suivi m\u00e9dical et les traitements pour att\u00e9nuer les effets secondaires du sevrage.\t<\/p>\n\t\t<\/div>\n\t<\/div>\n<\/div>\n\t<\/div>\n<\/div>\n\t\t\t\t<\/div>\n\t\t\t\t<\/div>\n\t\t\t\t<\/div>\n\t\t<div class=\"elementor-element elementor-element-7596ddcb e-con-full e-flex e-con e-child\" data-id=\"7596ddcb\" data-element_type=\"container\">\n\t\t\t\t<div class=\"elementor-element elementor-element-1001b649 elementor-widget__width-initial elementor-widget elementor-widget-fidalgo_core_single_image\" data-id=\"1001b649\" data-element_type=\"widget\" data-widget_type=\"fidalgo_core_single_image.default\">\n\t\t\t\t<div class=\"elementor-widget-container\">\n\t\t\t\t\t<div class=\"qodef-shortcode qodef-m  qodef-single-image qodef-layout--default   qodef--border-radius qodef--image-border  qodef--has-appear\" style=\"--qode-border-radius: 250px 250px 0px 0px;--qode-border-width: 1px\">\n\t\t\t<div class=\"qodef-m-image\">\n\t\t\t\t\t\t\t\t<img fetchpriority=\"high\" decoding=\"async\" width=\"900\" height=\"1352\" src=\"https:\/\/nabilamerniz.com\/wp-content\/uploads\/2025\/02\/sevrage_morphinique_breaking_bad_pinkman.webp\" class=\"attachment-full size-full\" alt=\"\" srcset=\"https:\/\/nabilamerniz.com\/wp-content\/uploads\/2025\/02\/sevrage_morphinique_breaking_bad_pinkman.webp 900w, https:\/\/nabilamerniz.com\/wp-content\/uploads\/2025\/02\/sevrage_morphinique_breaking_bad_pinkman-200x300.webp 200w, https:\/\/nabilamerniz.com\/wp-content\/uploads\/2025\/02\/sevrage_morphinique_breaking_bad_pinkman-682x1024.webp 682w, https:\/\/nabilamerniz.com\/wp-content\/uploads\/2025\/02\/sevrage_morphinique_breaking_bad_pinkman-768x1154.webp 768w\" sizes=\"(max-width: 900px) 100vw, 900px\" \/>\t\t\t\t\t\t\t<\/div>\n\t\t\t\t\t<\/div>\n\t\t\t\t<\/div>\n\t\t\t\t<\/div>\n\t\t\t\t<\/div>\n\t\t\t\t<\/div>\n\t\t<div class=\"elementor-element elementor-element-42ac26b e-con-full e-flex e-con e-parent\" data-id=\"42ac26b\" data-element_type=\"container\" data-settings=\"{&quot;background_background&quot;:&quot;classic&quot;}\">\n\t\t\t\t<div class=\"elementor-element elementor-element-3e1ca154 elementor-widget elementor-widget-spacer\" data-id=\"3e1ca154\" data-element_type=\"widget\" data-widget_type=\"spacer.default\">\n\t\t\t\t<div class=\"elementor-widget-container\">\n\t\t\t\t\t\t\t<div class=\"elementor-spacer\">\n\t\t\t<div class=\"elementor-spacer-inner\"><\/div>\n\t\t<\/div>\n\t\t\t\t\t\t<\/div>\n\t\t\t\t<\/div>\n\t\t\t\t<div class=\"elementor-element elementor-element-5f1620ff elementor-cta--skin-classic elementor-animated-content elementor-bg-transform elementor-bg-transform-zoom-in elementor-widget elementor-widget-call-to-action\" data-id=\"5f1620ff\" data-element_type=\"widget\" data-widget_type=\"call-to-action.default\">\n\t\t\t\t<div class=\"elementor-widget-container\">\n\t\t\t\t\t\t\t<div class=\"elementor-cta\">\n\t\t\t\t\t<div class=\"elementor-cta__bg-wrapper\">\n\t\t\t\t<div class=\"elementor-cta__bg elementor-bg\" style=\"background-image: url(https:\/\/nabilamerniz.com\/wp-content\/uploads\/2024\/12\/dr_nabila_experte_debut-1024x703.webp);\" role=\"img\" aria-label=\"dr_nabila_experte_debut\"><\/div>\n\t\t\t\t<div class=\"elementor-cta__bg-overlay\"><\/div>\n\t\t\t<\/div>\n\t\t\t\t\t\t\t<div class=\"elementor-cta__content\">\n\t\t\t\t\n\t\t\t\t\t\t\t\t\t<h2 class=\"elementor-cta__title elementor-cta__content-item elementor-content-item\">\n\t\t\t\t\t\tBook on Doctolib\t\t\t\t\t<\/h2>\n\t\t\t\t\n\t\t\t\t\t\t\t\t\t<div class=\"elementor-cta__description elementor-cta__content-item elementor-content-item\">\n\t\t\t\t\t\tBook the exact day and time of your appointment\t\t\t\t\t<\/div>\n\t\t\t\t\n\t\t\t\t\t\t\t\t\t<div class=\"elementor-cta__button-wrapper elementor-cta__content-item elementor-content-item \">\n\t\t\t\t\t<a class=\"elementor-cta__button elementor-button elementor-size-\" href=\"https:\/\/www.doctolib.fr\/medecin-de-la-douleur\/paris\/nabila-merniz\/booking\/places?specialityId=15&#038;telehealth=false&#038;profile_skipped=true&#038;bookingFunnelSource=external_referral\" target=\"_blank\">\n\t\t\t\t\t\tMake an appointment on Doctolib!\t\t\t\t\t<\/a>\n\t\t\t\t\t<\/div>\n\t\t\t\t\t\t\t<\/div>\n\t\t\t\t\t\t<\/div>\n\t\t\t\t\t\t<\/div>\n\t\t\t\t<\/div>\n\t\t\t\t<div class=\"elementor-element elementor-element-36419e81 elementor-widget elementor-widget-spacer\" data-id=\"36419e81\" data-element_type=\"widget\" data-widget_type=\"spacer.default\">\n\t\t\t\t<div class=\"elementor-widget-container\">\n\t\t\t\t\t\t\t<div class=\"elementor-spacer\">\n\t\t\t<div class=\"elementor-spacer-inner\"><\/div>\n\t\t<\/div>\n\t\t\t\t\t\t<\/div>\n\t\t\t\t<\/div>\n\t\t\t\t<\/div>\n\t\t\t\t<\/div>\n\t\t","protected":false},"excerpt":{"rendered":"<p>Morphine withdrawal &amp; tramadol Let&#8217;s take care of your pain! Treated types \u25ba Sevrage Morphinique D\u00e9signe le processus de r\u00e9duction progressive ou d&#039;arr\u00eat de l&#039;utilisation de morphine, souvent utilis\u00e9 pour traiter des douleurs chroniques. Il peut entra\u00eener des sympt\u00f4mes de sevrage tels que des naus\u00e9es, de l&#039;anxi\u00e9t\u00e9, des douleurs musculaires et des troubles du sommeil. [&hellip;]<\/p>\n","protected":false},"author":2,"featured_media":15397,"parent":15282,"menu_order":6,"comment_status":"closed","ping_status":"closed","template":"page-full-width.php","meta":{"footnotes":""},"class_list":["post-15354","page","type-page","status-publish","has-post-thumbnail","hentry"],"_links":{"self":[{"href":"https:\/\/nabilamerniz.com\/en\/wp-json\/wp\/v2\/pages\/15354","targetHints":{"allow":["GET"]}}],"collection":[{"href":"https:\/\/nabilamerniz.com\/en\/wp-json\/wp\/v2\/pages"}],"about":[{"href":"https:\/\/nabilamerniz.com\/en\/wp-json\/wp\/v2\/types\/page"}],"author":[{"embeddable":true,"href":"https:\/\/nabilamerniz.com\/en\/wp-json\/wp\/v2\/users\/2"}],"replies":[{"embeddable":true,"href":"https:\/\/nabilamerniz.com\/en\/wp-json\/wp\/v2\/comments?post=15354"}],"version-history":[{"count":1,"href":"https:\/\/nabilamerniz.com\/en\/wp-json\/wp\/v2\/pages\/15354\/revisions"}],"predecessor-version":[{"id":15355,"href":"https:\/\/nabilamerniz.com\/en\/wp-json\/wp\/v2\/pages\/15354\/revisions\/15355"}],"up":[{"embeddable":true,"href":"https:\/\/nabilamerniz.com\/en\/wp-json\/wp\/v2\/pages\/15282"}],"wp:featuredmedia":[{"embeddable":true,"href":"https:\/\/nabilamerniz.com\/en\/wp-json\/wp\/v2\/media\/15397"}],"wp:attachment":[{"href":"https:\/\/nabilamerniz.com\/en\/wp-json\/wp\/v2\/media?parent=15354"}],"curies":[{"name":"wp","href":"https:\/\/api.w.org\/{rel}","templated":true}]}}