{"id":15357,"date":"2025-01-13T01:10:27","date_gmt":"2025-01-13T01:10:27","guid":{"rendered":"https:\/\/nabilamerniz.com\/solutions\/"},"modified":"2025-03-10T15:46:11","modified_gmt":"2025-03-10T15:46:11","slug":"solutions","status":"publish","type":"page","link":"https:\/\/nabilamerniz.com\/en\/solutions\/","title":{"rendered":"Solutions"},"content":{"rendered":"\t\t<div data-elementor-type=\"wp-page\" data-elementor-id=\"15357\" class=\"elementor elementor-15357 elementor-12673\" data-elementor-post-type=\"page\">\n\t\t\t\t<div class=\"elementor-element elementor-element-1240efcf e-con-full e-flex e-con e-parent\" data-id=\"1240efcf\" data-element_type=\"container\">\n\t\t<div class=\"elementor-element elementor-element-40b2a823 e-con-full e-flex e-con e-child\" data-id=\"40b2a823\" data-element_type=\"container\" data-settings=\"{&quot;background_background&quot;:&quot;classic&quot;}\">\n\t\t\t\t<div class=\"elementor-element elementor-element-46731b60 elementor-widget elementor-widget-fidalgo_core_info_section\" data-id=\"46731b60\" data-element_type=\"widget\" data-widget_type=\"fidalgo_core_info_section.default\">\n\t\t\t\t<div class=\"elementor-widget-container\">\n\t\t\t\t\t<div class=\"qodef-shortcode qodef-m  qodef-info-section qodef-layout--background-text  qodef-background-text-pos--top-left \">\n    <div class=\"qodef-m-info\">\n        <div class=\"qodef-m-title-holder\">\n                        \t<h1 class=\"qodef-m-title\" >\n\t\tOur solutions\t<\/h1>\n        <\/div>\n        <div class=\"qodef-m-text-holder\" style=\"margin-top: 10px\">\n            <div class=\"qodef-m-text-info\">\n        <div class=\"qodef-m-text\" ><h6 style=\"text-align: center\">Techniques used \/ Rates<\/h6><\/div>\n    <\/div>\n        <\/div>\n\t\t\t<\/div>\n<\/div>\t\t\t\t<\/div>\n\t\t\t\t<\/div>\n\t\t\t\t<\/div>\n\t\t\t\t<\/div>\n\t\t<div class=\"elementor-element elementor-element-6091aad6 e-con-full qodef-elementor-content-grid e-flex e-con e-parent\" data-id=\"6091aad6\" data-element_type=\"container\">\n\t\t<div class=\"elementor-element elementor-element-62b46eee e-con-full e-flex e-con e-child\" data-id=\"62b46eee\" data-element_type=\"container\">\n\t\t\t\t<div class=\"elementor-element elementor-element-67f0950b elementor-widget__width-initial elementor-widget elementor-widget-fidalgo_core_section_title\" data-id=\"67f0950b\" data-element_type=\"widget\" data-widget_type=\"fidalgo_core_section_title.default\">\n\t\t\t\t<div class=\"elementor-widget-container\">\n\t\t\t\t\t<div class=\"qodef-shortcode qodef-m  qodef-section-title qodef-alignment--left  qodef-decoration--enabled\">\n\t\t<h3 class=\"qodef-m-title\" >\n\t\t\t\t\tRegenerative medicine\t\t\t<\/h3>\n\t\t<\/div>\n\t\t\t\t<\/div>\n\t\t\t\t<\/div>\n\t\t\t\t<div class=\"elementor-element elementor-element-6edb4eb0 elementor-widget__width-initial elementor-widget elementor-widget-fidalgo_core_restaurant_menu_list\" data-id=\"6edb4eb0\" data-element_type=\"widget\" data-widget_type=\"fidalgo_core_restaurant_menu_list.default\">\n\t\t\t\t<div class=\"elementor-widget-container\">\n\t\t\t\t\t<div class=\"qodef-shortcode qodef-m  qodef-restaurant-menu-list qodef-restaurant-menu-list--outline   qodef-skin--default qodef-grid qodef-layout--columns   qodef-vertical-gutter--custom qodef-col-num--1 qodef-item-layout--side-by-side   qodef-responsive--custom qodef-col-num--1512--1 qodef-col-num--1368--1 qodef-col-num--1200--1 qodef-col-num--1024--1 qodef-col-num--880--1 qodef-col-num--680--1 qodef-swiper--show-pagination\" style=\"--qode-vertical-gutter-custom: 15px;--qode-vertical-gutter-custom-1512: 15px;--qode-vertical-gutter-custom-1200: 15px;--qode-vertical-gutter-custom-880: 15px\">\n\t<div class=\"qodef-grid-inner\">\n\t\t<div class=\"qodef-e qodef-grid-item \">\n\t<div class=\"qodef-e-inner\">\n\t\t\t\t<div class=\"qodef-e-content\">\n\t\t\t<div class=\"qodef-e-heading\">\n\t\t\t\t<h5 class=\"qodef-e-title\" >\nPLASMA RICHE EN PLAQUETTE : PRP \u00e9choguid\u00e9e<\/h5>\n\t<div class=\"qodef-e-price\">400\u20ac <\/div>\n\t\t\t<\/div>\n\t\t\t\t<p class=\"qodef-e-description\">\n\t\t\u25cf Injections dans les articulations et les bourses du genou, de  l\u2019\u00e9paule, de la hanche et d\u2019autres articulations p\u00e9riph\u00e9riques et toutes les tendinopathies \u00e0 l\u2019aide de l\u2019\u00e9chographie. \u25cf Injections dans l\u2019articulation sacro-iliaque pour les douleurs du  dos et des fesses li\u00e9es \u00e0 un dysfonctionnement de  l\u2019articulation sacro-iliaque (ISJ).( Kit PRP compris dans la tarification).\t<\/p>\n\t\t<\/div>\n\t<\/div>\n<\/div>\n<div class=\"qodef-e qodef-grid-item \">\n\t<div class=\"qodef-e-inner\">\n\t\t\t\t<div class=\"qodef-e-content\">\n\t\t\t<div class=\"qodef-e-heading\">\n\t\t\t\t<h5 class=\"qodef-e-title\" >\n<a href=\"https:\/\/nabilamerniz.com\/solutions\/la-photobiomodulation-une-technologie-prometteuse-pour-la-douleur-chronique\/\">PHOTOBIOMODULATION INFRA ROUGE<\/a><\/h5>\n\t<div class=\"qodef-e-price\">180\u20ac<\/div>\n\t\t\t<\/div>\n\t\t\t\t\t<\/div>\n\t<\/div>\n<\/div>\n<div class=\"qodef-e qodef-grid-item \">\n\t<div class=\"qodef-e-inner\">\n\t\t\t\t<div class=\"qodef-e-content\">\n\t\t\t<div class=\"qodef-e-heading\">\n\t\t\t\t<h5 class=\"qodef-e-title\" >\n<a href=\"https:\/\/nabilamerniz.com\/douleurs\/la-prolotherapie-une-option-innovante-pour-soulager-vos-douleurs-chroniques\/\">PROLOTH\u00c9RAPIE<\/a><\/h5>\n\t<div class=\"qodef-e-price\">250\u20ac<\/div>\n\t\t\t<\/div>\n\t\t\t\t\t<\/div>\n\t<\/div>\n<\/div>\n<div class=\"qodef-e qodef-grid-item \">\n\t<div class=\"qodef-e-inner\">\n\t\t\t\t<div class=\"qodef-e-content\">\n\t\t\t<div class=\"qodef-e-heading\">\n\t\t\t\t<h5 class=\"qodef-e-title\" >\n<a href=\"https:\/\/nabilamerniz.com\/solutions\/infiltration-anesthesique-diagnostique-et-therapeutique-ce-quil-faut-savoir\/\">Processus de prise en charge m\u00e9dicale<\/a><\/h5>\n\t<div class=\"qodef-e-price\">160\u20ac<\/div>\n\t\t\t<\/div>\n\t\t\t\t<p class=\"qodef-e-description\">\n\t\t\u00c9valuation initiale, d\u00e9marche diagnostique et plan th\u00e9rapeutique\t<\/p>\n\t\t<\/div>\n\t<\/div>\n<\/div>\n\t<\/div>\n<\/div>\n\t\t\t\t<\/div>\n\t\t\t\t<\/div>\n\t\t\t\t<div class=\"elementor-element elementor-element-b70e453 elementor-widget elementor-widget-spacer\" data-id=\"b70e453\" data-element_type=\"widget\" data-widget_type=\"spacer.default\">\n\t\t\t\t<div class=\"elementor-widget-container\">\n\t\t\t\t\t\t\t<div class=\"elementor-spacer\">\n\t\t\t<div class=\"elementor-spacer-inner\"><\/div>\n\t\t<\/div>\n\t\t\t\t\t\t<\/div>\n\t\t\t\t<\/div>\n\t\t\t\t<div class=\"elementor-element elementor-element-c758078 elementor-widget elementor-widget-text-editor\" data-id=\"c758078\" data-element_type=\"widget\" data-widget_type=\"text-editor.default\">\n\t\t\t\t<div class=\"elementor-widget-container\">\n\t\t\t\t\t\t\t\t\t<p><em>* all services may be covered in part or in full by your mutual insurance company. Talk to your pain doctor   <\/em><\/p>\t\t\t\t\t\t\t\t<\/div>\n\t\t\t\t<\/div>\n\t\t\t\t<\/div>\n\t\t<div class=\"elementor-element elementor-element-72e3b85f e-con-full e-flex e-con e-child\" data-id=\"72e3b85f\" data-element_type=\"container\">\n\t\t\t\t<div class=\"elementor-element elementor-element-ff5479f elementor-widget__width-initial elementor-widget elementor-widget-fidalgo_core_single_image\" data-id=\"ff5479f\" data-element_type=\"widget\" data-widget_type=\"fidalgo_core_single_image.default\">\n\t\t\t\t<div class=\"elementor-widget-container\">\n\t\t\t\t\t<div class=\"qodef-shortcode qodef-m  qodef-single-image qodef-layout--default   qodef--border-radius   qodef--has-appear\" style=\"--qode-border-radius: 250px 250px 0px 0px\">\n\t\t\t<div class=\"qodef-m-image\">\n\t\t\t\t\t\t\t\t<img fetchpriority=\"high\" decoding=\"async\" width=\"900\" height=\"1352\" src=\"https:\/\/nabilamerniz.com\/wp-content\/uploads\/2023\/10\/menu-img2.jpg\" class=\"attachment-full size-full\" alt=\"a\" srcset=\"https:\/\/nabilamerniz.com\/wp-content\/uploads\/2023\/10\/menu-img2.jpg 900w, https:\/\/nabilamerniz.com\/wp-content\/uploads\/2023\/10\/menu-img2-600x901.jpg 600w, https:\/\/nabilamerniz.com\/wp-content\/uploads\/2023\/10\/menu-img2-200x300.jpg 200w, https:\/\/nabilamerniz.com\/wp-content\/uploads\/2023\/10\/menu-img2-682x1024.jpg 682w, https:\/\/nabilamerniz.com\/wp-content\/uploads\/2023\/10\/menu-img2-768x1154.jpg 768w\" sizes=\"(max-width: 900px) 100vw, 900px\" \/>\t\t\t\t\t\t\t<\/div>\n\t\t\t\t\t<\/div>\n\t\t\t\t<\/div>\n\t\t\t\t<\/div>\n\t\t\t\t<\/div>\n\t\t\t\t<\/div>\n\t\t<div class=\"elementor-element elementor-element-cb5db9 e-con-full qodef-elementor-content-grid e-flex e-con e-parent\" data-id=\"cb5db9\" data-element_type=\"container\">\n\t\t<div class=\"elementor-element elementor-element-46ed76cd e-con-full e-flex e-con e-child\" data-id=\"46ed76cd\" data-element_type=\"container\">\n\t\t\t\t<div class=\"elementor-element elementor-element-4d2a31f3 elementor-widget__width-initial elementor-widget elementor-widget-fidalgo_core_single_image\" data-id=\"4d2a31f3\" data-element_type=\"widget\" data-widget_type=\"fidalgo_core_single_image.default\">\n\t\t\t\t<div class=\"elementor-widget-container\">\n\t\t\t\t\t<div class=\"qodef-shortcode qodef-m  qodef-single-image qodef-layout--default   qodef--border-radius   qodef--has-appear\" style=\"--qode-border-radius: 0px 200px 0px 0px\">\n\t\t\t<div class=\"qodef-m-image\">\n\t\t\t\t\t\t\t\t<img decoding=\"async\" width=\"900\" height=\"1404\" src=\"https:\/\/nabilamerniz.com\/wp-content\/uploads\/2023\/10\/menu-img3.jpg\" class=\"attachment-full size-full\" alt=\"a\" srcset=\"https:\/\/nabilamerniz.com\/wp-content\/uploads\/2023\/10\/menu-img3.jpg 900w, https:\/\/nabilamerniz.com\/wp-content\/uploads\/2023\/10\/menu-img3-600x936.jpg 600w, https:\/\/nabilamerniz.com\/wp-content\/uploads\/2023\/10\/menu-img3-192x300.jpg 192w, https:\/\/nabilamerniz.com\/wp-content\/uploads\/2023\/10\/menu-img3-656x1024.jpg 656w, https:\/\/nabilamerniz.com\/wp-content\/uploads\/2023\/10\/menu-img3-768x1198.jpg 768w\" sizes=\"(max-width: 900px) 100vw, 900px\" \/>\t\t\t\t\t\t\t<\/div>\n\t\t\t\t\t<\/div>\n\t\t\t\t<\/div>\n\t\t\t\t<\/div>\n\t\t\t\t<\/div>\n\t\t<div class=\"elementor-element elementor-element-29e16bea e-con-full e-flex e-con e-child\" data-id=\"29e16bea\" data-element_type=\"container\">\n\t\t\t\t<div class=\"elementor-element elementor-element-93a06a0 elementor-widget elementor-widget-spacer\" data-id=\"93a06a0\" data-element_type=\"widget\" data-widget_type=\"spacer.default\">\n\t\t\t\t<div class=\"elementor-widget-container\">\n\t\t\t\t\t\t\t<div class=\"elementor-spacer\">\n\t\t\t<div class=\"elementor-spacer-inner\"><\/div>\n\t\t<\/div>\n\t\t\t\t\t\t<\/div>\n\t\t\t\t<\/div>\n\t\t\t\t<div class=\"elementor-element elementor-element-5526cd42 elementor-widget__width-initial elementor-widget elementor-widget-fidalgo_core_section_title\" data-id=\"5526cd42\" data-element_type=\"widget\" data-widget_type=\"fidalgo_core_section_title.default\">\n\t\t\t\t<div class=\"elementor-widget-container\">\n\t\t\t\t\t<div class=\"qodef-shortcode qodef-m  qodef-section-title qodef-alignment--left  qodef-decoration--enabled\">\n\t\t<h3 class=\"qodef-m-title\" >\n\t\t\t\t\tRegenerative medicine\t\t\t<\/h3>\n\t\t<\/div>\n\t\t\t\t<\/div>\n\t\t\t\t<\/div>\n\t\t\t\t<div class=\"elementor-element elementor-element-5ce11c09 elementor-widget__width-initial elementor-widget elementor-widget-fidalgo_core_restaurant_menu_list\" data-id=\"5ce11c09\" data-element_type=\"widget\" data-widget_type=\"fidalgo_core_restaurant_menu_list.default\">\n\t\t\t\t<div class=\"elementor-widget-container\">\n\t\t\t\t\t<div class=\"qodef-shortcode qodef-m  qodef-restaurant-menu-list qodef-restaurant-menu-list--outline   qodef-skin--default qodef-grid qodef-layout--columns   qodef-vertical-gutter--custom qodef-col-num--1 qodef-item-layout--side-by-side   qodef-responsive--custom qodef-col-num--1512--1 qodef-col-num--1368--1 qodef-col-num--1200--1 qodef-col-num--1024--1 qodef-col-num--880--1 qodef-col-num--680--1 qodef-swiper--show-pagination\" style=\"--qode-vertical-gutter-custom: 15px;--qode-vertical-gutter-custom-1512: 15px;--qode-vertical-gutter-custom-1200: 15px;--qode-vertical-gutter-custom-880: 15px\">\n\t<div class=\"qodef-grid-inner\">\n\t\t<div class=\"qodef-e qodef-grid-item \">\n\t<div class=\"qodef-e-inner\">\n\t\t\t\t<div class=\"qodef-e-content\">\n\t\t\t<div class=\"qodef-e-heading\">\n\t\t\t\t<h5 class=\"qodef-e-title\" >\n<a href=\"https:\/\/nabilamerniz.com\/solutions\/bloc-stellaire\/\">Botox pour le traitement de la migraine, c\u00e9phal\u00e9e et bruxisme<\/a><\/h5>\n\t<div class=\"qodef-e-price\">400\u20ac<\/div>\n\t\t\t<\/div>\n\t\t\t\t<p class=\"qodef-e-description\">\n\t\t(Seringue comprise dans la tarification)\t<\/p>\n\t\t<\/div>\n\t<\/div>\n<\/div>\n<div class=\"qodef-e qodef-grid-item \">\n\t<div class=\"qodef-e-inner\">\n\t\t\t\t<div class=\"qodef-e-content\">\n\t\t\t<div class=\"qodef-e-heading\">\n\t\t\t\t<h5 class=\"qodef-e-title\" >\n<a href=\"https:\/\/nabilamerniz.com\/solutions\/soulager-la-douleur-chronique-grace-a-la-radiofrequence\/\">Radiofr\u00e9quence<\/a><\/h5>\n\t<div class=\"qodef-e-price\">550\u20ac<\/div>\n\t\t\t<\/div>\n\t\t\t\t\t<\/div>\n\t<\/div>\n<\/div>\n<div class=\"qodef-e qodef-grid-item \">\n\t<div class=\"qodef-e-inner\">\n\t\t\t\t<div class=\"qodef-e-content\">\n\t\t\t<div class=\"qodef-e-heading\">\n\t\t\t\t<h5 class=\"qodef-e-title\" >\n<a href=\"https:\/\/nabilamerniz.com\/solutions\/traitement-de-la-douleur-par-perfusion-de-ketamine\/\">Perfusion intraveineuse de K\u00e9tamine<\/a><\/h5>\n\t<div class=\"qodef-e-price\">300\u20ac<\/div>\n\t\t\t<\/div>\n\t\t\t\t\t<\/div>\n\t<\/div>\n<\/div>\n<div class=\"qodef-e qodef-grid-item \">\n\t<div class=\"qodef-e-inner\">\n\t\t\t\t<div class=\"qodef-e-content\">\n\t\t\t<div class=\"qodef-e-heading\">\n\t\t\t\t<h5 class=\"qodef-e-title\" >\n<a href=\"https:\/\/nabilamerniz.com\/solutions\/injection-dacide-hyaluronique-dans-le-genou-informations-pour-les-patients\/\">INJECTION ACIDE HYALURONIQUE<\/a><\/h5>\n\t<div class=\"qodef-e-price\">350\u20ac<\/div>\n\t\t\t<\/div>\n\t\t\t\t<p class=\"qodef-e-description\">\n\t\t(Seringue comprise dans la tarification)\t<\/p>\n\t\t<\/div>\n\t<\/div>\n<\/div>\n<div class=\"qodef-e qodef-grid-item \">\n\t<div class=\"qodef-e-inner\">\n\t\t\t\t<div class=\"qodef-e-content\">\n\t\t\t<div class=\"qodef-e-heading\">\n\t\t\t\t<h5 class=\"qodef-e-title\" >\n<a href=\"https:\/\/nabilamerniz.com\/solutions\/patch-de-capsaicine-a-haute-concentration-8-une-solution-pour-la-douleurneuropathique\/\">Traitement topique : Patch de Capsa\u00efcine<\/a><\/h5>\n\t<div class=\"qodef-e-price\">120\u20ac<\/div>\n\t\t\t<\/div>\n\t\t\t\t<p class=\"qodef-e-description\">\n\t\t(patch inclus)\t<\/p>\n\t\t<\/div>\n\t<\/div>\n<\/div>\n\t<\/div>\n<\/div>\n\t\t\t\t<\/div>\n\t\t\t\t<\/div>\n\t\t\t\t<div class=\"elementor-element elementor-element-2ae3b40 elementor-widget elementor-widget-spacer\" data-id=\"2ae3b40\" data-element_type=\"widget\" data-widget_type=\"spacer.default\">\n\t\t\t\t<div class=\"elementor-widget-container\">\n\t\t\t\t\t\t\t<div class=\"elementor-spacer\">\n\t\t\t<div class=\"elementor-spacer-inner\"><\/div>\n\t\t<\/div>\n\t\t\t\t\t\t<\/div>\n\t\t\t\t<\/div>\n\t\t\t\t<div class=\"elementor-element elementor-element-92cc8b2 elementor-widget elementor-widget-text-editor\" data-id=\"92cc8b2\" data-element_type=\"widget\" data-widget_type=\"text-editor.default\">\n\t\t\t\t<div class=\"elementor-widget-container\">\n\t\t\t\t\t\t\t\t\t<p><em>* all services may be covered in part or in full by your mutual insurance company. Talk to your pain doctor   <\/em><\/p>\t\t\t\t\t\t\t\t<\/div>\n\t\t\t\t<\/div>\n\t\t\t\t<\/div>\n\t\t\t\t<\/div>\n\t\t<div class=\"elementor-element elementor-element-5292fc7 e-con-full qodef-elementor-content-grid e-flex e-con e-parent\" data-id=\"5292fc7\" data-element_type=\"container\">\n\t\t<div class=\"elementor-element elementor-element-129d07b e-con-full e-flex e-con e-child\" data-id=\"129d07b\" data-element_type=\"container\">\n\t\t\t\t<div class=\"elementor-element elementor-element-b613f4c elementor-widget__width-initial elementor-widget elementor-widget-fidalgo_core_section_title\" data-id=\"b613f4c\" data-element_type=\"widget\" data-widget_type=\"fidalgo_core_section_title.default\">\n\t\t\t\t<div class=\"elementor-widget-container\">\n\t\t\t\t\t<div class=\"qodef-shortcode qodef-m  qodef-section-title qodef-alignment--left  qodef-decoration--enabled\">\n\t\t<h3 class=\"qodef-m-title\" >\n\t\t\t\t\tAesthetic medicine\t\t\t<\/h3>\n\t\t<\/div>\n\t\t\t\t<\/div>\n\t\t\t\t<\/div>\n\t\t\t\t<div class=\"elementor-element elementor-element-82c3a1f elementor-widget__width-initial elementor-widget elementor-widget-fidalgo_core_restaurant_menu_list\" data-id=\"82c3a1f\" data-element_type=\"widget\" data-widget_type=\"fidalgo_core_restaurant_menu_list.default\">\n\t\t\t\t<div class=\"elementor-widget-container\">\n\t\t\t\t\t<div class=\"qodef-shortcode qodef-m  qodef-restaurant-menu-list qodef-restaurant-menu-list--outline   qodef-skin--default qodef-grid qodef-layout--columns   qodef-vertical-gutter--custom qodef-col-num--1 qodef-item-layout--side-by-side   qodef-responsive--custom qodef-col-num--1512--1 qodef-col-num--1368--1 qodef-col-num--1200--1 qodef-col-num--1024--1 qodef-col-num--880--1 qodef-col-num--680--1 qodef-swiper--show-pagination\" style=\"--qode-vertical-gutter-custom: 15px;--qode-vertical-gutter-custom-1512: 15px;--qode-vertical-gutter-custom-1200: 15px;--qode-vertical-gutter-custom-880: 15px\">\n\t<div class=\"qodef-grid-inner\">\n\t\t<div class=\"qodef-e qodef-grid-item \">\n\t<div class=\"qodef-e-inner\">\n\t\t\t\t<div class=\"qodef-e-content\">\n\t\t\t<div class=\"qodef-e-heading\">\n\t\t\t\t<h5 class=\"qodef-e-title\" >\n\u25ba  <a href=\"https:\/\/nabilamerniz.com\/solutions\/endolift\/\">S\u00e9ance Endolifting\u00ae: Les Bajoues<\/a><\/h5>\n\t<div class=\"qodef-e-price\">500\u20ac<\/div>\n\t\t\t<\/div>\n\t\t\t\t<p class=\"qodef-e-description\">\n\t\tTarif applicable par zone(s) trait\u00e9e(s) : les bajoues \t<\/p>\n\t\t<\/div>\n\t<\/div>\n<\/div>\n<div class=\"qodef-e qodef-grid-item \">\n\t<div class=\"qodef-e-inner\">\n\t\t\t\t<div class=\"qodef-e-content\">\n\t\t\t<div class=\"qodef-e-heading\">\n\t\t\t\t<h5 class=\"qodef-e-title\" >\n\u25ba  <a href=\"https:\/\/nabilamerniz.com\/solutions\/endolift\/\">S\u00e9ance Endolifting\u00ae: Les Bajoues + menton<\/a><\/h5>\n\t<div class=\"qodef-e-price\">700\u20ac<\/div>\n\t\t\t<\/div>\n\t\t\t\t<p class=\"qodef-e-description\">\n\t\tTarif applicable par zone(s) trait\u00e9e(s) : les bajoues  + menton\t<\/p>\n\t\t<\/div>\n\t<\/div>\n<\/div>\n\t<\/div>\n<\/div>\n\t\t\t\t<\/div>\n\t\t\t\t<\/div>\n\t\t\t\t<div class=\"elementor-element elementor-element-60de690 elementor-widget elementor-widget-spacer\" data-id=\"60de690\" data-element_type=\"widget\" data-widget_type=\"spacer.default\">\n\t\t\t\t<div class=\"elementor-widget-container\">\n\t\t\t\t\t\t\t<div class=\"elementor-spacer\">\n\t\t\t<div class=\"elementor-spacer-inner\"><\/div>\n\t\t<\/div>\n\t\t\t\t\t\t<\/div>\n\t\t\t\t<\/div>\n\t\t\t\t<\/div>\n\t\t<div class=\"elementor-element elementor-element-fff40f7 e-con-full e-flex e-con e-child\" data-id=\"fff40f7\" data-element_type=\"container\">\n\t\t\t\t<div class=\"elementor-element elementor-element-e0785c1 elementor-widget__width-initial elementor-widget elementor-widget-fidalgo_core_single_image\" data-id=\"e0785c1\" data-element_type=\"widget\" data-widget_type=\"fidalgo_core_single_image.default\">\n\t\t\t\t<div class=\"elementor-widget-container\">\n\t\t\t\t\t<div class=\"qodef-shortcode qodef-m  qodef-single-image qodef-layout--default   qodef--border-radius   qodef--has-appear\" style=\"--qode-border-radius: 250px 250px 0px 0px\">\n\t\t\t<div class=\"qodef-m-image\">\n\t\t\t\t\t\t\t\t<img fetchpriority=\"high\" decoding=\"async\" width=\"900\" height=\"1352\" src=\"https:\/\/nabilamerniz.com\/wp-content\/uploads\/2023\/10\/menu-img2.jpg\" class=\"attachment-full size-full\" alt=\"a\" srcset=\"https:\/\/nabilamerniz.com\/wp-content\/uploads\/2023\/10\/menu-img2.jpg 900w, https:\/\/nabilamerniz.com\/wp-content\/uploads\/2023\/10\/menu-img2-600x901.jpg 600w, https:\/\/nabilamerniz.com\/wp-content\/uploads\/2023\/10\/menu-img2-200x300.jpg 200w, https:\/\/nabilamerniz.com\/wp-content\/uploads\/2023\/10\/menu-img2-682x1024.jpg 682w, https:\/\/nabilamerniz.com\/wp-content\/uploads\/2023\/10\/menu-img2-768x1154.jpg 768w\" sizes=\"(max-width: 900px) 100vw, 900px\" \/>\t\t\t\t\t\t\t<\/div>\n\t\t\t\t\t<\/div>\n\t\t\t\t<\/div>\n\t\t\t\t<\/div>\n\t\t\t\t<\/div>\n\t\t\t\t<\/div>\n\t\t<div class=\"elementor-element elementor-element-7ed1be62 e-con-full e-flex e-con e-parent\" data-id=\"7ed1be62\" data-element_type=\"container\" data-settings=\"{&quot;background_background&quot;:&quot;classic&quot;}\">\n\t\t\t\t<div class=\"elementor-element elementor-element-595be7d9 elementor-widget elementor-widget-spacer\" data-id=\"595be7d9\" data-element_type=\"widget\" data-widget_type=\"spacer.default\">\n\t\t\t\t<div class=\"elementor-widget-container\">\n\t\t\t\t\t\t\t<div class=\"elementor-spacer\">\n\t\t\t<div class=\"elementor-spacer-inner\"><\/div>\n\t\t<\/div>\n\t\t\t\t\t\t<\/div>\n\t\t\t\t<\/div>\n\t\t\t\t<div class=\"elementor-element elementor-element-2804b61b elementor-cta--skin-classic elementor-animated-content elementor-bg-transform elementor-bg-transform-zoom-in elementor-widget elementor-widget-call-to-action\" data-id=\"2804b61b\" data-element_type=\"widget\" data-widget_type=\"call-to-action.default\">\n\t\t\t\t<div class=\"elementor-widget-container\">\n\t\t\t\t\t\t\t<div class=\"elementor-cta\">\n\t\t\t\t\t<div class=\"elementor-cta__bg-wrapper\">\n\t\t\t\t<div class=\"elementor-cta__bg elementor-bg\" style=\"background-image: url(https:\/\/nabilamerniz.com\/wp-content\/uploads\/2024\/12\/dr_nabila_experte_debut-1024x703.webp);\" role=\"img\" aria-label=\"dr_nabila_experte_debut\"><\/div>\n\t\t\t\t<div class=\"elementor-cta__bg-overlay\"><\/div>\n\t\t\t<\/div>\n\t\t\t\t\t\t\t<div class=\"elementor-cta__content\">\n\t\t\t\t\n\t\t\t\t\t\t\t\t\t<h2 class=\"elementor-cta__title elementor-cta__content-item elementor-content-item\">\n\t\t\t\t\t\tBook on Doctolib\t\t\t\t\t<\/h2>\n\t\t\t\t\n\t\t\t\t\t\t\t\t\t<div class=\"elementor-cta__description elementor-cta__content-item elementor-content-item\">\n\t\t\t\t\t\tBook the exact day and time of your appointment\t\t\t\t\t<\/div>\n\t\t\t\t\n\t\t\t\t\t\t\t\t\t<div class=\"elementor-cta__button-wrapper elementor-cta__content-item elementor-content-item \">\n\t\t\t\t\t<a class=\"elementor-cta__button elementor-button elementor-size-\" href=\"https:\/\/www.doctolib.fr\/medecin-de-la-douleur\/paris\/nabila-merniz\/booking\/places?specialityId=15&#038;telehealth=false&#038;profile_skipped=true&#038;bookingFunnelSource=external_referral\" target=\"_blank\">\n\t\t\t\t\t\tI help myself, I relieve myself, I make an appointment!\t\t\t\t\t<\/a>\n\t\t\t\t\t<\/div>\n\t\t\t\t\t\t\t<\/div>\n\t\t\t\t\t\t<\/div>\n\t\t\t\t\t\t<\/div>\n\t\t\t\t<\/div>\n\t\t\t\t<div class=\"elementor-element elementor-element-381ef0d7 elementor-widget elementor-widget-spacer\" data-id=\"381ef0d7\" data-element_type=\"widget\" data-widget_type=\"spacer.default\">\n\t\t\t\t<div class=\"elementor-widget-container\">\n\t\t\t\t\t\t\t<div class=\"elementor-spacer\">\n\t\t\t<div class=\"elementor-spacer-inner\"><\/div>\n\t\t<\/div>\n\t\t\t\t\t\t<\/div>\n\t\t\t\t<\/div>\n\t\t\t\t<\/div>\n\t\t\t\t<\/div>\n\t\t","protected":false},"excerpt":{"rendered":"<p>Our solutions Techniques used \/ Rates Regenerative medicine PLASMA RICHE EN PLAQUETTE : PRP \u00e9choguid\u00e9e 400\u20ac \u25cf Injections dans les articulations et les bourses du genou, de l\u2019\u00e9paule, de la hanche et d\u2019autres articulations p\u00e9riph\u00e9riques et toutes les tendinopathies \u00e0 l\u2019aide de l\u2019\u00e9chographie. \u25cf Injections dans l\u2019articulation sacro-iliaque pour les douleurs du dos et des [&hellip;]<\/p>\n","protected":false},"author":2,"featured_media":15399,"parent":0,"menu_order":0,"comment_status":"closed","ping_status":"closed","template":"page-full-width.php","meta":{"footnotes":""},"class_list":["post-15357","page","type-page","status-publish","has-post-thumbnail","hentry"],"_links":{"self":[{"href":"https:\/\/nabilamerniz.com\/en\/wp-json\/wp\/v2\/pages\/15357","targetHints":{"allow":["GET"]}}],"collection":[{"href":"https:\/\/nabilamerniz.com\/en\/wp-json\/wp\/v2\/pages"}],"about":[{"href":"https:\/\/nabilamerniz.com\/en\/wp-json\/wp\/v2\/types\/page"}],"author":[{"embeddable":true,"href":"https:\/\/nabilamerniz.com\/en\/wp-json\/wp\/v2\/users\/2"}],"replies":[{"embeddable":true,"href":"https:\/\/nabilamerniz.com\/en\/wp-json\/wp\/v2\/comments?post=15357"}],"version-history":[{"count":1,"href":"https:\/\/nabilamerniz.com\/en\/wp-json\/wp\/v2\/pages\/15357\/revisions"}],"predecessor-version":[{"id":15359,"href":"https:\/\/nabilamerniz.com\/en\/wp-json\/wp\/v2\/pages\/15357\/revisions\/15359"}],"wp:featuredmedia":[{"embeddable":true,"href":"https:\/\/nabilamerniz.com\/en\/wp-json\/wp\/v2\/media\/15399"}],"wp:attachment":[{"href":"https:\/\/nabilamerniz.com\/en\/wp-json\/wp\/v2\/media?parent=15357"}],"curies":[{"name":"wp","href":"https:\/\/api.w.org\/{rel}","templated":true}]}}