{"id":15362,"date":"2025-02-09T17:27:44","date_gmt":"2025-02-09T17:27:44","guid":{"rendered":"https:\/\/nabilamerniz.com\/pelviperineal-pain\/"},"modified":"2025-03-10T15:46:11","modified_gmt":"2025-03-10T15:46:11","slug":"pelviperineal-pain","status":"publish","type":"page","link":"https:\/\/nabilamerniz.com\/en\/pelviperineal-pain\/","title":{"rendered":"pelviperineal pain"},"content":{"rendered":"\t\t<div data-elementor-type=\"wp-page\" data-elementor-id=\"15362\" class=\"elementor elementor-15362 elementor-14039\" data-elementor-post-type=\"page\">\n\t\t\t\t<div class=\"elementor-element elementor-element-1c508d56 e-con-full e-flex e-con e-parent\" data-id=\"1c508d56\" data-element_type=\"container\">\n\t\t<div class=\"elementor-element elementor-element-68ab83b9 e-con-full e-flex e-con e-child\" data-id=\"68ab83b9\" data-element_type=\"container\" data-settings=\"{&quot;background_background&quot;:&quot;classic&quot;}\">\n\t\t\t\t<div class=\"elementor-element elementor-element-2b439f13 elementor-widget elementor-widget-fidalgo_core_info_section\" data-id=\"2b439f13\" data-element_type=\"widget\" data-widget_type=\"fidalgo_core_info_section.default\">\n\t\t\t\t<div class=\"elementor-widget-container\">\n\t\t\t\t\t<div class=\"qodef-shortcode qodef-m  qodef-info-section qodef-layout--background-text  qodef-background-text-pos--top-left \">\n    <div class=\"qodef-m-info\">\n        <div class=\"qodef-m-title-holder\">\n                        \t<h1 class=\"qodef-m-title\" >\n\t\tpelviperineal pain\t<\/h1>\n        <\/div>\n        <div class=\"qodef-m-text-holder\" style=\"margin-top: 10px\">\n            <div class=\"qodef-m-text-info\">\n        <div class=\"qodef-m-text\" ><h6 style=\"text-align: center\">suffering that often goes unrecognized<\/h6><\/div>\n    <\/div>\n        <\/div>\n\t\t\t<\/div>\n<\/div>\t\t\t\t<\/div>\n\t\t\t\t<\/div>\n\t\t\t\t<\/div>\n\t\t\t\t<\/div>\n\t\t<div class=\"elementor-element elementor-element-5477b6e2 e-con-full qodef-elementor-content-grid e-flex e-con e-parent\" data-id=\"5477b6e2\" data-element_type=\"container\">\n\t\t<div class=\"elementor-element elementor-element-4e516e69 e-con-full e-flex e-con e-child\" data-id=\"4e516e69\" data-element_type=\"container\">\n\t\t\t\t<div class=\"elementor-element elementor-element-5de8ad1e elementor-widget__width-initial elementor-widget elementor-widget-fidalgo_core_single_image\" data-id=\"5de8ad1e\" data-element_type=\"widget\" data-widget_type=\"fidalgo_core_single_image.default\">\n\t\t\t\t<div class=\"elementor-widget-container\">\n\t\t\t\t\t<div class=\"qodef-shortcode qodef-m  qodef-single-image qodef-layout--default   qodef--border-radius   qodef--has-appear\" style=\"--qode-border-radius: 0px 0px 200px 0px\">\n\t\t\t<div class=\"qodef-m-image\">\n\t\t\t\t\t\t\t\t<img fetchpriority=\"high\" decoding=\"async\" width=\"900\" height=\"1404\" src=\"https:\/\/nabilamerniz.com\/wp-content\/uploads\/2025\/02\/douleurs_pelviperinales_2.webp\" class=\"attachment-full size-full\" alt=\"\" srcset=\"https:\/\/nabilamerniz.com\/wp-content\/uploads\/2025\/02\/douleurs_pelviperinales_2.webp 900w, https:\/\/nabilamerniz.com\/wp-content\/uploads\/2025\/02\/douleurs_pelviperinales_2-192x300.webp 192w, https:\/\/nabilamerniz.com\/wp-content\/uploads\/2025\/02\/douleurs_pelviperinales_2-656x1024.webp 656w, https:\/\/nabilamerniz.com\/wp-content\/uploads\/2025\/02\/douleurs_pelviperinales_2-768x1198.webp 768w\" sizes=\"(max-width: 900px) 100vw, 900px\" \/>\t\t\t\t\t\t\t<\/div>\n\t\t\t\t\t<\/div>\n\t\t\t\t<\/div>\n\t\t\t\t<\/div>\n\t\t\t\t<\/div>\n\t\t<div class=\"elementor-element elementor-element-688ce9f6 e-con-full e-flex e-con e-child\" data-id=\"688ce9f6\" data-element_type=\"container\">\n\t\t\t\t<div class=\"elementor-element elementor-element-71ee3320 elementor-widget__width-initial elementor-widget elementor-widget-fidalgo_core_section_title\" data-id=\"71ee3320\" data-element_type=\"widget\" data-widget_type=\"fidalgo_core_section_title.default\">\n\t\t\t\t<div class=\"elementor-widget-container\">\n\t\t\t\t\t<div class=\"qodef-shortcode qodef-m  qodef-section-title qodef-alignment--left  qodef-decoration--enabled\">\n\t\t<h3 class=\"qodef-m-title\" >\n\t\t\t\t\tTreated types\t\t\t<\/h3>\n\t\t<\/div>\n\t\t\t\t<\/div>\n\t\t\t\t<\/div>\n\t\t\t\t<div class=\"elementor-element elementor-element-72c30ce5 elementor-widget__width-initial elementor-widget elementor-widget-fidalgo_core_restaurant_menu_list\" data-id=\"72c30ce5\" data-element_type=\"widget\" data-widget_type=\"fidalgo_core_restaurant_menu_list.default\">\n\t\t\t\t<div class=\"elementor-widget-container\">\n\t\t\t\t\t<div class=\"qodef-shortcode qodef-m  qodef-restaurant-menu-list qodef-restaurant-menu-list--outline   qodef-skin--default qodef-grid qodef-layout--columns   qodef-vertical-gutter--custom qodef-col-num--1 qodef-item-layout--side-by-side   qodef-responsive--custom qodef-col-num--1512--1 qodef-col-num--1368--1 qodef-col-num--1200--1 qodef-col-num--1024--1 qodef-col-num--880--1 qodef-col-num--680--1 qodef-swiper--show-pagination\" style=\"--qode-vertical-gutter-custom: 15px;--qode-vertical-gutter-custom-1512: 15px;--qode-vertical-gutter-custom-1200: 15px;--qode-vertical-gutter-custom-880: 15px\">\n\t<div class=\"qodef-grid-inner\">\n\t\t<div class=\"qodef-e qodef-grid-item \">\n\t<div class=\"qodef-e-inner\">\n\t\t\t\t<div class=\"qodef-e-content\">\n\t\t\t<div class=\"qodef-e-heading\">\n\t\t\t\t<h5 class=\"qodef-e-title\" >\n\u25ba <a href=\"https:\/\/nabilamerniz.com\/douleurs\/douleur-et-endometriose-comprendre-les-mecanismes\/\">Coccygodynie<\/a><\/h5>\n\t\t\t<\/div>\n\t\t\t\t<p class=\"qodef-e-description\">\n\t\tC&#039;est une douleur chronique localis\u00e9e au niveau du coccyx, souvent d\u00e9clench\u00e9e par une chute, une position assise prolong\u00e9e ou un accouchement. Cette douleur peut g\u00eaner les mouvements et les activit\u00e9s quotidiennes. \t<\/p>\n\t\t<\/div>\n\t<\/div>\n<\/div>\n<div class=\"qodef-e qodef-grid-item \">\n\t<div class=\"qodef-e-inner\">\n\t\t\t\t<div class=\"qodef-e-content\">\n\t\t\t<div class=\"qodef-e-heading\">\n\t\t\t\t<h5 class=\"qodef-e-title\" >\n\u25ba Cystites interstitielles<\/h5>\n\t\t\t<\/div>\n\t\t\t\t<p class=\"qodef-e-description\">\n\t\tLa cystite interstitielle, ou syndrome de la vessie douloureuse, est une inflammation chronique de la paroi v\u00e9sicale provoquant des douleurs pelviennes, une envie fr\u00e9quente d&#039;uriner et une g\u00eane au quotidien. Cette pathologie, souvent confondue avec une infection urinaire, n&#039;a pas d&#039;origine bact\u00e9rienne.\t<\/p>\n\t\t<\/div>\n\t<\/div>\n<\/div>\n<div class=\"qodef-e qodef-grid-item \">\n\t<div class=\"qodef-e-inner\">\n\t\t\t\t<div class=\"qodef-e-content\">\n\t\t\t<div class=\"qodef-e-heading\">\n\t\t\t\t<h5 class=\"qodef-e-title\" >\n\u25ba Vulvo vaginite<\/h5>\n\t\t\t<\/div>\n\t\t\t\t<p class=\"qodef-e-description\">\n\t\tUne inflammation de la vulve et du vagin pouvant entra\u00eener des d\u00e9mangeaisons, des douleurs, des rougeurs et des pertes vaginales anormales. Elle peut \u00eatre caus\u00e9e par des infections bact\u00e9riennes, fongiques ou des irritants externes.\t<\/p>\n\t\t<\/div>\n\t<\/div>\n<\/div>\n<div class=\"qodef-e qodef-grid-item \">\n\t<div class=\"qodef-e-inner\">\n\t\t\t\t<div class=\"qodef-e-content\">\n\t\t\t<div class=\"qodef-e-heading\">\n\t\t\t\t<h5 class=\"qodef-e-title\" >\n\u25ba Vaginisme<\/h5>\n\t\t\t<\/div>\n\t\t\t\t<p class=\"qodef-e-description\">\n\t\tUne contraction involontaire des muscles du vagin rendant les rapports sexuels, les examens gyn\u00e9cologiques ou l\u2019insertion de tampons douloureux, voire impossibles. Cette affection peut avoir des causes psychologiques ou physiques.\t<\/p>\n\t\t<\/div>\n\t<\/div>\n<\/div>\n\t<\/div>\n<\/div>\n\t\t\t\t<\/div>\n\t\t\t\t<\/div>\n\t\t\t\t<\/div>\n\t\t\t\t<\/div>\n\t\t<div class=\"elementor-element elementor-element-3bc39a7 e-con-full e-flex e-con e-parent\" data-id=\"3bc39a7\" data-element_type=\"container\" data-settings=\"{&quot;background_background&quot;:&quot;classic&quot;}\">\n\t\t\t\t<div class=\"elementor-element elementor-element-1fa0e759 elementor-widget elementor-widget-spacer\" data-id=\"1fa0e759\" data-element_type=\"widget\" data-widget_type=\"spacer.default\">\n\t\t\t\t<div class=\"elementor-widget-container\">\n\t\t\t\t\t\t\t<div class=\"elementor-spacer\">\n\t\t\t<div class=\"elementor-spacer-inner\"><\/div>\n\t\t<\/div>\n\t\t\t\t\t\t<\/div>\n\t\t\t\t<\/div>\n\t\t\t\t<div class=\"elementor-element elementor-element-70f60080 elementor-cta--skin-classic elementor-animated-content elementor-bg-transform elementor-bg-transform-zoom-in elementor-widget elementor-widget-call-to-action\" data-id=\"70f60080\" data-element_type=\"widget\" data-widget_type=\"call-to-action.default\">\n\t\t\t\t<div class=\"elementor-widget-container\">\n\t\t\t\t\t\t\t<div class=\"elementor-cta\">\n\t\t\t\t\t<div class=\"elementor-cta__bg-wrapper\">\n\t\t\t\t<div class=\"elementor-cta__bg elementor-bg\" style=\"background-image: url(https:\/\/nabilamerniz.com\/wp-content\/uploads\/2024\/12\/dr_nabila_experte_debut-1024x703.webp);\" role=\"img\" aria-label=\"dr_nabila_experte_debut\"><\/div>\n\t\t\t\t<div class=\"elementor-cta__bg-overlay\"><\/div>\n\t\t\t<\/div>\n\t\t\t\t\t\t\t<div class=\"elementor-cta__content\">\n\t\t\t\t\n\t\t\t\t\t\t\t\t\t<h2 class=\"elementor-cta__title elementor-cta__content-item elementor-content-item\">\n\t\t\t\t\t\tBook on Doctolib\t\t\t\t\t<\/h2>\n\t\t\t\t\n\t\t\t\t\t\t\t\t\t<div class=\"elementor-cta__description elementor-cta__content-item elementor-content-item\">\n\t\t\t\t\t\tBook the exact day and time of your appointment\t\t\t\t\t<\/div>\n\t\t\t\t\n\t\t\t\t\t\t\t\t\t<div class=\"elementor-cta__button-wrapper elementor-cta__content-item elementor-content-item \">\n\t\t\t\t\t<a class=\"elementor-cta__button elementor-button elementor-size-\" href=\"https:\/\/www.doctolib.fr\/medecin-de-la-douleur\/paris\/nabila-merniz\/booking\/places?specialityId=15&#038;telehealth=false&#038;profile_skipped=true&#038;bookingFunnelSource=external_referral\" target=\"_blank\">\n\t\t\t\t\t\tMy Appointment\t\t\t\t\t<\/a>\n\t\t\t\t\t<\/div>\n\t\t\t\t\t\t\t<\/div>\n\t\t\t\t\t\t<\/div>\n\t\t\t\t\t\t<\/div>\n\t\t\t\t<\/div>\n\t\t\t\t<div class=\"elementor-element elementor-element-3c93f96 elementor-widget elementor-widget-spacer\" data-id=\"3c93f96\" data-element_type=\"widget\" data-widget_type=\"spacer.default\">\n\t\t\t\t<div class=\"elementor-widget-container\">\n\t\t\t\t\t\t\t<div class=\"elementor-spacer\">\n\t\t\t<div class=\"elementor-spacer-inner\"><\/div>\n\t\t<\/div>\n\t\t\t\t\t\t<\/div>\n\t\t\t\t<\/div>\n\t\t\t\t<\/div>\n\t\t\t\t<\/div>\n\t\t","protected":false},"excerpt":{"rendered":"<p>pelviperineal pain suffering that often goes unrecognized Treated types \u25ba Coccygodynie C&#039;est une douleur chronique localis\u00e9e au niveau du coccyx, souvent d\u00e9clench\u00e9e par une chute, une position assise prolong\u00e9e ou un accouchement. Cette douleur peut g\u00eaner les mouvements et les activit\u00e9s quotidiennes. \u25ba Cystites interstitielles La cystite interstitielle, ou syndrome de la vessie douloureuse, est [&hellip;]<\/p>\n","protected":false},"author":2,"featured_media":15397,"parent":0,"menu_order":0,"comment_status":"closed","ping_status":"closed","template":"page-full-width.php","meta":{"footnotes":""},"class_list":["post-15362","page","type-page","status-publish","has-post-thumbnail","hentry"],"_links":{"self":[{"href":"https:\/\/nabilamerniz.com\/en\/wp-json\/wp\/v2\/pages\/15362","targetHints":{"allow":["GET"]}}],"collection":[{"href":"https:\/\/nabilamerniz.com\/en\/wp-json\/wp\/v2\/pages"}],"about":[{"href":"https:\/\/nabilamerniz.com\/en\/wp-json\/wp\/v2\/types\/page"}],"author":[{"embeddable":true,"href":"https:\/\/nabilamerniz.com\/en\/wp-json\/wp\/v2\/users\/2"}],"replies":[{"embeddable":true,"href":"https:\/\/nabilamerniz.com\/en\/wp-json\/wp\/v2\/comments?post=15362"}],"version-history":[{"count":1,"href":"https:\/\/nabilamerniz.com\/en\/wp-json\/wp\/v2\/pages\/15362\/revisions"}],"predecessor-version":[{"id":15363,"href":"https:\/\/nabilamerniz.com\/en\/wp-json\/wp\/v2\/pages\/15362\/revisions\/15363"}],"wp:featuredmedia":[{"embeddable":true,"href":"https:\/\/nabilamerniz.com\/en\/wp-json\/wp\/v2\/media\/15397"}],"wp:attachment":[{"href":"https:\/\/nabilamerniz.com\/en\/wp-json\/wp\/v2\/media?parent=15362"}],"curies":[{"name":"wp","href":"https:\/\/api.w.org\/{rel}","templated":true}]}}